{"id":23851,"date":"2023-07-14T16:10:41","date_gmt":"2023-07-14T20:10:41","guid":{"rendered":"https:\/\/habcomfg.com\/?post_type=product&#038;p=23851"},"modified":"2025-07-10T11:57:19","modified_gmt":"2025-07-10T15:57:19","slug":"se24hcsx","status":"publish","type":"product","link":"https:\/\/habcomfg.com\/fr\/product\/se24hcsx\/","title":{"rendered":"SE24HCSX"},"content":{"rendered":"<div class=\"fusion-fullwidth fullwidth-box fusion-builder-row-1 fusion-flex-container nonhundred-percent-fullwidth non-hundred-percent-height-scrolling\" style=\"--awb-border-radius-top-left:0px;--awb-border-radius-top-right:0px;--awb-border-radius-bottom-right:0px;--awb-border-radius-bottom-left:0px;--awb-padding-top:0px;--awb-padding-right:0px;--awb-padding-bottom:0px;--awb-padding-left:0px;--awb-margin-top:0px;--awb-margin-bottom:0px;--awb-flex-wrap:wrap;\" ><div class=\"fusion-builder-row fusion-row fusion-flex-align-items-flex-start fusion-flex-content-wrap\" style=\"max-width:1216.8px;margin-left: calc(-4% \/ 2 );margin-right: calc(-4% \/ 2 );\"><div class=\"fusion-layout-column fusion_builder_column fusion-builder-column-0 fusion_builder_column_1_1 1_1 fusion-flex-column\" style=\"--awb-bg-size:cover;--awb-width-large:100%;--awb-margin-top-large:0px;--awb-spacing-right-large:1.92%;--awb-margin-bottom-large:0px;--awb-spacing-left-large:1.92%;--awb-width-medium:100%;--awb-spacing-right-medium:1.92%;--awb-spacing-left-medium:1.92%;--awb-width-small:100%;--awb-spacing-right-small:1.92%;--awb-spacing-left-small:1.92%;\"><div class=\"fusion-column-wrapper fusion-flex-justify-content-flex-start fusion-content-layout-column\"><div class=\"fusion-text fusion-text-1\"><p>** Ajouter 1\u2033 (26mm) pour le cordon d&rsquo;alimentation.<br \/>\n*** Ajoutez 3\/8\u2033 (10 mm) pour les niveleurs \u00e0 filetage. Millim\u00e8tres arrondis.<\/p>\n<\/div><div ><a class=\"fusion-button button-flat fusion-button-default-size button-default fusion-button-default button-1 fusion-button-default-span fusion-button-default-type display-none\" style=\"--button-border-radius-top-left:0px;--button-border-radius-top-right:0px;--button-border-radius-bottom-right:0px;--button-border-radius-bottom-left:0px;\" target=\"_blank\" rel=\"noopener noreferrer\" href=\"#\"><span class=\"fusion-button-text awb-button__text awb-button__text--default\">T\u00e9l\u00e9charger le mod\u00e8le de graphique<\/span><\/a><\/div><\/div><\/div><\/div><\/div>\n","protected":false},"excerpt":{"rendered":"<p>R\u00e9frig\u00e9rateur con\u00e7u pour le stockage \u00e0 froid de grande capacit\u00e9. Id\u00e9al pour les installations n\u00e9cessitant un plus grand volume de produit froid \u00e0 port\u00e9e de main. Solid Stainless Steel Xterior\u2122 promeut une image propre et professionnelle. Authentiquement \u00e0 respiration frontale, ce mod\u00e8le peut \u00eatre int\u00e9gr\u00e9 en haut, en bas, \u00e0 l&rsquo;arri\u00e8re et des deux c\u00f4t\u00e9s.<\/p>\n","protected":false},"featured_media":27006,"comment_status":"open","ping_status":"closed","template":"","meta":{"_acf_changed":false},"product_brand":[],"product_cat":[173,109],"product_tag":[],"class_list":{"0":"post-23851","1":"product","2":"type-product","3":"status-publish","4":"has-post-thumbnail","6":"product_cat-foodservices-fr","7":"product_cat-reach-in-refrigerators","9":"first","10":"instock","11":"shipping-taxable","12":"product-type-simple"},"acf":[],"yoast_head":"<!-- This site is optimized with the Yoast SEO plugin v27.3 - https:\/\/yoast.com\/product\/yoast-seo-wordpress\/ -->\n<title>SE24HCSX Refroidisseur de niveau pharmaceutique | HABCO<\/title>\n<meta name=\"description\" content=\"Ce r\u00e9frig\u00e9rateur pharmaceutique HABCO (SE24HC SX) est \u00e9quip\u00e9 d&#039;un contr\u00f4leur num\u00e9rique \u00e9conome en \u00e9nergie et d&#039;une alarme pour la protection des produits.\" \/>\n<meta name=\"robots\" content=\"index, follow, max-snippet:-1, max-image-preview:large, max-video-preview:-1\" \/>\n<link rel=\"canonical\" href=\"https:\/\/habcomfg.com\/fr\/product\/se24hcsx\/\" \/>\n<meta property=\"og:locale\" content=\"fr_FR\" \/>\n<meta property=\"og:type\" content=\"article\" \/>\n<meta property=\"og:title\" content=\"SE24HCSX Refroidisseur de niveau pharmaceutique | HABCO\" \/>\n<meta property=\"og:description\" content=\"Ce r\u00e9frig\u00e9rateur pharmaceutique HABCO (SE24HC SX) est \u00e9quip\u00e9 d&#039;un contr\u00f4leur num\u00e9rique \u00e9conome en \u00e9nergie et d&#039;une alarme pour la protection des produits.\" \/>\n<meta property=\"og:url\" content=\"https:\/\/habcomfg.com\/fr\/product\/se24hcsx\/\" \/>\n<meta property=\"og:site_name\" content=\"Habco Manufacturing\" \/>\n<meta property=\"article:modified_time\" content=\"2025-07-10T15:57:19+00:00\" \/>\n<meta property=\"og:image\" content=\"https:\/\/habcomfg.com\/wp-content\/uploads\/2023\/07\/SE24HCSX_Fridge_3_4.jpg\" \/>\n\t<meta property=\"og:image:width\" content=\"997\" \/>\n\t<meta property=\"og:image:height\" content=\"1500\" \/>\n\t<meta property=\"og:image:type\" content=\"image\/jpeg\" \/>\n<meta name=\"twitter:card\" content=\"summary_large_image\" \/>\n<meta name=\"twitter:label1\" content=\"Dur\u00e9e de lecture estim\u00e9e\" \/>\n\t<meta name=\"twitter:data1\" content=\"1 minute\" \/>\n<script type=\"application\/ld+json\" class=\"yoast-schema-graph\">{\"@context\":\"https:\\\/\\\/schema.org\",\"@graph\":[{\"@type\":\"WebPage\",\"@id\":\"https:\\\/\\\/habcomfg.com\\\/fr\\\/product\\\/se24hcsx\\\/\",\"url\":\"https:\\\/\\\/habcomfg.com\\\/fr\\\/product\\\/se24hcsx\\\/\",\"name\":\"SE24HCSX Refroidisseur de niveau pharmaceutique | HABCO\",\"isPartOf\":{\"@id\":\"https:\\\/\\\/habcomfg.com\\\/fr\\\/#website\"},\"primaryImageOfPage\":{\"@id\":\"https:\\\/\\\/habcomfg.com\\\/fr\\\/product\\\/se24hcsx\\\/#primaryimage\"},\"image\":{\"@id\":\"https:\\\/\\\/habcomfg.com\\\/fr\\\/product\\\/se24hcsx\\\/#primaryimage\"},\"thumbnailUrl\":\"https:\\\/\\\/habcomfg.com\\\/wp-content\\\/uploads\\\/2023\\\/07\\\/SE24HCSA_white-background.png\",\"datePublished\":\"2023-07-14T20:10:41+00:00\",\"dateModified\":\"2025-07-10T15:57:19+00:00\",\"description\":\"Ce r\u00e9frig\u00e9rateur pharmaceutique HABCO (SE24HC SX) est \u00e9quip\u00e9 d'un contr\u00f4leur num\u00e9rique \u00e9conome en \u00e9nergie et d'une alarme pour la protection des produits.\",\"breadcrumb\":{\"@id\":\"https:\\\/\\\/habcomfg.com\\\/fr\\\/product\\\/se24hcsx\\\/#breadcrumb\"},\"inLanguage\":\"fr-FR\",\"potentialAction\":[{\"@type\":\"ReadAction\",\"target\":[\"https:\\\/\\\/habcomfg.com\\\/fr\\\/product\\\/se24hcsx\\\/\"]}]},{\"@type\":\"ImageObject\",\"inLanguage\":\"fr-FR\",\"@id\":\"https:\\\/\\\/habcomfg.com\\\/fr\\\/product\\\/se24hcsx\\\/#primaryimage\",\"url\":\"https:\\\/\\\/habcomfg.com\\\/wp-content\\\/uploads\\\/2023\\\/07\\\/SE24HCSA_white-background.png\",\"contentUrl\":\"https:\\\/\\\/habcomfg.com\\\/wp-content\\\/uploads\\\/2023\\\/07\\\/SE24HCSA_white-background.png\",\"width\":\"847\",\"height\":\"1269\"},{\"@type\":\"BreadcrumbList\",\"@id\":\"https:\\\/\\\/habcomfg.com\\\/fr\\\/product\\\/se24hcsx\\\/#breadcrumb\",\"itemListElement\":[{\"@type\":\"ListItem\",\"position\":1,\"name\":\"Home\",\"item\":\"https:\\\/\\\/habcomfg.com\\\/fr\\\/\"},{\"@type\":\"ListItem\",\"position\":2,\"name\":\"Shop\",\"item\":\"https:\\\/\\\/habcomfg.com\\\/shop\\\/\"},{\"@type\":\"ListItem\",\"position\":3,\"name\":\"SE24HCSX\"}]},{\"@type\":\"WebSite\",\"@id\":\"https:\\\/\\\/habcomfg.com\\\/fr\\\/#website\",\"url\":\"https:\\\/\\\/habcomfg.com\\\/fr\\\/\",\"name\":\"Habco Manufacturing\",\"description\":\"Commercial Refrigerators &amp; Freezers\",\"potentialAction\":[{\"@type\":\"SearchAction\",\"target\":{\"@type\":\"EntryPoint\",\"urlTemplate\":\"https:\\\/\\\/habcomfg.com\\\/fr\\\/?s={search_term_string}\"},\"query-input\":{\"@type\":\"PropertyValueSpecification\",\"valueRequired\":true,\"valueName\":\"search_term_string\"}}],\"inLanguage\":\"fr-FR\"}]}<\/script>\n<!-- \/ Yoast SEO plugin. -->","yoast_head_json":{"title":"SE24HCSX Refroidisseur de niveau pharmaceutique | HABCO","description":"Ce r\u00e9frig\u00e9rateur pharmaceutique HABCO (SE24HC SX) est \u00e9quip\u00e9 d'un contr\u00f4leur num\u00e9rique \u00e9conome en \u00e9nergie et d'une alarme pour la protection des produits.","robots":{"index":"index","follow":"follow","max-snippet":"max-snippet:-1","max-image-preview":"max-image-preview:large","max-video-preview":"max-video-preview:-1"},"canonical":"https:\/\/habcomfg.com\/fr\/product\/se24hcsx\/","og_locale":"fr_FR","og_type":"article","og_title":"SE24HCSX Refroidisseur de niveau pharmaceutique | HABCO","og_description":"Ce r\u00e9frig\u00e9rateur pharmaceutique HABCO (SE24HC SX) est \u00e9quip\u00e9 d'un contr\u00f4leur num\u00e9rique \u00e9conome en \u00e9nergie et d'une alarme pour la protection des produits.","og_url":"https:\/\/habcomfg.com\/fr\/product\/se24hcsx\/","og_site_name":"Habco Manufacturing","article_modified_time":"2025-07-10T15:57:19+00:00","og_image":[{"width":997,"height":1500,"url":"https:\/\/habcomfg.com\/wp-content\/uploads\/2023\/07\/SE24HCSX_Fridge_3_4.jpg","type":"image\/jpeg"}],"twitter_card":"summary_large_image","twitter_misc":{"Dur\u00e9e de lecture estim\u00e9e":"1 minute"},"schema":{"@context":"https:\/\/schema.org","@graph":[{"@type":"WebPage","@id":"https:\/\/habcomfg.com\/fr\/product\/se24hcsx\/","url":"https:\/\/habcomfg.com\/fr\/product\/se24hcsx\/","name":"SE24HCSX Refroidisseur de niveau pharmaceutique | HABCO","isPartOf":{"@id":"https:\/\/habcomfg.com\/fr\/#website"},"primaryImageOfPage":{"@id":"https:\/\/habcomfg.com\/fr\/product\/se24hcsx\/#primaryimage"},"image":{"@id":"https:\/\/habcomfg.com\/fr\/product\/se24hcsx\/#primaryimage"},"thumbnailUrl":"https:\/\/habcomfg.com\/wp-content\/uploads\/2023\/07\/SE24HCSA_white-background.png","datePublished":"2023-07-14T20:10:41+00:00","dateModified":"2025-07-10T15:57:19+00:00","description":"Ce r\u00e9frig\u00e9rateur pharmaceutique HABCO (SE24HC SX) est \u00e9quip\u00e9 d'un contr\u00f4leur num\u00e9rique \u00e9conome en \u00e9nergie et d'une alarme pour la protection des produits.","breadcrumb":{"@id":"https:\/\/habcomfg.com\/fr\/product\/se24hcsx\/#breadcrumb"},"inLanguage":"fr-FR","potentialAction":[{"@type":"ReadAction","target":["https:\/\/habcomfg.com\/fr\/product\/se24hcsx\/"]}]},{"@type":"ImageObject","inLanguage":"fr-FR","@id":"https:\/\/habcomfg.com\/fr\/product\/se24hcsx\/#primaryimage","url":"https:\/\/habcomfg.com\/wp-content\/uploads\/2023\/07\/SE24HCSA_white-background.png","contentUrl":"https:\/\/habcomfg.com\/wp-content\/uploads\/2023\/07\/SE24HCSA_white-background.png","width":"847","height":"1269"},{"@type":"BreadcrumbList","@id":"https:\/\/habcomfg.com\/fr\/product\/se24hcsx\/#breadcrumb","itemListElement":[{"@type":"ListItem","position":1,"name":"Home","item":"https:\/\/habcomfg.com\/fr\/"},{"@type":"ListItem","position":2,"name":"Shop","item":"https:\/\/habcomfg.com\/shop\/"},{"@type":"ListItem","position":3,"name":"SE24HCSX"}]},{"@type":"WebSite","@id":"https:\/\/habcomfg.com\/fr\/#website","url":"https:\/\/habcomfg.com\/fr\/","name":"Habco Manufacturing","description":"Commercial Refrigerators &amp; Freezers","potentialAction":[{"@type":"SearchAction","target":{"@type":"EntryPoint","urlTemplate":"https:\/\/habcomfg.com\/fr\/?s={search_term_string}"},"query-input":{"@type":"PropertyValueSpecification","valueRequired":true,"valueName":"search_term_string"}}],"inLanguage":"fr-FR"}]}},"_links":{"self":[{"href":"https:\/\/habcomfg.com\/fr\/wp-json\/wp\/v2\/product\/23851","targetHints":{"allow":["GET"]}}],"collection":[{"href":"https:\/\/habcomfg.com\/fr\/wp-json\/wp\/v2\/product"}],"about":[{"href":"https:\/\/habcomfg.com\/fr\/wp-json\/wp\/v2\/types\/product"}],"replies":[{"embeddable":true,"href":"https:\/\/habcomfg.com\/fr\/wp-json\/wp\/v2\/comments?post=23851"}],"wp:featuredmedia":[{"embeddable":true,"href":"https:\/\/habcomfg.com\/fr\/wp-json\/wp\/v2\/media\/27006"}],"wp:attachment":[{"href":"https:\/\/habcomfg.com\/fr\/wp-json\/wp\/v2\/media?parent=23851"}],"wp:term":[{"taxonomy":"product_brand","embeddable":true,"href":"https:\/\/habcomfg.com\/fr\/wp-json\/wp\/v2\/product_brand?post=23851"},{"taxonomy":"product_cat","embeddable":true,"href":"https:\/\/habcomfg.com\/fr\/wp-json\/wp\/v2\/product_cat?post=23851"},{"taxonomy":"product_tag","embeddable":true,"href":"https:\/\/habcomfg.com\/fr\/wp-json\/wp\/v2\/product_tag?post=23851"}],"curies":[{"name":"wp","href":"https:\/\/api.w.org\/{rel}","templated":true}]}}