{"id":23607,"date":"2023-05-05T22:06:14","date_gmt":"2023-05-06T02:06:14","guid":{"rendered":"https:\/\/habco.bluehat.hosting\/product\/sf28hcbatd-hl\/"},"modified":"2023-11-17T10:56:13","modified_gmt":"2023-11-17T15:56:13","slug":"sf28hcbatd-hl","status":"publish","type":"product","link":"https:\/\/habcomfg.com\/fr\/product\/sf28hcbatd-hl\/","title":{"rendered":"SF28HCBATD HL"},"content":{"rendered":"<div class=\"fusion-fullwidth fullwidth-box fusion-builder-row-1 fusion-flex-container nonhundred-percent-fullwidth non-hundred-percent-height-scrolling\" style=\"--awb-border-radius-top-left:0px;--awb-border-radius-top-right:0px;--awb-border-radius-bottom-right:0px;--awb-border-radius-bottom-left:0px;--awb-padding-top:0px;--awb-padding-right:0px;--awb-padding-bottom:0px;--awb-padding-left:0px;--awb-margin-top:0px;--awb-margin-bottom:0px;--awb-flex-wrap:wrap;\" ><div class=\"fusion-builder-row fusion-row fusion-flex-align-items-flex-start fusion-flex-content-wrap\" style=\"max-width:1216.8px;margin-left: calc(-4% \/ 2 );margin-right: calc(-4% \/ 2 );\"><div class=\"fusion-layout-column fusion_builder_column fusion-builder-column-0 fusion_builder_column_1_1 1_1 fusion-flex-column\" style=\"--awb-bg-size:cover;--awb-width-large:100%;--awb-margin-top-large:0px;--awb-spacing-right-large:1.92%;--awb-margin-bottom-large:0px;--awb-spacing-left-large:1.92%;--awb-width-medium:100%;--awb-spacing-right-medium:1.92%;--awb-spacing-left-medium:1.92%;--awb-width-small:100%;--awb-spacing-right-small:1.92%;--awb-spacing-left-small:1.92%;\"><div class=\"fusion-column-wrapper fusion-flex-justify-content-flex-start fusion-content-layout-column\"><div class=\"fusion-text fusion-text-1\"><p><strong>Efficacit\u00e9 \u00e9nerg\u00e9tique maximale:<\/strong> des contr\u00f4les de temp\u00e9rature pr\u00e9cis r\u00e9duisent le besoin d&rsquo;ajustements fr\u00e9quents, ce qui r\u00e9duit la consommation d&rsquo;\u00e9nergie.<\/p>\n<p><strong>Co\u00fbts de maintenance r\u00e9duits:<\/strong> minimisez le besoin d&rsquo;interventions manuelles et d&rsquo;ajustements fr\u00e9quents de la temp\u00e9rature, ce qui entra\u00eene une r\u00e9duction des co\u00fbts de maintenance et une augmentation des b\u00e9n\u00e9fices pour les entreprises.<\/p>\n<p><strong>R\u00e9duction du co\u00fbt de possession \u00e0 long terme:<\/strong> en maximisant l&rsquo;efficacit\u00e9 \u00e9nerg\u00e9tique et la fiabilit\u00e9, la minuterie intelligente HealthLock\u2122 contribue \u00e0 r\u00e9duire le co\u00fbt global de possession des cong\u00e9lateurs commerciaux.<\/p>\n<\/div><\/div><\/div><\/div><\/div>\n","protected":false},"excerpt":{"rendered":"<p>Nos cong\u00e9lateurs de marchandisage avec minuterie HealthLock\u2122\u00a0offrent une gamme d&rsquo;avantages pour les entreprises, notamment\u00a0:<\/p>\n<p><strong>Am\u00e9lioration de l&rsquo;exp\u00e9rience client et augmentation des ventes:<\/strong> un cong\u00e9lateur de marchandisage vertical permet aux entreprises d&rsquo;afficher leurs produits surgel\u00e9s d&rsquo;une mani\u00e8re visuellement attrayante et accessible, ce qui permet aux clients de parcourir et de s\u00e9lectionner facilement les articles qu&rsquo;ils souhaitent. Cela peut am\u00e9liorer l&rsquo;exp\u00e9rience d&rsquo;achat globale et stimuler les ventes.<\/p>\n<p><strong>Contr\u00f4le pr\u00e9cis de la temp\u00e9rature et uniformit\u00e9:<\/strong> notre approche unique de la gestion de la temp\u00e9rature garantit la qualit\u00e9 et l&rsquo;uniformit\u00e9 de la temp\u00e9rature \u00e0 c\u0153ur du produit par opposition \u00e0 la temp\u00e9rature de l&rsquo;air ambiant \u00e0 l&rsquo;int\u00e9rieur de l&rsquo;armoire. Le r\u00e9sultat est des produits coh\u00e9rents, s\u00fbrs et fiables pour le plaisir de vos clients et moins de verrouillages intempestifs.<\/p>\n","protected":false},"featured_media":23211,"comment_status":"open","ping_status":"closed","template":"","meta":{"_acf_changed":false},"product_brand":[],"product_cat":[159],"product_tag":[],"class_list":{"0":"post-23607","1":"product","2":"type-product","3":"status-publish","4":"has-post-thumbnail","6":"product_cat-uncategorized-fr","8":"first","9":"instock","10":"shipping-taxable","11":"product-type-simple"},"acf":[],"yoast_head":"<!-- This site is optimized with the Yoast SEO plugin v27.4 - https:\/\/yoast.com\/product\/yoast-seo-wordpress\/ -->\n<title>Produit SF28HCBATD HL | HABCO<\/title>\n<meta name=\"description\" content=\"Les cong\u00e9lateurs SF28HCBATD HL offrent des solutions abordables et \u00e9l\u00e9gantes qui garantissent qualit\u00e9, s\u00e9curit\u00e9 et exp\u00e9rience client optimale.\" \/>\n<meta name=\"robots\" content=\"index, follow, max-snippet:-1, max-image-preview:large, max-video-preview:-1\" \/>\n<link rel=\"canonical\" href=\"https:\/\/habcomfg.com\/fr\/product\/sf28hcbatd-hl\/\" \/>\n<meta property=\"og:locale\" content=\"fr_FR\" \/>\n<meta property=\"og:type\" content=\"article\" \/>\n<meta property=\"og:title\" content=\"Produit SF28HCBATD HL | HABCO\" \/>\n<meta property=\"og:description\" content=\"Les cong\u00e9lateurs SF28HCBATD HL offrent des solutions abordables et \u00e9l\u00e9gantes qui garantissent qualit\u00e9, s\u00e9curit\u00e9 et exp\u00e9rience client optimale.\" \/>\n<meta property=\"og:url\" content=\"https:\/\/habcomfg.com\/fr\/product\/sf28hcbatd-hl\/\" \/>\n<meta property=\"og:site_name\" content=\"Habco Manufacturing\" \/>\n<meta property=\"article:modified_time\" content=\"2023-11-17T15:56:13+00:00\" \/>\n<meta property=\"og:image\" content=\"https:\/\/habcomfg.com\/wp-content\/uploads\/2023\/05\/SF28HCBATD-HL.jpg\" \/>\n\t<meta property=\"og:image:width\" content=\"997\" \/>\n\t<meta property=\"og:image:height\" content=\"1500\" \/>\n\t<meta property=\"og:image:type\" content=\"image\/jpeg\" \/>\n<meta name=\"twitter:card\" content=\"summary_large_image\" \/>\n<meta name=\"twitter:label1\" content=\"Dur\u00e9e de lecture estim\u00e9e\" \/>\n\t<meta name=\"twitter:data1\" content=\"2 minutes\" \/>\n<script type=\"application\/ld+json\" class=\"yoast-schema-graph\">{\"@context\":\"https:\\\/\\\/schema.org\",\"@graph\":[{\"@type\":\"WebPage\",\"@id\":\"https:\\\/\\\/habcomfg.com\\\/fr\\\/product\\\/sf28hcbatd-hl\\\/\",\"url\":\"https:\\\/\\\/habcomfg.com\\\/fr\\\/product\\\/sf28hcbatd-hl\\\/\",\"name\":\"Produit SF28HCBATD HL | HABCO\",\"isPartOf\":{\"@id\":\"https:\\\/\\\/habcomfg.com\\\/fr\\\/#website\"},\"primaryImageOfPage\":{\"@id\":\"https:\\\/\\\/habcomfg.com\\\/fr\\\/product\\\/sf28hcbatd-hl\\\/#primaryimage\"},\"image\":{\"@id\":\"https:\\\/\\\/habcomfg.com\\\/fr\\\/product\\\/sf28hcbatd-hl\\\/#primaryimage\"},\"thumbnailUrl\":\"https:\\\/\\\/habcomfg.com\\\/wp-content\\\/uploads\\\/2023\\\/05\\\/SF28HCBATD-HL.jpg\",\"datePublished\":\"2023-05-06T02:06:14+00:00\",\"dateModified\":\"2023-11-17T15:56:13+00:00\",\"description\":\"Les cong\u00e9lateurs SF28HCBATD HL offrent des solutions abordables et \u00e9l\u00e9gantes qui garantissent qualit\u00e9, s\u00e9curit\u00e9 et exp\u00e9rience client optimale.\",\"breadcrumb\":{\"@id\":\"https:\\\/\\\/habcomfg.com\\\/fr\\\/product\\\/sf28hcbatd-hl\\\/#breadcrumb\"},\"inLanguage\":\"fr-FR\",\"potentialAction\":[{\"@type\":\"ReadAction\",\"target\":[\"https:\\\/\\\/habcomfg.com\\\/fr\\\/product\\\/sf28hcbatd-hl\\\/\"]}]},{\"@type\":\"ImageObject\",\"inLanguage\":\"fr-FR\",\"@id\":\"https:\\\/\\\/habcomfg.com\\\/fr\\\/product\\\/sf28hcbatd-hl\\\/#primaryimage\",\"url\":\"https:\\\/\\\/habcomfg.com\\\/wp-content\\\/uploads\\\/2023\\\/05\\\/SF28HCBATD-HL.jpg\",\"contentUrl\":\"https:\\\/\\\/habcomfg.com\\\/wp-content\\\/uploads\\\/2023\\\/05\\\/SF28HCBATD-HL.jpg\",\"width\":997,\"height\":1500,\"caption\":\"SF28HCBATD HL\"},{\"@type\":\"BreadcrumbList\",\"@id\":\"https:\\\/\\\/habcomfg.com\\\/fr\\\/product\\\/sf28hcbatd-hl\\\/#breadcrumb\",\"itemListElement\":[{\"@type\":\"ListItem\",\"position\":1,\"name\":\"Home\",\"item\":\"https:\\\/\\\/habcomfg.com\\\/fr\\\/\"},{\"@type\":\"ListItem\",\"position\":2,\"name\":\"Shop\",\"item\":\"https:\\\/\\\/habcomfg.com\\\/shop\\\/\"},{\"@type\":\"ListItem\",\"position\":3,\"name\":\"SF28HCBATD HL\"}]},{\"@type\":\"WebSite\",\"@id\":\"https:\\\/\\\/habcomfg.com\\\/fr\\\/#website\",\"url\":\"https:\\\/\\\/habcomfg.com\\\/fr\\\/\",\"name\":\"Habco Manufacturing\",\"description\":\"Commercial Refrigerators &amp; Freezers\",\"potentialAction\":[{\"@type\":\"SearchAction\",\"target\":{\"@type\":\"EntryPoint\",\"urlTemplate\":\"https:\\\/\\\/habcomfg.com\\\/fr\\\/?s={search_term_string}\"},\"query-input\":{\"@type\":\"PropertyValueSpecification\",\"valueRequired\":true,\"valueName\":\"search_term_string\"}}],\"inLanguage\":\"fr-FR\"}]}<\/script>\n<!-- \/ Yoast SEO plugin. -->","yoast_head_json":{"title":"Produit SF28HCBATD HL | HABCO","description":"Les cong\u00e9lateurs SF28HCBATD HL offrent des solutions abordables et \u00e9l\u00e9gantes qui garantissent qualit\u00e9, s\u00e9curit\u00e9 et exp\u00e9rience client optimale.","robots":{"index":"index","follow":"follow","max-snippet":"max-snippet:-1","max-image-preview":"max-image-preview:large","max-video-preview":"max-video-preview:-1"},"canonical":"https:\/\/habcomfg.com\/fr\/product\/sf28hcbatd-hl\/","og_locale":"fr_FR","og_type":"article","og_title":"Produit SF28HCBATD HL | HABCO","og_description":"Les cong\u00e9lateurs SF28HCBATD HL offrent des solutions abordables et \u00e9l\u00e9gantes qui garantissent qualit\u00e9, s\u00e9curit\u00e9 et exp\u00e9rience client optimale.","og_url":"https:\/\/habcomfg.com\/fr\/product\/sf28hcbatd-hl\/","og_site_name":"Habco Manufacturing","article_modified_time":"2023-11-17T15:56:13+00:00","og_image":[{"width":997,"height":1500,"url":"https:\/\/habcomfg.com\/wp-content\/uploads\/2023\/05\/SF28HCBATD-HL.jpg","type":"image\/jpeg"}],"twitter_card":"summary_large_image","twitter_misc":{"Dur\u00e9e de lecture estim\u00e9e":"2 minutes"},"schema":{"@context":"https:\/\/schema.org","@graph":[{"@type":"WebPage","@id":"https:\/\/habcomfg.com\/fr\/product\/sf28hcbatd-hl\/","url":"https:\/\/habcomfg.com\/fr\/product\/sf28hcbatd-hl\/","name":"Produit SF28HCBATD HL | HABCO","isPartOf":{"@id":"https:\/\/habcomfg.com\/fr\/#website"},"primaryImageOfPage":{"@id":"https:\/\/habcomfg.com\/fr\/product\/sf28hcbatd-hl\/#primaryimage"},"image":{"@id":"https:\/\/habcomfg.com\/fr\/product\/sf28hcbatd-hl\/#primaryimage"},"thumbnailUrl":"https:\/\/habcomfg.com\/wp-content\/uploads\/2023\/05\/SF28HCBATD-HL.jpg","datePublished":"2023-05-06T02:06:14+00:00","dateModified":"2023-11-17T15:56:13+00:00","description":"Les cong\u00e9lateurs SF28HCBATD HL offrent des solutions abordables et \u00e9l\u00e9gantes qui garantissent qualit\u00e9, s\u00e9curit\u00e9 et exp\u00e9rience client optimale.","breadcrumb":{"@id":"https:\/\/habcomfg.com\/fr\/product\/sf28hcbatd-hl\/#breadcrumb"},"inLanguage":"fr-FR","potentialAction":[{"@type":"ReadAction","target":["https:\/\/habcomfg.com\/fr\/product\/sf28hcbatd-hl\/"]}]},{"@type":"ImageObject","inLanguage":"fr-FR","@id":"https:\/\/habcomfg.com\/fr\/product\/sf28hcbatd-hl\/#primaryimage","url":"https:\/\/habcomfg.com\/wp-content\/uploads\/2023\/05\/SF28HCBATD-HL.jpg","contentUrl":"https:\/\/habcomfg.com\/wp-content\/uploads\/2023\/05\/SF28HCBATD-HL.jpg","width":997,"height":1500,"caption":"SF28HCBATD HL"},{"@type":"BreadcrumbList","@id":"https:\/\/habcomfg.com\/fr\/product\/sf28hcbatd-hl\/#breadcrumb","itemListElement":[{"@type":"ListItem","position":1,"name":"Home","item":"https:\/\/habcomfg.com\/fr\/"},{"@type":"ListItem","position":2,"name":"Shop","item":"https:\/\/habcomfg.com\/shop\/"},{"@type":"ListItem","position":3,"name":"SF28HCBATD HL"}]},{"@type":"WebSite","@id":"https:\/\/habcomfg.com\/fr\/#website","url":"https:\/\/habcomfg.com\/fr\/","name":"Habco Manufacturing","description":"Commercial Refrigerators &amp; Freezers","potentialAction":[{"@type":"SearchAction","target":{"@type":"EntryPoint","urlTemplate":"https:\/\/habcomfg.com\/fr\/?s={search_term_string}"},"query-input":{"@type":"PropertyValueSpecification","valueRequired":true,"valueName":"search_term_string"}}],"inLanguage":"fr-FR"}]}},"_links":{"self":[{"href":"https:\/\/habcomfg.com\/fr\/wp-json\/wp\/v2\/product\/23607","targetHints":{"allow":["GET"]}}],"collection":[{"href":"https:\/\/habcomfg.com\/fr\/wp-json\/wp\/v2\/product"}],"about":[{"href":"https:\/\/habcomfg.com\/fr\/wp-json\/wp\/v2\/types\/product"}],"replies":[{"embeddable":true,"href":"https:\/\/habcomfg.com\/fr\/wp-json\/wp\/v2\/comments?post=23607"}],"wp:featuredmedia":[{"embeddable":true,"href":"https:\/\/habcomfg.com\/fr\/wp-json\/wp\/v2\/media\/23211"}],"wp:attachment":[{"href":"https:\/\/habcomfg.com\/fr\/wp-json\/wp\/v2\/media?parent=23607"}],"wp:term":[{"taxonomy":"product_brand","embeddable":true,"href":"https:\/\/habcomfg.com\/fr\/wp-json\/wp\/v2\/product_brand?post=23607"},{"taxonomy":"product_cat","embeddable":true,"href":"https:\/\/habcomfg.com\/fr\/wp-json\/wp\/v2\/product_cat?post=23607"},{"taxonomy":"product_tag","embeddable":true,"href":"https:\/\/habcomfg.com\/fr\/wp-json\/wp\/v2\/product_tag?post=23607"}],"curies":[{"name":"wp","href":"https:\/\/api.w.org\/{rel}","templated":true}]}}