{"id":23458,"date":"2023-06-26T19:50:40","date_gmt":"2023-06-26T23:50:40","guid":{"rendered":"https:\/\/habco.bluehat.hosting\/?post_type=product&#038;p=23458"},"modified":"2023-11-17T10:56:47","modified_gmt":"2023-11-17T15:56:47","slug":"sf28hcbxtdmhl","status":"publish","type":"product","link":"https:\/\/habcomfg.com\/fr\/product\/sf28hcbxtdmhl\/","title":{"rendered":"SF28HCBXTDMHL"},"content":{"rendered":"<div class=\"fusion-fullwidth fullwidth-box fusion-builder-row-1 fusion-flex-container nonhundred-percent-fullwidth non-hundred-percent-height-scrolling\" style=\"--awb-border-radius-top-left:0px;--awb-border-radius-top-right:0px;--awb-border-radius-bottom-right:0px;--awb-border-radius-bottom-left:0px;--awb-padding-top:0px;--awb-padding-right:0px;--awb-padding-bottom:0px;--awb-padding-left:0px;--awb-margin-top:0px;--awb-margin-bottom:0px;--awb-flex-wrap:wrap;\" ><div class=\"fusion-builder-row fusion-row fusion-flex-align-items-flex-start fusion-flex-content-wrap\" style=\"max-width:1216.8px;margin-left: calc(-4% \/ 2 );margin-right: calc(-4% \/ 2 );\"><div class=\"fusion-layout-column fusion_builder_column fusion-builder-column-0 fusion_builder_column_1_1 1_1 fusion-flex-column\" style=\"--awb-bg-size:cover;--awb-width-large:100%;--awb-margin-top-large:0px;--awb-spacing-right-large:1.92%;--awb-margin-bottom-large:0px;--awb-spacing-left-large:1.92%;--awb-width-medium:100%;--awb-spacing-right-medium:1.92%;--awb-spacing-left-medium:1.92%;--awb-width-small:100%;--awb-spacing-right-small:1.92%;--awb-spacing-left-small:1.92%;\"><div class=\"fusion-column-wrapper fusion-flex-justify-content-flex-start fusion-content-layout-column\"><div class=\"fusion-text fusion-text-1\"><p>Dans l&rsquo;ensemble, un cong\u00e9lateur vertical \u00e9quip\u00e9 d&rsquo;un syst\u00e8me de verrouillage automatique des portes est un investissement pr\u00e9cieux pour les entreprises, car il permet d&rsquo;am\u00e9liorer la s\u00e9curit\u00e9, la salubrit\u00e9 des aliments, l&rsquo;efficacit\u00e9 \u00e9nerg\u00e9tique, la commodit\u00e9 et de r\u00e9duire les risques de d\u00e9t\u00e9rioration.<\/p>\n<p>Chez HABCO, nous nous engageons \u00e0 fournir les meilleures solutions de r\u00e9frig\u00e9ration pour les entreprises de toutes tailles. Notre \u00e9quipe d&rsquo;experts travaillera en \u00e9troite collaboration avec vous pour comprendre vos besoins et exigences uniques, et vous recommander la meilleure unit\u00e9 de r\u00e9frig\u00e9ration pour votre entreprise.<\/p>\n<p>Nous proposons une large gamme de solutions de r\u00e9frig\u00e9ration commerciale, toutes con\u00e7ues pour mettre en valeur votre marque et vos produits avec clart\u00e9 et efficacit\u00e9. Ces unit\u00e9s sont disponibles dans une vari\u00e9t\u00e9 de tailles et de styles, afin que vous puissiez choisir celle qui convient le mieux \u00e0 votre entreprise.<\/p>\n<p>En outre, nous proposons des options de transport et de livraison flexibles pour garantir que votre unit\u00e9 de r\u00e9frig\u00e9ration arrive \u00e0 temps et en toute s\u00e9curit\u00e9. Notre \u00e9quipe se consacre \u00e0 fournir un service client exceptionnel, et nous sommes toujours disponibles pour r\u00e9pondre \u00e0 vos questions ou pr\u00e9occupations.<\/p>\n<p>Contactez-nous d\u00e8s aujourd&rsquo;hui pour en savoir plus sur nos solutions de r\u00e9frig\u00e9ration et trouver l&rsquo;unit\u00e9 parfaite pour votre entreprise.<\/p>\n<\/div><div ><a class=\"fusion-button button-flat fusion-button-default-size button-default fusion-button-default button-1 fusion-button-default-span fusion-button-default-type\" style=\"--button-border-radius-top-left:0px;--button-border-radius-top-right:0px;--button-border-radius-bottom-right:0px;--button-border-radius-bottom-left:0px;\" target=\"_blank\" rel=\"noopener noreferrer\" href=\"#\"><span class=\"fusion-button-text awb-button__text awb-button__text--default\">T\u00e9l\u00e9charger le mod\u00e8le de graphique<\/span><\/a><\/div><\/div><\/div><\/div><\/div>\n","protected":false},"excerpt":{"rendered":"<p>Avec la tendance des services alimentaires et des points de vente au d\u00e9tail vers des environnements automatis\u00e9s, sans personnel et en libre-service, le besoin de solutions fiables, rentables et \u00e0 temp\u00e9rature contr\u00f4l\u00e9e pour les aliments et les boissons n&rsquo;a jamais \u00e9t\u00e9 aussi \u00e9lev\u00e9. La gamme de r\u00e9frig\u00e9rateurs et de cong\u00e9lateurs HealthLock\u2122 d&rsquo;HABCO offre des solutions abordables et \u00e9l\u00e9gantes.<\/p>\n<p>Cong\u00e9lateurs fournissent des solutions abordables et \u00e9l\u00e9gantes qui garantissent la qualit\u00e9, la s\u00e9curit\u00e9 et une exp\u00e9rience client optimale.<\/p>\n","protected":false},"featured_media":23531,"comment_status":"open","ping_status":"closed","template":"","meta":{"_acf_changed":false},"product_brand":[],"product_cat":[133,136,138],"product_tag":[],"class_list":{"0":"post-23458","1":"product","2":"type-product","3":"status-publish","4":"has-post-thumbnail","6":"product_cat-refrigerateur-commercial","7":"product_cat-frozen-space-merchandisers-glass-swing-door-fr","8":"product_cat-frozen-space-merchandisers-glass-swing-door-3-fr","10":"first","11":"instock","12":"shipping-taxable","13":"product-type-simple"},"acf":[],"yoast_head":"<!-- This site is optimized with the Yoast SEO plugin v27.4 - https:\/\/yoast.com\/product\/yoast-seo-wordpress\/ -->\n<title>SF28HCBXTDMHL - Habco Manufacturing<\/title>\n<meta name=\"description\" content=\"SF28HCBXTDMHL - Le cong\u00e9lateur \u00e0 porte vitr\u00e9e haute capacit\u00e9, Froze Space Merchandiser\u2122 offre un impact et un attrait pour vos articles de vente au d\u00e9tail stock\u00e9s au froid. Achetez chez HABCO d\u00e8s aujourd&#039;hui !\" \/>\n<meta name=\"robots\" content=\"index, follow, max-snippet:-1, max-image-preview:large, max-video-preview:-1\" \/>\n<link rel=\"canonical\" href=\"https:\/\/habcomfg.com\/fr\/product\/sf28hcbxtdmhl\/\" \/>\n<meta property=\"og:locale\" content=\"fr_FR\" \/>\n<meta property=\"og:type\" content=\"article\" \/>\n<meta property=\"og:title\" content=\"SF28HCBXTDMHL - Habco Manufacturing\" \/>\n<meta property=\"og:description\" content=\"SF28HCBXTDMHL - Le cong\u00e9lateur \u00e0 porte vitr\u00e9e haute capacit\u00e9, Froze Space Merchandiser\u2122 offre un impact et un attrait pour vos articles de vente au d\u00e9tail stock\u00e9s au froid. Achetez chez HABCO d\u00e8s aujourd&#039;hui !\" \/>\n<meta property=\"og:url\" content=\"https:\/\/habcomfg.com\/fr\/product\/sf28hcbxtdmhl\/\" \/>\n<meta property=\"og:site_name\" content=\"Habco Manufacturing\" \/>\n<meta property=\"article:modified_time\" content=\"2023-11-17T15:56:47+00:00\" \/>\n<meta property=\"og:image\" content=\"https:\/\/habcomfg.com\/wp-content\/uploads\/2023\/06\/SF28HCTDBXMHL-01.jpg\" \/>\n\t<meta property=\"og:image:width\" content=\"997\" \/>\n\t<meta property=\"og:image:height\" content=\"1500\" \/>\n\t<meta property=\"og:image:type\" content=\"image\/jpeg\" \/>\n<meta name=\"twitter:card\" content=\"summary_large_image\" \/>\n<meta name=\"twitter:label1\" content=\"Dur\u00e9e de lecture estim\u00e9e\" \/>\n\t<meta name=\"twitter:data1\" content=\"3 minutes\" \/>\n<script type=\"application\/ld+json\" class=\"yoast-schema-graph\">{\"@context\":\"https:\\\/\\\/schema.org\",\"@graph\":[{\"@type\":\"WebPage\",\"@id\":\"https:\\\/\\\/habcomfg.com\\\/fr\\\/product\\\/sf28hcbxtdmhl\\\/\",\"url\":\"https:\\\/\\\/habcomfg.com\\\/fr\\\/product\\\/sf28hcbxtdmhl\\\/\",\"name\":\"SF28HCBXTDMHL - Habco Manufacturing\",\"isPartOf\":{\"@id\":\"https:\\\/\\\/habcomfg.com\\\/fr\\\/#website\"},\"primaryImageOfPage\":{\"@id\":\"https:\\\/\\\/habcomfg.com\\\/fr\\\/product\\\/sf28hcbxtdmhl\\\/#primaryimage\"},\"image\":{\"@id\":\"https:\\\/\\\/habcomfg.com\\\/fr\\\/product\\\/sf28hcbxtdmhl\\\/#primaryimage\"},\"thumbnailUrl\":\"https:\\\/\\\/habcomfg.com\\\/wp-content\\\/uploads\\\/2023\\\/06\\\/SF28HCTDBXMHL-01.jpg\",\"datePublished\":\"2023-06-26T23:50:40+00:00\",\"dateModified\":\"2023-11-17T15:56:47+00:00\",\"description\":\"SF28HCBXTDMHL - Le cong\u00e9lateur \u00e0 porte vitr\u00e9e haute capacit\u00e9, Froze Space Merchandiser\u2122 offre un impact et un attrait pour vos articles de vente au d\u00e9tail stock\u00e9s au froid. Achetez chez HABCO d\u00e8s aujourd'hui !\",\"breadcrumb\":{\"@id\":\"https:\\\/\\\/habcomfg.com\\\/fr\\\/product\\\/sf28hcbxtdmhl\\\/#breadcrumb\"},\"inLanguage\":\"fr-FR\",\"potentialAction\":[{\"@type\":\"ReadAction\",\"target\":[\"https:\\\/\\\/habcomfg.com\\\/fr\\\/product\\\/sf28hcbxtdmhl\\\/\"]}]},{\"@type\":\"ImageObject\",\"inLanguage\":\"fr-FR\",\"@id\":\"https:\\\/\\\/habcomfg.com\\\/fr\\\/product\\\/sf28hcbxtdmhl\\\/#primaryimage\",\"url\":\"https:\\\/\\\/habcomfg.com\\\/wp-content\\\/uploads\\\/2023\\\/06\\\/SF28HCTDBXMHL-01.jpg\",\"contentUrl\":\"https:\\\/\\\/habcomfg.com\\\/wp-content\\\/uploads\\\/2023\\\/06\\\/SF28HCTDBXMHL-01.jpg\",\"width\":997,\"height\":1500,\"caption\":\"SF28HCTDBXMHL 01\"},{\"@type\":\"BreadcrumbList\",\"@id\":\"https:\\\/\\\/habcomfg.com\\\/fr\\\/product\\\/sf28hcbxtdmhl\\\/#breadcrumb\",\"itemListElement\":[{\"@type\":\"ListItem\",\"position\":1,\"name\":\"Home\",\"item\":\"https:\\\/\\\/habcomfg.com\\\/fr\\\/\"},{\"@type\":\"ListItem\",\"position\":2,\"name\":\"Shop\",\"item\":\"https:\\\/\\\/habcomfg.com\\\/shop\\\/\"},{\"@type\":\"ListItem\",\"position\":3,\"name\":\"SF28HCBXTDMHL\"}]},{\"@type\":\"WebSite\",\"@id\":\"https:\\\/\\\/habcomfg.com\\\/fr\\\/#website\",\"url\":\"https:\\\/\\\/habcomfg.com\\\/fr\\\/\",\"name\":\"Habco Manufacturing\",\"description\":\"Commercial Refrigerators &amp; Freezers\",\"potentialAction\":[{\"@type\":\"SearchAction\",\"target\":{\"@type\":\"EntryPoint\",\"urlTemplate\":\"https:\\\/\\\/habcomfg.com\\\/fr\\\/?s={search_term_string}\"},\"query-input\":{\"@type\":\"PropertyValueSpecification\",\"valueRequired\":true,\"valueName\":\"search_term_string\"}}],\"inLanguage\":\"fr-FR\"}]}<\/script>\n<!-- \/ Yoast SEO plugin. -->","yoast_head_json":{"title":"SF28HCBXTDMHL - Habco Manufacturing","description":"SF28HCBXTDMHL - Le cong\u00e9lateur \u00e0 porte vitr\u00e9e haute capacit\u00e9, Froze Space Merchandiser\u2122 offre un impact et un attrait pour vos articles de vente au d\u00e9tail stock\u00e9s au froid. Achetez chez HABCO d\u00e8s aujourd'hui !","robots":{"index":"index","follow":"follow","max-snippet":"max-snippet:-1","max-image-preview":"max-image-preview:large","max-video-preview":"max-video-preview:-1"},"canonical":"https:\/\/habcomfg.com\/fr\/product\/sf28hcbxtdmhl\/","og_locale":"fr_FR","og_type":"article","og_title":"SF28HCBXTDMHL - Habco Manufacturing","og_description":"SF28HCBXTDMHL - Le cong\u00e9lateur \u00e0 porte vitr\u00e9e haute capacit\u00e9, Froze Space Merchandiser\u2122 offre un impact et un attrait pour vos articles de vente au d\u00e9tail stock\u00e9s au froid. Achetez chez HABCO d\u00e8s aujourd'hui !","og_url":"https:\/\/habcomfg.com\/fr\/product\/sf28hcbxtdmhl\/","og_site_name":"Habco Manufacturing","article_modified_time":"2023-11-17T15:56:47+00:00","og_image":[{"width":997,"height":1500,"url":"https:\/\/habcomfg.com\/wp-content\/uploads\/2023\/06\/SF28HCTDBXMHL-01.jpg","type":"image\/jpeg"}],"twitter_card":"summary_large_image","twitter_misc":{"Dur\u00e9e de lecture estim\u00e9e":"3 minutes"},"schema":{"@context":"https:\/\/schema.org","@graph":[{"@type":"WebPage","@id":"https:\/\/habcomfg.com\/fr\/product\/sf28hcbxtdmhl\/","url":"https:\/\/habcomfg.com\/fr\/product\/sf28hcbxtdmhl\/","name":"SF28HCBXTDMHL - Habco Manufacturing","isPartOf":{"@id":"https:\/\/habcomfg.com\/fr\/#website"},"primaryImageOfPage":{"@id":"https:\/\/habcomfg.com\/fr\/product\/sf28hcbxtdmhl\/#primaryimage"},"image":{"@id":"https:\/\/habcomfg.com\/fr\/product\/sf28hcbxtdmhl\/#primaryimage"},"thumbnailUrl":"https:\/\/habcomfg.com\/wp-content\/uploads\/2023\/06\/SF28HCTDBXMHL-01.jpg","datePublished":"2023-06-26T23:50:40+00:00","dateModified":"2023-11-17T15:56:47+00:00","description":"SF28HCBXTDMHL - Le cong\u00e9lateur \u00e0 porte vitr\u00e9e haute capacit\u00e9, Froze Space Merchandiser\u2122 offre un impact et un attrait pour vos articles de vente au d\u00e9tail stock\u00e9s au froid. Achetez chez HABCO d\u00e8s aujourd'hui !","breadcrumb":{"@id":"https:\/\/habcomfg.com\/fr\/product\/sf28hcbxtdmhl\/#breadcrumb"},"inLanguage":"fr-FR","potentialAction":[{"@type":"ReadAction","target":["https:\/\/habcomfg.com\/fr\/product\/sf28hcbxtdmhl\/"]}]},{"@type":"ImageObject","inLanguage":"fr-FR","@id":"https:\/\/habcomfg.com\/fr\/product\/sf28hcbxtdmhl\/#primaryimage","url":"https:\/\/habcomfg.com\/wp-content\/uploads\/2023\/06\/SF28HCTDBXMHL-01.jpg","contentUrl":"https:\/\/habcomfg.com\/wp-content\/uploads\/2023\/06\/SF28HCTDBXMHL-01.jpg","width":997,"height":1500,"caption":"SF28HCTDBXMHL 01"},{"@type":"BreadcrumbList","@id":"https:\/\/habcomfg.com\/fr\/product\/sf28hcbxtdmhl\/#breadcrumb","itemListElement":[{"@type":"ListItem","position":1,"name":"Home","item":"https:\/\/habcomfg.com\/fr\/"},{"@type":"ListItem","position":2,"name":"Shop","item":"https:\/\/habcomfg.com\/shop\/"},{"@type":"ListItem","position":3,"name":"SF28HCBXTDMHL"}]},{"@type":"WebSite","@id":"https:\/\/habcomfg.com\/fr\/#website","url":"https:\/\/habcomfg.com\/fr\/","name":"Habco Manufacturing","description":"Commercial Refrigerators &amp; Freezers","potentialAction":[{"@type":"SearchAction","target":{"@type":"EntryPoint","urlTemplate":"https:\/\/habcomfg.com\/fr\/?s={search_term_string}"},"query-input":{"@type":"PropertyValueSpecification","valueRequired":true,"valueName":"search_term_string"}}],"inLanguage":"fr-FR"}]}},"_links":{"self":[{"href":"https:\/\/habcomfg.com\/fr\/wp-json\/wp\/v2\/product\/23458","targetHints":{"allow":["GET"]}}],"collection":[{"href":"https:\/\/habcomfg.com\/fr\/wp-json\/wp\/v2\/product"}],"about":[{"href":"https:\/\/habcomfg.com\/fr\/wp-json\/wp\/v2\/types\/product"}],"replies":[{"embeddable":true,"href":"https:\/\/habcomfg.com\/fr\/wp-json\/wp\/v2\/comments?post=23458"}],"wp:featuredmedia":[{"embeddable":true,"href":"https:\/\/habcomfg.com\/fr\/wp-json\/wp\/v2\/media\/23531"}],"wp:attachment":[{"href":"https:\/\/habcomfg.com\/fr\/wp-json\/wp\/v2\/media?parent=23458"}],"wp:term":[{"taxonomy":"product_brand","embeddable":true,"href":"https:\/\/habcomfg.com\/fr\/wp-json\/wp\/v2\/product_brand?post=23458"},{"taxonomy":"product_cat","embeddable":true,"href":"https:\/\/habcomfg.com\/fr\/wp-json\/wp\/v2\/product_cat?post=23458"},{"taxonomy":"product_tag","embeddable":true,"href":"https:\/\/habcomfg.com\/fr\/wp-json\/wp\/v2\/product_tag?post=23458"}],"curies":[{"name":"wp","href":"https:\/\/api.w.org\/{rel}","templated":true}]}}