{"id":23454,"date":"2023-06-26T19:30:22","date_gmt":"2023-06-26T19:30:22","guid":{"rendered":"https:\/\/habco.bluehat.hosting\/?post_type=product&#038;p=23454"},"modified":"2026-03-04T09:48:57","modified_gmt":"2026-03-04T14:48:57","slug":"sf28hcbatdm","status":"publish","type":"product","link":"https:\/\/habcomfg.com\/fr\/product\/sf28hcbatdm\/","title":{"rendered":"SF28HCBATDM"},"content":{"rendered":"<div class=\"fusion-fullwidth fullwidth-box fusion-builder-row-1 fusion-flex-container nonhundred-percent-fullwidth non-hundred-percent-height-scrolling\" style=\"--awb-border-radius-top-left:0px;--awb-border-radius-top-right:0px;--awb-border-radius-bottom-right:0px;--awb-border-radius-bottom-left:0px;--awb-padding-top:0px;--awb-padding-right:0px;--awb-padding-bottom:0px;--awb-padding-left:0px;--awb-margin-top:0px;--awb-margin-bottom:0px;--awb-flex-wrap:wrap;\" ><div class=\"fusion-builder-row fusion-row fusion-flex-align-items-flex-start fusion-flex-content-wrap\" style=\"max-width:1216.8px;margin-left: calc(-4% \/ 2 );margin-right: calc(-4% \/ 2 );\"><div class=\"fusion-layout-column fusion_builder_column fusion-builder-column-0 fusion_builder_column_1_1 1_1 fusion-flex-column\" style=\"--awb-bg-size:cover;--awb-width-large:100%;--awb-margin-top-large:0px;--awb-spacing-right-large:1.92%;--awb-margin-bottom-large:0px;--awb-spacing-left-large:1.92%;--awb-width-medium:100%;--awb-spacing-right-medium:1.92%;--awb-spacing-left-medium:1.92%;--awb-width-small:100%;--awb-spacing-right-small:1.92%;--awb-spacing-left-small:1.92%;\"><div class=\"fusion-column-wrapper fusion-flex-justify-content-flex-start fusion-content-layout-column\"><div class=\"fusion-text fusion-text-1\"><p>*** Ajouter 3\/8\u2033 (10mm) pour les niveleurs filet\u00e9s. Les millim\u00e8tres sont arrondis \u00e0 la hausse.<\/p>\n<\/div><div ><a class=\"fusion-button button-flat fusion-button-default-size button-default fusion-button-default button-1 fusion-button-default-span fusion-button-default-type display-none\" style=\"--button-border-radius-top-left:0px;--button-border-radius-top-right:0px;--button-border-radius-bottom-right:0px;--button-border-radius-bottom-left:0px;\" target=\"_blank\" rel=\"noopener noreferrer\" href=\"#\"><span class=\"fusion-button-text awb-button__text awb-button__text--default\">T\u00e9l\u00e9charger le mod\u00e8le de graphique<\/span><\/a><\/div><\/div><\/div><\/div><\/div>\n","protected":false},"excerpt":{"rendered":"<p>Merchandiser haute capacit\u00e9, espace de cong\u00e9lation\u2122 Porte haute avec int\u00e9rieur noir, con\u00e7u pour le merchandising de volume avec un impact et un attrait premium. Configur\u00e9 avec une minuterie intelligente de verrouillage sanitaire. Le format large offre un maximum de merchandising \u00e9clair\u00e9 par LED dans un ensemble robuste, mais \u00e0 faible consommation d&rsquo;\u00e9nergie. Pr\u00e9r\u00e9gl\u00e9 en usine \u00e0 -23\u00b0C (-10\u00b0F) pour les produits surgel\u00e9s.<br \/>\nR\u00e9pertori\u00e9 par la NAMA<\/p>\n","protected":false},"featured_media":26503,"comment_status":"open","ping_status":"closed","template":"","meta":{"_acf_changed":false},"product_brand":[],"product_cat":[133,136,112,175],"product_tag":[],"class_list":{"0":"post-23454","1":"product","2":"type-product","3":"status-publish","4":"has-post-thumbnail","6":"product_cat-refrigerateur-commercial","7":"product_cat-frozen-space-merchandisers-glass-swing-door-fr","8":"product_cat-pet-specialty-fr","9":"product_cat-pet-fr","11":"first","12":"instock","13":"shipping-taxable","14":"product-type-simple"},"acf":[],"yoast_head":"<!-- This site is optimized with the Yoast SEO plugin v27.4 - https:\/\/yoast.com\/product\/yoast-seo-wordpress\/ -->\n<title>SF28HCBATDM r\u00e9frig\u00e9rateur | HABCO<\/title>\n<meta name=\"description\" content=\"D\u00e9couvrez le r\u00e9frig\u00e9rateur compact et puissant de HABCO, id\u00e9al pour les petits espaces commerciaux avec des performances fiables. Commandez d\u00e8s maintenant.\" \/>\n<meta name=\"robots\" content=\"index, follow, max-snippet:-1, max-image-preview:large, max-video-preview:-1\" \/>\n<link rel=\"canonical\" href=\"https:\/\/habcomfg.com\/fr\/product\/sf28hcbatdm\/\" \/>\n<meta property=\"og:locale\" content=\"fr_FR\" \/>\n<meta property=\"og:type\" content=\"article\" \/>\n<meta property=\"og:title\" content=\"SF28HCBATDM r\u00e9frig\u00e9rateur | HABCO\" \/>\n<meta property=\"og:description\" content=\"D\u00e9couvrez le r\u00e9frig\u00e9rateur compact et puissant de HABCO, id\u00e9al pour les petits espaces commerciaux avec des performances fiables. Commandez d\u00e8s maintenant.\" \/>\n<meta property=\"og:url\" content=\"https:\/\/habcomfg.com\/fr\/product\/sf28hcbatdm\/\" \/>\n<meta property=\"og:site_name\" content=\"Habco Manufacturing\" \/>\n<meta property=\"article:modified_time\" content=\"2026-03-04T14:48:57+00:00\" \/>\n<meta property=\"og:image\" content=\"https:\/\/habcomfg.com\/wp-content\/uploads\/2023\/06\/SF28HCBATDM_Freezer-2.png\" \/>\n\t<meta property=\"og:image:width\" content=\"821\" \/>\n\t<meta property=\"og:image:height\" content=\"1233\" \/>\n\t<meta property=\"og:image:type\" content=\"image\/png\" \/>\n<meta name=\"twitter:card\" content=\"summary_large_image\" \/>\n<meta name=\"twitter:label1\" content=\"Dur\u00e9e de lecture estim\u00e9e\" \/>\n\t<meta name=\"twitter:data1\" content=\"1 minute\" \/>\n<script type=\"application\/ld+json\" class=\"yoast-schema-graph\">{\"@context\":\"https:\\\/\\\/schema.org\",\"@graph\":[{\"@type\":\"WebPage\",\"@id\":\"https:\\\/\\\/habcomfg.com\\\/fr\\\/product\\\/sf28hcbatdm\\\/\",\"url\":\"https:\\\/\\\/habcomfg.com\\\/fr\\\/product\\\/sf28hcbatdm\\\/\",\"name\":\"SF28HCBATDM r\u00e9frig\u00e9rateur | HABCO\",\"isPartOf\":{\"@id\":\"https:\\\/\\\/habcomfg.com\\\/fr\\\/#website\"},\"primaryImageOfPage\":{\"@id\":\"https:\\\/\\\/habcomfg.com\\\/fr\\\/product\\\/sf28hcbatdm\\\/#primaryimage\"},\"image\":{\"@id\":\"https:\\\/\\\/habcomfg.com\\\/fr\\\/product\\\/sf28hcbatdm\\\/#primaryimage\"},\"thumbnailUrl\":\"https:\\\/\\\/habcomfg.com\\\/wp-content\\\/uploads\\\/2023\\\/06\\\/SF28HCBATDM_Freezer-2.png\",\"datePublished\":\"2023-06-26T19:30:22+00:00\",\"dateModified\":\"2026-03-04T14:48:57+00:00\",\"description\":\"D\u00e9couvrez le r\u00e9frig\u00e9rateur compact et puissant de HABCO, id\u00e9al pour les petits espaces commerciaux avec des performances fiables. Commandez d\u00e8s maintenant.\",\"breadcrumb\":{\"@id\":\"https:\\\/\\\/habcomfg.com\\\/fr\\\/product\\\/sf28hcbatdm\\\/#breadcrumb\"},\"inLanguage\":\"fr-FR\",\"potentialAction\":[{\"@type\":\"ReadAction\",\"target\":[\"https:\\\/\\\/habcomfg.com\\\/fr\\\/product\\\/sf28hcbatdm\\\/\"]}]},{\"@type\":\"ImageObject\",\"inLanguage\":\"fr-FR\",\"@id\":\"https:\\\/\\\/habcomfg.com\\\/fr\\\/product\\\/sf28hcbatdm\\\/#primaryimage\",\"url\":\"https:\\\/\\\/habcomfg.com\\\/wp-content\\\/uploads\\\/2023\\\/06\\\/SF28HCBATDM_Freezer-2.png\",\"contentUrl\":\"https:\\\/\\\/habcomfg.com\\\/wp-content\\\/uploads\\\/2023\\\/06\\\/SF28HCBATDM_Freezer-2.png\",\"width\":821,\"height\":1233,\"caption\":\"SF28HCBATDM Freezer 2\"},{\"@type\":\"BreadcrumbList\",\"@id\":\"https:\\\/\\\/habcomfg.com\\\/fr\\\/product\\\/sf28hcbatdm\\\/#breadcrumb\",\"itemListElement\":[{\"@type\":\"ListItem\",\"position\":1,\"name\":\"Home\",\"item\":\"https:\\\/\\\/habcomfg.com\\\/fr\\\/\"},{\"@type\":\"ListItem\",\"position\":2,\"name\":\"Shop\",\"item\":\"https:\\\/\\\/habcomfg.com\\\/shop\\\/\"},{\"@type\":\"ListItem\",\"position\":3,\"name\":\"SF28HCBATDM\"}]},{\"@type\":\"WebSite\",\"@id\":\"https:\\\/\\\/habcomfg.com\\\/fr\\\/#website\",\"url\":\"https:\\\/\\\/habcomfg.com\\\/fr\\\/\",\"name\":\"Habco Manufacturing\",\"description\":\"Commercial Refrigerators &amp; Freezers\",\"potentialAction\":[{\"@type\":\"SearchAction\",\"target\":{\"@type\":\"EntryPoint\",\"urlTemplate\":\"https:\\\/\\\/habcomfg.com\\\/fr\\\/?s={search_term_string}\"},\"query-input\":{\"@type\":\"PropertyValueSpecification\",\"valueRequired\":true,\"valueName\":\"search_term_string\"}}],\"inLanguage\":\"fr-FR\"}]}<\/script>\n<!-- \/ Yoast SEO plugin. -->","yoast_head_json":{"title":"SF28HCBATDM r\u00e9frig\u00e9rateur | HABCO","description":"D\u00e9couvrez le r\u00e9frig\u00e9rateur compact et puissant de HABCO, id\u00e9al pour les petits espaces commerciaux avec des performances fiables. Commandez d\u00e8s maintenant.","robots":{"index":"index","follow":"follow","max-snippet":"max-snippet:-1","max-image-preview":"max-image-preview:large","max-video-preview":"max-video-preview:-1"},"canonical":"https:\/\/habcomfg.com\/fr\/product\/sf28hcbatdm\/","og_locale":"fr_FR","og_type":"article","og_title":"SF28HCBATDM r\u00e9frig\u00e9rateur | HABCO","og_description":"D\u00e9couvrez le r\u00e9frig\u00e9rateur compact et puissant de HABCO, id\u00e9al pour les petits espaces commerciaux avec des performances fiables. Commandez d\u00e8s maintenant.","og_url":"https:\/\/habcomfg.com\/fr\/product\/sf28hcbatdm\/","og_site_name":"Habco Manufacturing","article_modified_time":"2026-03-04T14:48:57+00:00","og_image":[{"width":821,"height":1233,"url":"https:\/\/habcomfg.com\/wp-content\/uploads\/2023\/06\/SF28HCBATDM_Freezer-2.png","type":"image\/png"}],"twitter_card":"summary_large_image","twitter_misc":{"Dur\u00e9e de lecture estim\u00e9e":"1 minute"},"schema":{"@context":"https:\/\/schema.org","@graph":[{"@type":"WebPage","@id":"https:\/\/habcomfg.com\/fr\/product\/sf28hcbatdm\/","url":"https:\/\/habcomfg.com\/fr\/product\/sf28hcbatdm\/","name":"SF28HCBATDM r\u00e9frig\u00e9rateur | HABCO","isPartOf":{"@id":"https:\/\/habcomfg.com\/fr\/#website"},"primaryImageOfPage":{"@id":"https:\/\/habcomfg.com\/fr\/product\/sf28hcbatdm\/#primaryimage"},"image":{"@id":"https:\/\/habcomfg.com\/fr\/product\/sf28hcbatdm\/#primaryimage"},"thumbnailUrl":"https:\/\/habcomfg.com\/wp-content\/uploads\/2023\/06\/SF28HCBATDM_Freezer-2.png","datePublished":"2023-06-26T19:30:22+00:00","dateModified":"2026-03-04T14:48:57+00:00","description":"D\u00e9couvrez le r\u00e9frig\u00e9rateur compact et puissant de HABCO, id\u00e9al pour les petits espaces commerciaux avec des performances fiables. Commandez d\u00e8s maintenant.","breadcrumb":{"@id":"https:\/\/habcomfg.com\/fr\/product\/sf28hcbatdm\/#breadcrumb"},"inLanguage":"fr-FR","potentialAction":[{"@type":"ReadAction","target":["https:\/\/habcomfg.com\/fr\/product\/sf28hcbatdm\/"]}]},{"@type":"ImageObject","inLanguage":"fr-FR","@id":"https:\/\/habcomfg.com\/fr\/product\/sf28hcbatdm\/#primaryimage","url":"https:\/\/habcomfg.com\/wp-content\/uploads\/2023\/06\/SF28HCBATDM_Freezer-2.png","contentUrl":"https:\/\/habcomfg.com\/wp-content\/uploads\/2023\/06\/SF28HCBATDM_Freezer-2.png","width":821,"height":1233,"caption":"SF28HCBATDM Freezer 2"},{"@type":"BreadcrumbList","@id":"https:\/\/habcomfg.com\/fr\/product\/sf28hcbatdm\/#breadcrumb","itemListElement":[{"@type":"ListItem","position":1,"name":"Home","item":"https:\/\/habcomfg.com\/fr\/"},{"@type":"ListItem","position":2,"name":"Shop","item":"https:\/\/habcomfg.com\/shop\/"},{"@type":"ListItem","position":3,"name":"SF28HCBATDM"}]},{"@type":"WebSite","@id":"https:\/\/habcomfg.com\/fr\/#website","url":"https:\/\/habcomfg.com\/fr\/","name":"Habco Manufacturing","description":"Commercial Refrigerators &amp; Freezers","potentialAction":[{"@type":"SearchAction","target":{"@type":"EntryPoint","urlTemplate":"https:\/\/habcomfg.com\/fr\/?s={search_term_string}"},"query-input":{"@type":"PropertyValueSpecification","valueRequired":true,"valueName":"search_term_string"}}],"inLanguage":"fr-FR"}]}},"_links":{"self":[{"href":"https:\/\/habcomfg.com\/fr\/wp-json\/wp\/v2\/product\/23454","targetHints":{"allow":["GET"]}}],"collection":[{"href":"https:\/\/habcomfg.com\/fr\/wp-json\/wp\/v2\/product"}],"about":[{"href":"https:\/\/habcomfg.com\/fr\/wp-json\/wp\/v2\/types\/product"}],"replies":[{"embeddable":true,"href":"https:\/\/habcomfg.com\/fr\/wp-json\/wp\/v2\/comments?post=23454"}],"wp:featuredmedia":[{"embeddable":true,"href":"https:\/\/habcomfg.com\/fr\/wp-json\/wp\/v2\/media\/26503"}],"wp:attachment":[{"href":"https:\/\/habcomfg.com\/fr\/wp-json\/wp\/v2\/media?parent=23454"}],"wp:term":[{"taxonomy":"product_brand","embeddable":true,"href":"https:\/\/habcomfg.com\/fr\/wp-json\/wp\/v2\/product_brand?post=23454"},{"taxonomy":"product_cat","embeddable":true,"href":"https:\/\/habcomfg.com\/fr\/wp-json\/wp\/v2\/product_cat?post=23454"},{"taxonomy":"product_tag","embeddable":true,"href":"https:\/\/habcomfg.com\/fr\/wp-json\/wp\/v2\/product_tag?post=23454"}],"curies":[{"name":"wp","href":"https:\/\/api.w.org\/{rel}","templated":true}]}}