{"id":23274,"date":"2023-05-18T18:40:52","date_gmt":"2023-05-18T22:40:52","guid":{"rendered":"https:\/\/habco.bluehat.hosting\/?post_type=product&#038;p=23274"},"modified":"2023-11-28T10:58:45","modified_gmt":"2023-11-28T15:58:45","slug":"sf28hcbxtdm","status":"publish","type":"product","link":"https:\/\/habcomfg.com\/fr\/product\/sf28hcbxtdm\/","title":{"rendered":"SF28HCBXTDM"},"content":{"rendered":"<div class=\"fusion-fullwidth fullwidth-box fusion-builder-row-1 fusion-flex-container nonhundred-percent-fullwidth non-hundred-percent-height-scrolling\" style=\"--awb-border-radius-top-left:0px;--awb-border-radius-top-right:0px;--awb-border-radius-bottom-right:0px;--awb-border-radius-bottom-left:0px;--awb-padding-top:0px;--awb-padding-right:0px;--awb-padding-bottom:0px;--awb-padding-left:0px;--awb-margin-top:0px;--awb-margin-bottom:0px;--awb-flex-wrap:wrap;\" ><div class=\"fusion-builder-row fusion-row fusion-flex-align-items-flex-start fusion-flex-content-wrap\" style=\"max-width:1216.8px;margin-left: calc(-4% \/ 2 );margin-right: calc(-4% \/ 2 );\"><div class=\"fusion-layout-column fusion_builder_column fusion-builder-column-0 fusion_builder_column_1_1 1_1 fusion-flex-column\" style=\"--awb-bg-size:cover;--awb-width-large:100%;--awb-margin-top-large:0px;--awb-spacing-right-large:1.92%;--awb-margin-bottom-large:0px;--awb-spacing-left-large:1.92%;--awb-width-medium:100%;--awb-spacing-right-medium:1.92%;--awb-spacing-left-medium:1.92%;--awb-width-small:100%;--awb-spacing-right-small:1.92%;--awb-spacing-left-small:1.92%;\"><div class=\"fusion-column-wrapper fusion-flex-justify-content-flex-start fusion-content-layout-column\"><div class=\"fusion-text fusion-text-1\"><p>Dans l&rsquo;ensemble, un cong\u00e9lateur vertical avec un syst\u00e8me de verrouillage de porte automatis\u00e9 est un investissement pr\u00e9cieux pour les entreprises, offrant une s\u00e9curit\u00e9 accrue, une s\u00e9curit\u00e9 alimentaire accrue, une efficacit\u00e9 \u00e9nerg\u00e9tique am\u00e9lior\u00e9e, une commodit\u00e9 accrue et un risque r\u00e9duit de d\u00e9t\u00e9rioration.<\/p>\n<p>Chez HABCO, nous nous engageons \u00e0 fournir les meilleures solutions de r\u00e9frig\u00e9ration pour les entreprises de toutes tailles. Notre \u00e9quipe d&rsquo;experts travaillera en \u00e9troite collaboration avec vous pour comprendre vos besoins et vos exigences uniques et vous recommander la meilleure unit\u00e9 de r\u00e9frig\u00e9ration pour votre entreprise.<\/p>\n<p>Nous proposons une large gamme de solutions de r\u00e9frig\u00e9ration commerciale, toutes con\u00e7ues pour mettre en valeur votre marque et vos produits avec clart\u00e9 et efficacit\u00e9. Ces unit\u00e9s sont disponibles dans une vari\u00e9t\u00e9 de tailles et de styles, vous pouvez donc choisir celle qui convient le mieux \u00e0 votre entreprise.<\/p>\n<p>De plus, nous proposons des options de fret et de livraison flexibles pour garantir que votre unit\u00e9 de r\u00e9frig\u00e9ration arrive en toute s\u00e9curit\u00e9 et \u00e0 temps. Notre \u00e9quipe se consacre \u00e0 fournir un service client exceptionnel et nous sommes toujours disponibles pour r\u00e9pondre \u00e0 toutes vos questions ou pr\u00e9occupations.<\/p>\n<p>Contactez-nous d\u00e8s aujourd&rsquo;hui pour en savoir plus sur nos solutions de r\u00e9frig\u00e9ration et trouver l&rsquo;unit\u00e9 parfaite pour votre entreprise.<\/p>\n<\/div><\/div><\/div><\/div><\/div>\n","protected":false},"excerpt":{"rendered":"<p>Avec la tendance des services alimentaires et des points de vente au d\u00e9tail vers des environnements automatis\u00e9s, sans personnel et en libre-service, le besoin de solutions alimentaires et de boissons fiables, \u00e9conomiques et \u00e0 temp\u00e9rature contr\u00f4l\u00e9e n&rsquo;a jamais \u00e9t\u00e9 aussi \u00e9lev\u00e9. La gamme HABCO de r\u00e9frig\u00e9rateurs HealthLock\u2122 et<\/p>\n<p>Les cong\u00e9lateurs offrent des solutions abordables et \u00e9l\u00e9gantes qui garantissent la qualit\u00e9, la s\u00e9curit\u00e9 et une exp\u00e9rience client optimale.<\/p>\n","protected":false},"featured_media":23678,"comment_status":"open","ping_status":"closed","template":"","meta":{"_acf_changed":false},"product_brand":[],"product_cat":[133,138,136,175],"product_tag":[],"class_list":{"0":"post-23274","1":"product","2":"type-product","3":"status-publish","4":"has-post-thumbnail","6":"product_cat-refrigerateur-commercial","7":"product_cat-frozen-space-merchandisers-glass-swing-door-3-fr","8":"product_cat-frozen-space-merchandisers-glass-swing-door-fr","9":"product_cat-pet-fr","11":"first","12":"instock","13":"shipping-taxable","14":"product-type-simple"},"acf":[],"yoast_head":"<!-- This site is optimized with the Yoast SEO plugin v27.3 - https:\/\/yoast.com\/product\/yoast-seo-wordpress\/ -->\n<title>SF28HCBXTDM - Habco Manufacturing<\/title>\n<meta name=\"description\" content=\"SF28HCBXTDM - Le cong\u00e9lateur \u00e0 porte vitr\u00e9e haute capacit\u00e9, Froze Space Merchandiser\u2122 offre un impact et un attrait pour vos articles de vente au d\u00e9tail stock\u00e9s au froid. Achetez chez HABCO d\u00e8s aujourd&#039;hui !\" \/>\n<meta name=\"robots\" content=\"index, follow, max-snippet:-1, max-image-preview:large, max-video-preview:-1\" \/>\n<link rel=\"canonical\" href=\"https:\/\/habcomfg.com\/fr\/product\/sf28hcbxtdm\/\" \/>\n<meta property=\"og:locale\" content=\"fr_FR\" \/>\n<meta property=\"og:type\" content=\"article\" \/>\n<meta property=\"og:title\" content=\"SF28HCBXTDM - Habco Manufacturing\" \/>\n<meta property=\"og:description\" content=\"SF28HCBXTDM - Le cong\u00e9lateur \u00e0 porte vitr\u00e9e haute capacit\u00e9, Froze Space Merchandiser\u2122 offre un impact et un attrait pour vos articles de vente au d\u00e9tail stock\u00e9s au froid. Achetez chez HABCO d\u00e8s aujourd&#039;hui !\" \/>\n<meta property=\"og:url\" content=\"https:\/\/habcomfg.com\/fr\/product\/sf28hcbxtdm\/\" \/>\n<meta property=\"og:site_name\" content=\"Habco Manufacturing\" \/>\n<meta property=\"article:modified_time\" content=\"2023-11-28T15:58:45+00:00\" \/>\n<meta property=\"og:image\" content=\"https:\/\/habcomfg.com\/wp-content\/uploads\/2023\/05\/SF28HCBTDM-FR-BLK-3_4-1.jpg\" \/>\n\t<meta property=\"og:image:width\" content=\"1200\" \/>\n\t<meta property=\"og:image:height\" content=\"1803\" \/>\n\t<meta property=\"og:image:type\" content=\"image\/jpeg\" \/>\n<meta name=\"twitter:card\" content=\"summary_large_image\" \/>\n<meta name=\"twitter:label1\" content=\"Dur\u00e9e de lecture estim\u00e9e\" \/>\n\t<meta name=\"twitter:data1\" content=\"2 minutes\" \/>\n<script type=\"application\/ld+json\" class=\"yoast-schema-graph\">{\"@context\":\"https:\\\/\\\/schema.org\",\"@graph\":[{\"@type\":\"WebPage\",\"@id\":\"https:\\\/\\\/habcomfg.com\\\/fr\\\/product\\\/sf28hcbxtdm\\\/\",\"url\":\"https:\\\/\\\/habcomfg.com\\\/fr\\\/product\\\/sf28hcbxtdm\\\/\",\"name\":\"SF28HCBXTDM - Habco Manufacturing\",\"isPartOf\":{\"@id\":\"https:\\\/\\\/habcomfg.com\\\/fr\\\/#website\"},\"primaryImageOfPage\":{\"@id\":\"https:\\\/\\\/habcomfg.com\\\/fr\\\/product\\\/sf28hcbxtdm\\\/#primaryimage\"},\"image\":{\"@id\":\"https:\\\/\\\/habcomfg.com\\\/fr\\\/product\\\/sf28hcbxtdm\\\/#primaryimage\"},\"thumbnailUrl\":\"https:\\\/\\\/habcomfg.com\\\/wp-content\\\/uploads\\\/2023\\\/05\\\/SF28HCBTDM-FR-BLK-3_4-1.jpg\",\"datePublished\":\"2023-05-18T22:40:52+00:00\",\"dateModified\":\"2023-11-28T15:58:45+00:00\",\"description\":\"SF28HCBXTDM - Le cong\u00e9lateur \u00e0 porte vitr\u00e9e haute capacit\u00e9, Froze Space Merchandiser\u2122 offre un impact et un attrait pour vos articles de vente au d\u00e9tail stock\u00e9s au froid. Achetez chez HABCO d\u00e8s aujourd'hui !\",\"breadcrumb\":{\"@id\":\"https:\\\/\\\/habcomfg.com\\\/fr\\\/product\\\/sf28hcbxtdm\\\/#breadcrumb\"},\"inLanguage\":\"fr-FR\",\"potentialAction\":[{\"@type\":\"ReadAction\",\"target\":[\"https:\\\/\\\/habcomfg.com\\\/fr\\\/product\\\/sf28hcbxtdm\\\/\"]}]},{\"@type\":\"ImageObject\",\"inLanguage\":\"fr-FR\",\"@id\":\"https:\\\/\\\/habcomfg.com\\\/fr\\\/product\\\/sf28hcbxtdm\\\/#primaryimage\",\"url\":\"https:\\\/\\\/habcomfg.com\\\/wp-content\\\/uploads\\\/2023\\\/05\\\/SF28HCBTDM-FR-BLK-3_4-1.jpg\",\"contentUrl\":\"https:\\\/\\\/habcomfg.com\\\/wp-content\\\/uploads\\\/2023\\\/05\\\/SF28HCBTDM-FR-BLK-3_4-1.jpg\",\"width\":1200,\"height\":1803,\"caption\":\"SF28HCBTDM FR BLK 3 4 1\"},{\"@type\":\"BreadcrumbList\",\"@id\":\"https:\\\/\\\/habcomfg.com\\\/fr\\\/product\\\/sf28hcbxtdm\\\/#breadcrumb\",\"itemListElement\":[{\"@type\":\"ListItem\",\"position\":1,\"name\":\"Home\",\"item\":\"https:\\\/\\\/habcomfg.com\\\/fr\\\/\"},{\"@type\":\"ListItem\",\"position\":2,\"name\":\"Shop\",\"item\":\"https:\\\/\\\/habcomfg.com\\\/shop\\\/\"},{\"@type\":\"ListItem\",\"position\":3,\"name\":\"SF28HCBXTDM\"}]},{\"@type\":\"WebSite\",\"@id\":\"https:\\\/\\\/habcomfg.com\\\/fr\\\/#website\",\"url\":\"https:\\\/\\\/habcomfg.com\\\/fr\\\/\",\"name\":\"Habco Manufacturing\",\"description\":\"Commercial Refrigerators &amp; Freezers\",\"potentialAction\":[{\"@type\":\"SearchAction\",\"target\":{\"@type\":\"EntryPoint\",\"urlTemplate\":\"https:\\\/\\\/habcomfg.com\\\/fr\\\/?s={search_term_string}\"},\"query-input\":{\"@type\":\"PropertyValueSpecification\",\"valueRequired\":true,\"valueName\":\"search_term_string\"}}],\"inLanguage\":\"fr-FR\"}]}<\/script>\n<!-- \/ Yoast SEO plugin. -->","yoast_head_json":{"title":"SF28HCBXTDM - Habco Manufacturing","description":"SF28HCBXTDM - Le cong\u00e9lateur \u00e0 porte vitr\u00e9e haute capacit\u00e9, Froze Space Merchandiser\u2122 offre un impact et un attrait pour vos articles de vente au d\u00e9tail stock\u00e9s au froid. Achetez chez HABCO d\u00e8s aujourd'hui !","robots":{"index":"index","follow":"follow","max-snippet":"max-snippet:-1","max-image-preview":"max-image-preview:large","max-video-preview":"max-video-preview:-1"},"canonical":"https:\/\/habcomfg.com\/fr\/product\/sf28hcbxtdm\/","og_locale":"fr_FR","og_type":"article","og_title":"SF28HCBXTDM - Habco Manufacturing","og_description":"SF28HCBXTDM - Le cong\u00e9lateur \u00e0 porte vitr\u00e9e haute capacit\u00e9, Froze Space Merchandiser\u2122 offre un impact et un attrait pour vos articles de vente au d\u00e9tail stock\u00e9s au froid. Achetez chez HABCO d\u00e8s aujourd'hui !","og_url":"https:\/\/habcomfg.com\/fr\/product\/sf28hcbxtdm\/","og_site_name":"Habco Manufacturing","article_modified_time":"2023-11-28T15:58:45+00:00","og_image":[{"width":1200,"height":1803,"url":"https:\/\/habcomfg.com\/wp-content\/uploads\/2023\/05\/SF28HCBTDM-FR-BLK-3_4-1.jpg","type":"image\/jpeg"}],"twitter_card":"summary_large_image","twitter_misc":{"Dur\u00e9e de lecture estim\u00e9e":"2 minutes"},"schema":{"@context":"https:\/\/schema.org","@graph":[{"@type":"WebPage","@id":"https:\/\/habcomfg.com\/fr\/product\/sf28hcbxtdm\/","url":"https:\/\/habcomfg.com\/fr\/product\/sf28hcbxtdm\/","name":"SF28HCBXTDM - Habco Manufacturing","isPartOf":{"@id":"https:\/\/habcomfg.com\/fr\/#website"},"primaryImageOfPage":{"@id":"https:\/\/habcomfg.com\/fr\/product\/sf28hcbxtdm\/#primaryimage"},"image":{"@id":"https:\/\/habcomfg.com\/fr\/product\/sf28hcbxtdm\/#primaryimage"},"thumbnailUrl":"https:\/\/habcomfg.com\/wp-content\/uploads\/2023\/05\/SF28HCBTDM-FR-BLK-3_4-1.jpg","datePublished":"2023-05-18T22:40:52+00:00","dateModified":"2023-11-28T15:58:45+00:00","description":"SF28HCBXTDM - Le cong\u00e9lateur \u00e0 porte vitr\u00e9e haute capacit\u00e9, Froze Space Merchandiser\u2122 offre un impact et un attrait pour vos articles de vente au d\u00e9tail stock\u00e9s au froid. Achetez chez HABCO d\u00e8s aujourd'hui !","breadcrumb":{"@id":"https:\/\/habcomfg.com\/fr\/product\/sf28hcbxtdm\/#breadcrumb"},"inLanguage":"fr-FR","potentialAction":[{"@type":"ReadAction","target":["https:\/\/habcomfg.com\/fr\/product\/sf28hcbxtdm\/"]}]},{"@type":"ImageObject","inLanguage":"fr-FR","@id":"https:\/\/habcomfg.com\/fr\/product\/sf28hcbxtdm\/#primaryimage","url":"https:\/\/habcomfg.com\/wp-content\/uploads\/2023\/05\/SF28HCBTDM-FR-BLK-3_4-1.jpg","contentUrl":"https:\/\/habcomfg.com\/wp-content\/uploads\/2023\/05\/SF28HCBTDM-FR-BLK-3_4-1.jpg","width":1200,"height":1803,"caption":"SF28HCBTDM FR BLK 3 4 1"},{"@type":"BreadcrumbList","@id":"https:\/\/habcomfg.com\/fr\/product\/sf28hcbxtdm\/#breadcrumb","itemListElement":[{"@type":"ListItem","position":1,"name":"Home","item":"https:\/\/habcomfg.com\/fr\/"},{"@type":"ListItem","position":2,"name":"Shop","item":"https:\/\/habcomfg.com\/shop\/"},{"@type":"ListItem","position":3,"name":"SF28HCBXTDM"}]},{"@type":"WebSite","@id":"https:\/\/habcomfg.com\/fr\/#website","url":"https:\/\/habcomfg.com\/fr\/","name":"Habco Manufacturing","description":"Commercial Refrigerators &amp; Freezers","potentialAction":[{"@type":"SearchAction","target":{"@type":"EntryPoint","urlTemplate":"https:\/\/habcomfg.com\/fr\/?s={search_term_string}"},"query-input":{"@type":"PropertyValueSpecification","valueRequired":true,"valueName":"search_term_string"}}],"inLanguage":"fr-FR"}]}},"_links":{"self":[{"href":"https:\/\/habcomfg.com\/fr\/wp-json\/wp\/v2\/product\/23274","targetHints":{"allow":["GET"]}}],"collection":[{"href":"https:\/\/habcomfg.com\/fr\/wp-json\/wp\/v2\/product"}],"about":[{"href":"https:\/\/habcomfg.com\/fr\/wp-json\/wp\/v2\/types\/product"}],"replies":[{"embeddable":true,"href":"https:\/\/habcomfg.com\/fr\/wp-json\/wp\/v2\/comments?post=23274"}],"wp:featuredmedia":[{"embeddable":true,"href":"https:\/\/habcomfg.com\/fr\/wp-json\/wp\/v2\/media\/23678"}],"wp:attachment":[{"href":"https:\/\/habcomfg.com\/fr\/wp-json\/wp\/v2\/media?parent=23274"}],"wp:term":[{"taxonomy":"product_brand","embeddable":true,"href":"https:\/\/habcomfg.com\/fr\/wp-json\/wp\/v2\/product_brand?post=23274"},{"taxonomy":"product_cat","embeddable":true,"href":"https:\/\/habcomfg.com\/fr\/wp-json\/wp\/v2\/product_cat?post=23274"},{"taxonomy":"product_tag","embeddable":true,"href":"https:\/\/habcomfg.com\/fr\/wp-json\/wp\/v2\/product_tag?post=23274"}],"curies":[{"name":"wp","href":"https:\/\/api.w.org\/{rel}","templated":true}]}}