{"id":22597,"date":"2022-09-23T20:20:16","date_gmt":"2022-09-24T00:20:16","guid":{"rendered":"https:\/\/habco.bluehat.hosting\/product\/sf46hc-bxm\/"},"modified":"2023-11-28T10:59:08","modified_gmt":"2023-11-28T15:59:08","slug":"sf46hc-bxm","status":"publish","type":"product","link":"https:\/\/habcomfg.com\/fr\/product\/sf46hc-bxm\/","title":{"rendered":"SF46HC BXM"},"content":{"rendered":"<div class=\"fusion-fullwidth fullwidth-box fusion-builder-row-1 fusion-flex-container nonhundred-percent-fullwidth non-hundred-percent-height-scrolling\" style=\"--awb-border-radius-top-left:0px;--awb-border-radius-top-right:0px;--awb-border-radius-bottom-right:0px;--awb-border-radius-bottom-left:0px;--awb-padding-top:0px;--awb-padding-right:0px;--awb-padding-bottom:0px;--awb-padding-left:0px;--awb-margin-top:0px;--awb-margin-bottom:0px;--awb-flex-wrap:wrap;\" ><div class=\"fusion-builder-row fusion-row fusion-flex-align-items-flex-start fusion-flex-content-wrap\" style=\"max-width:1216.8px;margin-left: calc(-4% \/ 2 );margin-right: calc(-4% \/ 2 );\"><div class=\"fusion-layout-column fusion_builder_column fusion-builder-column-0 fusion_builder_column_1_1 1_1 fusion-flex-column\" style=\"--awb-bg-size:cover;--awb-width-large:100%;--awb-margin-top-large:0px;--awb-spacing-right-large:1.92%;--awb-margin-bottom-large:0px;--awb-spacing-left-large:1.92%;--awb-width-medium:100%;--awb-spacing-right-medium:1.92%;--awb-spacing-left-medium:1.92%;--awb-width-small:100%;--awb-spacing-right-small:1.92%;--awb-spacing-left-small:1.92%;\"><div class=\"fusion-column-wrapper fusion-flex-justify-content-flex-start fusion-content-layout-column\"><div class=\"fusion-text fusion-text-1\"><p>** Ajoutez 1\u2033 (26mm) pour le cordon d&rsquo;alimentation.<br \/>\n*** Ajouter 3 \/8\u2033 (10mm) pour les niveleurs filet\u00e9s. Millim\u00e8tres arrondis<\/p>\n<\/div><div ><a class=\"fusion-button button-flat fusion-button-default-size button-default fusion-button-default button-1 fusion-button-default-span fusion-button-default-type\" style=\"--button-border-radius-top-left:0px;--button-border-radius-top-right:0px;--button-border-radius-bottom-right:0px;--button-border-radius-bottom-left:0px;\" target=\"_blank\" rel=\"noopener noreferrer\" href=\"\/wp-content\/uploads\/2023\/07\/SF46-Media-Specs-10619179.pdf\"><span class=\"fusion-button-text awb-button__text awb-button__text--default\">T\u00e9l\u00e9charger le mod\u00e8le de graphique<\/span><\/a><\/div><\/div><\/div><\/div><\/div>\n","protected":false},"excerpt":{"rendered":"<p>Grande capacit\u00e9, double porte battante, Froze Space Merchandiser\u2122 con\u00e7u pour le merchandising de volume avec un impact et un attrait de premier ordre. Le format large offre un maximum de merchandising \u00e9clair\u00e9 par LED dans un ensemble robuste, mais \u00e0 faible consommation d&rsquo;\u00e9nergie. Pr\u00e9r\u00e9gl\u00e9 en usine \u00e0 -23\u00b0C (-10\u00b0F) pour conserver les produits congel\u00e9s.<\/p>\n","protected":false},"featured_media":22267,"comment_status":"open","ping_status":"closed","template":"","meta":{"_acf_changed":false},"product_brand":[],"product_cat":[126,133,137,138,139,136,117,112,175,106],"product_tag":[],"class_list":{"0":"post-22597","1":"product","2":"type-product","3":"status-publish","4":"has-post-thumbnail","6":"product_cat-food-services-fr","7":"product_cat-refrigerateur-commercial","8":"product_cat-frozen-space-merchandisers-glass-swing-door-2-fr","9":"product_cat-frozen-space-merchandisers-glass-swing-door-3-fr","10":"product_cat-frozen-space-merchandisers-glass-swing-door-4-fr","11":"product_cat-frozen-space-merchandisers-glass-swing-door-fr","12":"product_cat-micromarket-fr","13":"product_cat-pet-specialty-fr","14":"product_cat-pet-fr","15":"product_cat-retail","17":"first","18":"instock","19":"shipping-taxable","20":"product-type-simple"},"acf":[],"yoast_head":"<!-- This site is optimized with the Yoast SEO plugin v27.3 - https:\/\/yoast.com\/product\/yoast-seo-wordpress\/ -->\n<title>Produit SF46HC BXM | HABCO<\/title>\n<meta name=\"description\" content=\"SF46HC BXM - Le cong\u00e9lateur \u00e0 porte vitr\u00e9e haute capacit\u00e9 Froze Space Merchandiser\u2122 offre un impact et un attrait pour vos articles de vente au d\u00e9tail stock\u00e9s au froid. Achetez chez HABCO d\u00e8s aujourd&#039;hui !\" \/>\n<meta name=\"robots\" content=\"index, follow, max-snippet:-1, max-image-preview:large, max-video-preview:-1\" \/>\n<link rel=\"canonical\" href=\"https:\/\/habcomfg.com\/fr\/product\/sf46hc-bxm\/\" \/>\n<meta property=\"og:locale\" content=\"fr_FR\" \/>\n<meta property=\"og:type\" content=\"article\" \/>\n<meta property=\"og:title\" content=\"Produit SF46HC BXM | HABCO\" \/>\n<meta property=\"og:description\" content=\"SF46HC BXM - Le cong\u00e9lateur \u00e0 porte vitr\u00e9e haute capacit\u00e9 Froze Space Merchandiser\u2122 offre un impact et un attrait pour vos articles de vente au d\u00e9tail stock\u00e9s au froid. Achetez chez HABCO d\u00e8s aujourd&#039;hui !\" \/>\n<meta property=\"og:url\" content=\"https:\/\/habcomfg.com\/fr\/product\/sf46hc-bxm\/\" \/>\n<meta property=\"og:site_name\" content=\"Habco Manufacturing\" \/>\n<meta property=\"article:modified_time\" content=\"2023-11-28T15:59:08+00:00\" \/>\n<meta property=\"og:image\" content=\"https:\/\/habcomfg.com\/wp-content\/uploads\/2022\/09\/SF46HC-BXM-corner.jpg\" \/>\n\t<meta property=\"og:image:width\" content=\"997\" \/>\n\t<meta property=\"og:image:height\" content=\"1500\" \/>\n\t<meta property=\"og:image:type\" content=\"image\/jpeg\" \/>\n<meta name=\"twitter:card\" content=\"summary_large_image\" \/>\n<meta name=\"twitter:label1\" content=\"Dur\u00e9e de lecture estim\u00e9e\" \/>\n\t<meta name=\"twitter:data1\" content=\"2 minutes\" \/>\n<script type=\"application\/ld+json\" class=\"yoast-schema-graph\">{\"@context\":\"https:\\\/\\\/schema.org\",\"@graph\":[{\"@type\":\"WebPage\",\"@id\":\"https:\\\/\\\/habcomfg.com\\\/fr\\\/product\\\/sf46hc-bxm\\\/\",\"url\":\"https:\\\/\\\/habcomfg.com\\\/fr\\\/product\\\/sf46hc-bxm\\\/\",\"name\":\"Produit SF46HC BXM | HABCO\",\"isPartOf\":{\"@id\":\"https:\\\/\\\/habcomfg.com\\\/fr\\\/#website\"},\"primaryImageOfPage\":{\"@id\":\"https:\\\/\\\/habcomfg.com\\\/fr\\\/product\\\/sf46hc-bxm\\\/#primaryimage\"},\"image\":{\"@id\":\"https:\\\/\\\/habcomfg.com\\\/fr\\\/product\\\/sf46hc-bxm\\\/#primaryimage\"},\"thumbnailUrl\":\"https:\\\/\\\/habcomfg.com\\\/wp-content\\\/uploads\\\/2022\\\/09\\\/SF46HC-BXM-corner.jpg\",\"datePublished\":\"2022-09-24T00:20:16+00:00\",\"dateModified\":\"2023-11-28T15:59:08+00:00\",\"description\":\"SF46HC BXM - Le cong\u00e9lateur \u00e0 porte vitr\u00e9e haute capacit\u00e9 Froze Space Merchandiser\u2122 offre un impact et un attrait pour vos articles de vente au d\u00e9tail stock\u00e9s au froid. Achetez chez HABCO d\u00e8s aujourd'hui !\",\"breadcrumb\":{\"@id\":\"https:\\\/\\\/habcomfg.com\\\/fr\\\/product\\\/sf46hc-bxm\\\/#breadcrumb\"},\"inLanguage\":\"fr-FR\",\"potentialAction\":[{\"@type\":\"ReadAction\",\"target\":[\"https:\\\/\\\/habcomfg.com\\\/fr\\\/product\\\/sf46hc-bxm\\\/\"]}]},{\"@type\":\"ImageObject\",\"inLanguage\":\"fr-FR\",\"@id\":\"https:\\\/\\\/habcomfg.com\\\/fr\\\/product\\\/sf46hc-bxm\\\/#primaryimage\",\"url\":\"https:\\\/\\\/habcomfg.com\\\/wp-content\\\/uploads\\\/2022\\\/09\\\/SF46HC-BXM-corner.jpg\",\"contentUrl\":\"https:\\\/\\\/habcomfg.com\\\/wp-content\\\/uploads\\\/2022\\\/09\\\/SF46HC-BXM-corner.jpg\",\"width\":997,\"height\":1500,\"caption\":\"SF46HC BXM corner\"},{\"@type\":\"BreadcrumbList\",\"@id\":\"https:\\\/\\\/habcomfg.com\\\/fr\\\/product\\\/sf46hc-bxm\\\/#breadcrumb\",\"itemListElement\":[{\"@type\":\"ListItem\",\"position\":1,\"name\":\"Home\",\"item\":\"https:\\\/\\\/habcomfg.com\\\/fr\\\/\"},{\"@type\":\"ListItem\",\"position\":2,\"name\":\"Shop\",\"item\":\"https:\\\/\\\/habcomfg.com\\\/shop\\\/\"},{\"@type\":\"ListItem\",\"position\":3,\"name\":\"SF46HC BXM\"}]},{\"@type\":\"WebSite\",\"@id\":\"https:\\\/\\\/habcomfg.com\\\/fr\\\/#website\",\"url\":\"https:\\\/\\\/habcomfg.com\\\/fr\\\/\",\"name\":\"Habco Manufacturing\",\"description\":\"Commercial Refrigerators &amp; Freezers\",\"potentialAction\":[{\"@type\":\"SearchAction\",\"target\":{\"@type\":\"EntryPoint\",\"urlTemplate\":\"https:\\\/\\\/habcomfg.com\\\/fr\\\/?s={search_term_string}\"},\"query-input\":{\"@type\":\"PropertyValueSpecification\",\"valueRequired\":true,\"valueName\":\"search_term_string\"}}],\"inLanguage\":\"fr-FR\"}]}<\/script>\n<!-- \/ Yoast SEO plugin. -->","yoast_head_json":{"title":"Produit SF46HC BXM | HABCO","description":"SF46HC BXM - Le cong\u00e9lateur \u00e0 porte vitr\u00e9e haute capacit\u00e9 Froze Space Merchandiser\u2122 offre un impact et un attrait pour vos articles de vente au d\u00e9tail stock\u00e9s au froid. Achetez chez HABCO d\u00e8s aujourd'hui !","robots":{"index":"index","follow":"follow","max-snippet":"max-snippet:-1","max-image-preview":"max-image-preview:large","max-video-preview":"max-video-preview:-1"},"canonical":"https:\/\/habcomfg.com\/fr\/product\/sf46hc-bxm\/","og_locale":"fr_FR","og_type":"article","og_title":"Produit SF46HC BXM | HABCO","og_description":"SF46HC BXM - Le cong\u00e9lateur \u00e0 porte vitr\u00e9e haute capacit\u00e9 Froze Space Merchandiser\u2122 offre un impact et un attrait pour vos articles de vente au d\u00e9tail stock\u00e9s au froid. Achetez chez HABCO d\u00e8s aujourd'hui !","og_url":"https:\/\/habcomfg.com\/fr\/product\/sf46hc-bxm\/","og_site_name":"Habco Manufacturing","article_modified_time":"2023-11-28T15:59:08+00:00","og_image":[{"width":997,"height":1500,"url":"https:\/\/habcomfg.com\/wp-content\/uploads\/2022\/09\/SF46HC-BXM-corner.jpg","type":"image\/jpeg"}],"twitter_card":"summary_large_image","twitter_misc":{"Dur\u00e9e de lecture estim\u00e9e":"2 minutes"},"schema":{"@context":"https:\/\/schema.org","@graph":[{"@type":"WebPage","@id":"https:\/\/habcomfg.com\/fr\/product\/sf46hc-bxm\/","url":"https:\/\/habcomfg.com\/fr\/product\/sf46hc-bxm\/","name":"Produit SF46HC BXM | HABCO","isPartOf":{"@id":"https:\/\/habcomfg.com\/fr\/#website"},"primaryImageOfPage":{"@id":"https:\/\/habcomfg.com\/fr\/product\/sf46hc-bxm\/#primaryimage"},"image":{"@id":"https:\/\/habcomfg.com\/fr\/product\/sf46hc-bxm\/#primaryimage"},"thumbnailUrl":"https:\/\/habcomfg.com\/wp-content\/uploads\/2022\/09\/SF46HC-BXM-corner.jpg","datePublished":"2022-09-24T00:20:16+00:00","dateModified":"2023-11-28T15:59:08+00:00","description":"SF46HC BXM - Le cong\u00e9lateur \u00e0 porte vitr\u00e9e haute capacit\u00e9 Froze Space Merchandiser\u2122 offre un impact et un attrait pour vos articles de vente au d\u00e9tail stock\u00e9s au froid. Achetez chez HABCO d\u00e8s aujourd'hui !","breadcrumb":{"@id":"https:\/\/habcomfg.com\/fr\/product\/sf46hc-bxm\/#breadcrumb"},"inLanguage":"fr-FR","potentialAction":[{"@type":"ReadAction","target":["https:\/\/habcomfg.com\/fr\/product\/sf46hc-bxm\/"]}]},{"@type":"ImageObject","inLanguage":"fr-FR","@id":"https:\/\/habcomfg.com\/fr\/product\/sf46hc-bxm\/#primaryimage","url":"https:\/\/habcomfg.com\/wp-content\/uploads\/2022\/09\/SF46HC-BXM-corner.jpg","contentUrl":"https:\/\/habcomfg.com\/wp-content\/uploads\/2022\/09\/SF46HC-BXM-corner.jpg","width":997,"height":1500,"caption":"SF46HC BXM corner"},{"@type":"BreadcrumbList","@id":"https:\/\/habcomfg.com\/fr\/product\/sf46hc-bxm\/#breadcrumb","itemListElement":[{"@type":"ListItem","position":1,"name":"Home","item":"https:\/\/habcomfg.com\/fr\/"},{"@type":"ListItem","position":2,"name":"Shop","item":"https:\/\/habcomfg.com\/shop\/"},{"@type":"ListItem","position":3,"name":"SF46HC BXM"}]},{"@type":"WebSite","@id":"https:\/\/habcomfg.com\/fr\/#website","url":"https:\/\/habcomfg.com\/fr\/","name":"Habco Manufacturing","description":"Commercial Refrigerators &amp; Freezers","potentialAction":[{"@type":"SearchAction","target":{"@type":"EntryPoint","urlTemplate":"https:\/\/habcomfg.com\/fr\/?s={search_term_string}"},"query-input":{"@type":"PropertyValueSpecification","valueRequired":true,"valueName":"search_term_string"}}],"inLanguage":"fr-FR"}]}},"_links":{"self":[{"href":"https:\/\/habcomfg.com\/fr\/wp-json\/wp\/v2\/product\/22597","targetHints":{"allow":["GET"]}}],"collection":[{"href":"https:\/\/habcomfg.com\/fr\/wp-json\/wp\/v2\/product"}],"about":[{"href":"https:\/\/habcomfg.com\/fr\/wp-json\/wp\/v2\/types\/product"}],"replies":[{"embeddable":true,"href":"https:\/\/habcomfg.com\/fr\/wp-json\/wp\/v2\/comments?post=22597"}],"wp:featuredmedia":[{"embeddable":true,"href":"https:\/\/habcomfg.com\/fr\/wp-json\/wp\/v2\/media\/22267"}],"wp:attachment":[{"href":"https:\/\/habcomfg.com\/fr\/wp-json\/wp\/v2\/media?parent=22597"}],"wp:term":[{"taxonomy":"product_brand","embeddable":true,"href":"https:\/\/habcomfg.com\/fr\/wp-json\/wp\/v2\/product_brand?post=22597"},{"taxonomy":"product_cat","embeddable":true,"href":"https:\/\/habcomfg.com\/fr\/wp-json\/wp\/v2\/product_cat?post=22597"},{"taxonomy":"product_tag","embeddable":true,"href":"https:\/\/habcomfg.com\/fr\/wp-json\/wp\/v2\/product_tag?post=22597"}],"curies":[{"name":"wp","href":"https:\/\/api.w.org\/{rel}","templated":true}]}}