{"id":22593,"date":"2022-09-23T15:34:27","date_gmt":"2022-09-23T15:34:27","guid":{"rendered":"https:\/\/habco.bluehat.hosting\/product\/esm49hc-td-black-xt-in\/"},"modified":"2026-03-04T11:08:23","modified_gmt":"2026-03-04T16:08:23","slug":"esm49hc-td-black-xt-in","status":"publish","type":"product","link":"https:\/\/habcomfg.com\/fr\/product\/esm49hc-td-black-xt-in\/","title":{"rendered":"ESM49HC TD BLACK XT\/IN"},"content":{"rendered":"<div class=\"fusion-fullwidth fullwidth-box fusion-builder-row-1 fusion-flex-container nonhundred-percent-fullwidth non-hundred-percent-height-scrolling\" style=\"--awb-border-radius-top-left:0px;--awb-border-radius-top-right:0px;--awb-border-radius-bottom-right:0px;--awb-border-radius-bottom-left:0px;--awb-padding-top:0px;--awb-padding-right:0px;--awb-padding-bottom:0px;--awb-padding-left:0px;--awb-margin-top:0px;--awb-margin-bottom:0px;--awb-flex-wrap:wrap;\" ><div class=\"fusion-builder-row fusion-row fusion-flex-align-items-flex-start fusion-flex-content-wrap\" style=\"max-width:1216.8px;margin-left: calc(-4% \/ 2 );margin-right: calc(-4% \/ 2 );\"><div class=\"fusion-layout-column fusion_builder_column fusion-builder-column-0 fusion_builder_column_1_1 1_1 fusion-flex-column\" style=\"--awb-bg-size:cover;--awb-width-large:100%;--awb-margin-top-large:0px;--awb-spacing-right-large:1.92%;--awb-margin-bottom-large:0px;--awb-spacing-left-large:1.92%;--awb-width-medium:100%;--awb-spacing-right-medium:1.92%;--awb-spacing-left-medium:1.92%;--awb-width-small:100%;--awb-spacing-right-small:1.92%;--awb-spacing-left-small:1.92%;\"><div class=\"fusion-column-wrapper fusion-flex-justify-content-flex-start fusion-content-layout-column\"><div class=\"fusion-text fusion-text-1\"><p>** Ajoutez 1\u2033 (26mm) pour le cordon d&rsquo;alimentation.<br \/>\n*** Ajouter 3 \/8\u2033 (10mm) pour les niveleurs filet\u00e9s. Millim\u00e8tres arrondis<\/p>\n<\/div><\/div><\/div><\/div><\/div>\n","protected":false},"excerpt":{"rendered":"<p>Le Cold Space Merchandiser\u00ae Premium \u00e0 double porte battante excelle l\u00e0 o\u00f9 la performance est indispensable. Id\u00e9al pour la vente au d\u00e9tail ou partout o\u00f9 l&rsquo;on exige un impact \u00e9tincelant du merchandising par LED. Ce mod\u00e8le s&rsquo;int\u00e8gre parfaitement dans une section de quatre pieds et peut \u00eatre encastr\u00e9 par le haut, le bas, l&rsquo;arri\u00e8re et les deux c\u00f4t\u00e9s.<\/p>\n","protected":false},"featured_media":22252,"comment_status":"open","ping_status":"closed","template":"","meta":{"_acf_changed":false},"product_brand":[],"product_cat":[123,124,125,117,109,106],"product_tag":[],"class_list":{"0":"post-22593","1":"product","2":"type-product","3":"status-publish","4":"has-post-thumbnail","6":"product_cat-double-swing-door-2-fr","7":"product_cat-double-swing-door-3-fr","8":"product_cat-double-swing-door-fr","9":"product_cat-micromarket-fr","10":"product_cat-reach-in-refrigerators","11":"product_cat-retail","13":"first","14":"instock","15":"shipping-taxable","16":"product-type-simple"},"acf":[],"yoast_head":"<!-- This site is optimized with the Yoast SEO plugin v27.4 - https:\/\/yoast.com\/product\/yoast-seo-wordpress\/ -->\n<title>Produit ESM49HC TD BLACK XT\/IN | HABCO<\/title>\n<meta name=\"description\" content=\"Ce pr\u00e9sentoir r\u00e9frig\u00e9r\u00e9 noir garantit une mise en valeur efficace de vos produits tout en maintenant une temp\u00e9rature optimale. Achetez d\u00e8s maintenant!\" \/>\n<meta name=\"robots\" content=\"index, follow, max-snippet:-1, max-image-preview:large, max-video-preview:-1\" \/>\n<link rel=\"canonical\" href=\"https:\/\/habcomfg.com\/fr\/product\/esm49hc-td-black-xt-in\/\" \/>\n<meta property=\"og:locale\" content=\"fr_FR\" \/>\n<meta property=\"og:type\" content=\"article\" \/>\n<meta property=\"og:title\" content=\"Produit ESM49HC TD BLACK XT\/IN | HABCO\" \/>\n<meta property=\"og:description\" content=\"Ce pr\u00e9sentoir r\u00e9frig\u00e9r\u00e9 noir garantit une mise en valeur efficace de vos produits tout en maintenant une temp\u00e9rature optimale. Achetez d\u00e8s maintenant!\" \/>\n<meta property=\"og:url\" content=\"https:\/\/habcomfg.com\/fr\/product\/esm49hc-td-black-xt-in\/\" \/>\n<meta property=\"og:site_name\" content=\"Habco Manufacturing\" \/>\n<meta property=\"article:modified_time\" content=\"2026-03-04T16:08:23+00:00\" \/>\n<meta property=\"og:image\" content=\"https:\/\/habcomfg.com\/wp-content\/uploads\/2022\/09\/ESM49HCTD-BA-corner.jpg\" \/>\n\t<meta property=\"og:image:width\" content=\"997\" \/>\n\t<meta property=\"og:image:height\" content=\"1500\" \/>\n\t<meta property=\"og:image:type\" content=\"image\/jpeg\" \/>\n<meta name=\"twitter:card\" content=\"summary_large_image\" \/>\n<meta name=\"twitter:label1\" content=\"Dur\u00e9e de lecture estim\u00e9e\" \/>\n\t<meta name=\"twitter:data1\" content=\"1 minute\" \/>\n<script type=\"application\/ld+json\" class=\"yoast-schema-graph\">{\"@context\":\"https:\\\/\\\/schema.org\",\"@graph\":[{\"@type\":\"WebPage\",\"@id\":\"https:\\\/\\\/habcomfg.com\\\/fr\\\/product\\\/esm49hc-td-black-xt-in\\\/\",\"url\":\"https:\\\/\\\/habcomfg.com\\\/fr\\\/product\\\/esm49hc-td-black-xt-in\\\/\",\"name\":\"Produit ESM49HC TD BLACK XT\\\/IN | HABCO\",\"isPartOf\":{\"@id\":\"https:\\\/\\\/habcomfg.com\\\/fr\\\/#website\"},\"primaryImageOfPage\":{\"@id\":\"https:\\\/\\\/habcomfg.com\\\/fr\\\/product\\\/esm49hc-td-black-xt-in\\\/#primaryimage\"},\"image\":{\"@id\":\"https:\\\/\\\/habcomfg.com\\\/fr\\\/product\\\/esm49hc-td-black-xt-in\\\/#primaryimage\"},\"thumbnailUrl\":\"https:\\\/\\\/habcomfg.com\\\/wp-content\\\/uploads\\\/2022\\\/09\\\/ESM49HCTD-BA-corner.jpg\",\"datePublished\":\"2022-09-23T15:34:27+00:00\",\"dateModified\":\"2026-03-04T16:08:23+00:00\",\"description\":\"Ce pr\u00e9sentoir r\u00e9frig\u00e9r\u00e9 noir garantit une mise en valeur efficace de vos produits tout en maintenant une temp\u00e9rature optimale. Achetez d\u00e8s maintenant!\",\"breadcrumb\":{\"@id\":\"https:\\\/\\\/habcomfg.com\\\/fr\\\/product\\\/esm49hc-td-black-xt-in\\\/#breadcrumb\"},\"inLanguage\":\"fr-FR\",\"potentialAction\":[{\"@type\":\"ReadAction\",\"target\":[\"https:\\\/\\\/habcomfg.com\\\/fr\\\/product\\\/esm49hc-td-black-xt-in\\\/\"]}]},{\"@type\":\"ImageObject\",\"inLanguage\":\"fr-FR\",\"@id\":\"https:\\\/\\\/habcomfg.com\\\/fr\\\/product\\\/esm49hc-td-black-xt-in\\\/#primaryimage\",\"url\":\"https:\\\/\\\/habcomfg.com\\\/wp-content\\\/uploads\\\/2022\\\/09\\\/ESM49HCTD-BA-corner.jpg\",\"contentUrl\":\"https:\\\/\\\/habcomfg.com\\\/wp-content\\\/uploads\\\/2022\\\/09\\\/ESM49HCTD-BA-corner.jpg\",\"width\":997,\"height\":1500,\"caption\":\"ESM49HCTD BA corner\"},{\"@type\":\"BreadcrumbList\",\"@id\":\"https:\\\/\\\/habcomfg.com\\\/fr\\\/product\\\/esm49hc-td-black-xt-in\\\/#breadcrumb\",\"itemListElement\":[{\"@type\":\"ListItem\",\"position\":1,\"name\":\"Home\",\"item\":\"https:\\\/\\\/habcomfg.com\\\/fr\\\/\"},{\"@type\":\"ListItem\",\"position\":2,\"name\":\"Shop\",\"item\":\"https:\\\/\\\/habcomfg.com\\\/shop\\\/\"},{\"@type\":\"ListItem\",\"position\":3,\"name\":\"ESM49HC TD BLACK XT\\\/IN\"}]},{\"@type\":\"WebSite\",\"@id\":\"https:\\\/\\\/habcomfg.com\\\/fr\\\/#website\",\"url\":\"https:\\\/\\\/habcomfg.com\\\/fr\\\/\",\"name\":\"Habco Manufacturing\",\"description\":\"Commercial Refrigerators &amp; Freezers\",\"potentialAction\":[{\"@type\":\"SearchAction\",\"target\":{\"@type\":\"EntryPoint\",\"urlTemplate\":\"https:\\\/\\\/habcomfg.com\\\/fr\\\/?s={search_term_string}\"},\"query-input\":{\"@type\":\"PropertyValueSpecification\",\"valueRequired\":true,\"valueName\":\"search_term_string\"}}],\"inLanguage\":\"fr-FR\"}]}<\/script>\n<!-- \/ Yoast SEO plugin. -->","yoast_head_json":{"title":"Produit ESM49HC TD BLACK XT\/IN | HABCO","description":"Ce pr\u00e9sentoir r\u00e9frig\u00e9r\u00e9 noir garantit une mise en valeur efficace de vos produits tout en maintenant une temp\u00e9rature optimale. Achetez d\u00e8s maintenant!","robots":{"index":"index","follow":"follow","max-snippet":"max-snippet:-1","max-image-preview":"max-image-preview:large","max-video-preview":"max-video-preview:-1"},"canonical":"https:\/\/habcomfg.com\/fr\/product\/esm49hc-td-black-xt-in\/","og_locale":"fr_FR","og_type":"article","og_title":"Produit ESM49HC TD BLACK XT\/IN | HABCO","og_description":"Ce pr\u00e9sentoir r\u00e9frig\u00e9r\u00e9 noir garantit une mise en valeur efficace de vos produits tout en maintenant une temp\u00e9rature optimale. Achetez d\u00e8s maintenant!","og_url":"https:\/\/habcomfg.com\/fr\/product\/esm49hc-td-black-xt-in\/","og_site_name":"Habco Manufacturing","article_modified_time":"2026-03-04T16:08:23+00:00","og_image":[{"width":997,"height":1500,"url":"https:\/\/habcomfg.com\/wp-content\/uploads\/2022\/09\/ESM49HCTD-BA-corner.jpg","type":"image\/jpeg"}],"twitter_card":"summary_large_image","twitter_misc":{"Dur\u00e9e de lecture estim\u00e9e":"1 minute"},"schema":{"@context":"https:\/\/schema.org","@graph":[{"@type":"WebPage","@id":"https:\/\/habcomfg.com\/fr\/product\/esm49hc-td-black-xt-in\/","url":"https:\/\/habcomfg.com\/fr\/product\/esm49hc-td-black-xt-in\/","name":"Produit ESM49HC TD BLACK XT\/IN | HABCO","isPartOf":{"@id":"https:\/\/habcomfg.com\/fr\/#website"},"primaryImageOfPage":{"@id":"https:\/\/habcomfg.com\/fr\/product\/esm49hc-td-black-xt-in\/#primaryimage"},"image":{"@id":"https:\/\/habcomfg.com\/fr\/product\/esm49hc-td-black-xt-in\/#primaryimage"},"thumbnailUrl":"https:\/\/habcomfg.com\/wp-content\/uploads\/2022\/09\/ESM49HCTD-BA-corner.jpg","datePublished":"2022-09-23T15:34:27+00:00","dateModified":"2026-03-04T16:08:23+00:00","description":"Ce pr\u00e9sentoir r\u00e9frig\u00e9r\u00e9 noir garantit une mise en valeur efficace de vos produits tout en maintenant une temp\u00e9rature optimale. Achetez d\u00e8s maintenant!","breadcrumb":{"@id":"https:\/\/habcomfg.com\/fr\/product\/esm49hc-td-black-xt-in\/#breadcrumb"},"inLanguage":"fr-FR","potentialAction":[{"@type":"ReadAction","target":["https:\/\/habcomfg.com\/fr\/product\/esm49hc-td-black-xt-in\/"]}]},{"@type":"ImageObject","inLanguage":"fr-FR","@id":"https:\/\/habcomfg.com\/fr\/product\/esm49hc-td-black-xt-in\/#primaryimage","url":"https:\/\/habcomfg.com\/wp-content\/uploads\/2022\/09\/ESM49HCTD-BA-corner.jpg","contentUrl":"https:\/\/habcomfg.com\/wp-content\/uploads\/2022\/09\/ESM49HCTD-BA-corner.jpg","width":997,"height":1500,"caption":"ESM49HCTD BA corner"},{"@type":"BreadcrumbList","@id":"https:\/\/habcomfg.com\/fr\/product\/esm49hc-td-black-xt-in\/#breadcrumb","itemListElement":[{"@type":"ListItem","position":1,"name":"Home","item":"https:\/\/habcomfg.com\/fr\/"},{"@type":"ListItem","position":2,"name":"Shop","item":"https:\/\/habcomfg.com\/shop\/"},{"@type":"ListItem","position":3,"name":"ESM49HC TD BLACK XT\/IN"}]},{"@type":"WebSite","@id":"https:\/\/habcomfg.com\/fr\/#website","url":"https:\/\/habcomfg.com\/fr\/","name":"Habco Manufacturing","description":"Commercial Refrigerators &amp; Freezers","potentialAction":[{"@type":"SearchAction","target":{"@type":"EntryPoint","urlTemplate":"https:\/\/habcomfg.com\/fr\/?s={search_term_string}"},"query-input":{"@type":"PropertyValueSpecification","valueRequired":true,"valueName":"search_term_string"}}],"inLanguage":"fr-FR"}]}},"_links":{"self":[{"href":"https:\/\/habcomfg.com\/fr\/wp-json\/wp\/v2\/product\/22593","targetHints":{"allow":["GET"]}}],"collection":[{"href":"https:\/\/habcomfg.com\/fr\/wp-json\/wp\/v2\/product"}],"about":[{"href":"https:\/\/habcomfg.com\/fr\/wp-json\/wp\/v2\/types\/product"}],"replies":[{"embeddable":true,"href":"https:\/\/habcomfg.com\/fr\/wp-json\/wp\/v2\/comments?post=22593"}],"wp:featuredmedia":[{"embeddable":true,"href":"https:\/\/habcomfg.com\/fr\/wp-json\/wp\/v2\/media\/22252"}],"wp:attachment":[{"href":"https:\/\/habcomfg.com\/fr\/wp-json\/wp\/v2\/media?parent=22593"}],"wp:term":[{"taxonomy":"product_brand","embeddable":true,"href":"https:\/\/habcomfg.com\/fr\/wp-json\/wp\/v2\/product_brand?post=22593"},{"taxonomy":"product_cat","embeddable":true,"href":"https:\/\/habcomfg.com\/fr\/wp-json\/wp\/v2\/product_cat?post=22593"},{"taxonomy":"product_tag","embeddable":true,"href":"https:\/\/habcomfg.com\/fr\/wp-json\/wp\/v2\/product_tag?post=22593"}],"curies":[{"name":"wp","href":"https:\/\/api.w.org\/{rel}","templated":true}]}}