{"id":22591,"date":"2022-09-23T14:41:55","date_gmt":"2022-09-23T18:41:55","guid":{"rendered":"https:\/\/habco.bluehat.hosting\/product\/esm46hc-bx\/"},"modified":"2023-11-17T10:57:48","modified_gmt":"2023-11-17T15:57:48","slug":"esm46hc-bx","status":"publish","type":"product","link":"https:\/\/habcomfg.com\/fr\/product\/esm46hc-bx\/","title":{"rendered":"ESM46HC BX"},"content":{"rendered":"<div class=\"fusion-fullwidth fullwidth-box fusion-builder-row-1 fusion-flex-container nonhundred-percent-fullwidth non-hundred-percent-height-scrolling\" style=\"--awb-border-radius-top-left:0px;--awb-border-radius-top-right:0px;--awb-border-radius-bottom-right:0px;--awb-border-radius-bottom-left:0px;--awb-padding-top:0px;--awb-padding-right:0px;--awb-padding-bottom:0px;--awb-padding-left:0px;--awb-margin-top:0px;--awb-margin-bottom:0px;--awb-flex-wrap:wrap;\" ><div class=\"fusion-builder-row fusion-row fusion-flex-align-items-flex-start fusion-flex-content-wrap\" style=\"max-width:1216.8px;margin-left: calc(-4% \/ 2 );margin-right: calc(-4% \/ 2 );\"><div class=\"fusion-layout-column fusion_builder_column fusion-builder-column-0 fusion_builder_column_1_1 1_1 fusion-flex-column\" style=\"--awb-bg-size:cover;--awb-width-large:100%;--awb-margin-top-large:0px;--awb-spacing-right-large:1.92%;--awb-margin-bottom-large:0px;--awb-spacing-left-large:1.92%;--awb-width-medium:100%;--awb-spacing-right-medium:1.92%;--awb-spacing-left-medium:1.92%;--awb-width-small:100%;--awb-spacing-right-small:1.92%;--awb-spacing-left-small:1.92%;\"><div class=\"fusion-column-wrapper fusion-flex-justify-content-flex-start fusion-content-layout-column\"><div class=\"fusion-text fusion-text-1\"><p>** Ajoutez 1\u2033 (26mm) pour le cordon d&rsquo;alimentation.<br \/>\n*** Ajoutez 3 \/8\u2033 (10mm) pour les niveleurs filet\u00e9s. Millim\u00e8tres arrondis<\/p>\n<\/div><\/div><\/div><\/div><\/div>\n","protected":false},"excerpt":{"rendered":"<p>Le Cold Space Merchandiser\u00ae Premium \u00e0 double porte battante excelle l\u00e0 o\u00f9 la performance est indispensable. Id\u00e9al pour la vente au d\u00e9tail ou partout o\u00f9 l&rsquo;on exige un impact \u00e9tincelant du merchandising par LED. Ce mod\u00e8le s&rsquo;int\u00e8gre parfaitement dans une section de quatre pieds et peut \u00eatre encastr\u00e9 par le haut, le bas, l&rsquo;arri\u00e8re et les deux c\u00f4t\u00e9s.<\/p>\n","protected":false},"featured_media":22244,"comment_status":"open","ping_status":"closed","template":"","meta":{"_acf_changed":false},"product_brand":[],"product_cat":[123,125,109,106],"product_tag":[],"class_list":{"0":"post-22591","1":"product","2":"type-product","3":"status-publish","4":"has-post-thumbnail","6":"product_cat-double-swing-door-2-fr","7":"product_cat-double-swing-door-fr","8":"product_cat-reach-in-refrigerators","9":"product_cat-retail","11":"first","12":"instock","13":"shipping-taxable","14":"product-type-simple"},"acf":[],"yoast_head":"<!-- This site is optimized with the Yoast SEO plugin v27.4 - https:\/\/yoast.com\/product\/yoast-seo-wordpress\/ -->\n<title>Produit ESM46HC BX | HABCO<\/title>\n<meta name=\"description\" content=\"ESM46HC BX - Le cong\u00e9lateur \u00e0 porte vitr\u00e9e haute capacit\u00e9, Froze Space Merchandiser\u2122 offre un impact et un attrait pour vos articles de vente au d\u00e9tail stock\u00e9s au froid. Achetez chez HABCO d\u00e8s aujourd&#039;hui !\" \/>\n<meta name=\"robots\" content=\"index, follow, max-snippet:-1, max-image-preview:large, max-video-preview:-1\" \/>\n<link rel=\"canonical\" href=\"https:\/\/habcomfg.com\/fr\/product\/esm46hc-bx\/\" \/>\n<meta property=\"og:locale\" content=\"fr_FR\" \/>\n<meta property=\"og:type\" content=\"article\" \/>\n<meta property=\"og:title\" content=\"Produit ESM46HC BX | HABCO\" \/>\n<meta property=\"og:description\" content=\"ESM46HC BX - Le cong\u00e9lateur \u00e0 porte vitr\u00e9e haute capacit\u00e9, Froze Space Merchandiser\u2122 offre un impact et un attrait pour vos articles de vente au d\u00e9tail stock\u00e9s au froid. Achetez chez HABCO d\u00e8s aujourd&#039;hui !\" \/>\n<meta property=\"og:url\" content=\"https:\/\/habcomfg.com\/fr\/product\/esm46hc-bx\/\" \/>\n<meta property=\"og:site_name\" content=\"Habco Manufacturing\" \/>\n<meta property=\"article:modified_time\" content=\"2023-11-17T15:57:48+00:00\" \/>\n<meta property=\"og:image\" content=\"https:\/\/habcomfg.com\/wp-content\/uploads\/2022\/09\/ESM46HC-BX-corner.jpg\" \/>\n\t<meta property=\"og:image:width\" content=\"997\" \/>\n\t<meta property=\"og:image:height\" content=\"1500\" \/>\n\t<meta property=\"og:image:type\" content=\"image\/jpeg\" \/>\n<meta name=\"twitter:card\" content=\"summary_large_image\" \/>\n<meta name=\"twitter:label1\" content=\"Dur\u00e9e de lecture estim\u00e9e\" \/>\n\t<meta name=\"twitter:data1\" content=\"1 minute\" \/>\n<script type=\"application\/ld+json\" class=\"yoast-schema-graph\">{\"@context\":\"https:\\\/\\\/schema.org\",\"@graph\":[{\"@type\":\"WebPage\",\"@id\":\"https:\\\/\\\/habcomfg.com\\\/fr\\\/product\\\/esm46hc-bx\\\/\",\"url\":\"https:\\\/\\\/habcomfg.com\\\/fr\\\/product\\\/esm46hc-bx\\\/\",\"name\":\"Produit ESM46HC BX | HABCO\",\"isPartOf\":{\"@id\":\"https:\\\/\\\/habcomfg.com\\\/fr\\\/#website\"},\"primaryImageOfPage\":{\"@id\":\"https:\\\/\\\/habcomfg.com\\\/fr\\\/product\\\/esm46hc-bx\\\/#primaryimage\"},\"image\":{\"@id\":\"https:\\\/\\\/habcomfg.com\\\/fr\\\/product\\\/esm46hc-bx\\\/#primaryimage\"},\"thumbnailUrl\":\"https:\\\/\\\/habcomfg.com\\\/wp-content\\\/uploads\\\/2022\\\/09\\\/ESM46HC-BX-corner.jpg\",\"datePublished\":\"2022-09-23T18:41:55+00:00\",\"dateModified\":\"2023-11-17T15:57:48+00:00\",\"description\":\"ESM46HC BX - Le cong\u00e9lateur \u00e0 porte vitr\u00e9e haute capacit\u00e9, Froze Space Merchandiser\u2122 offre un impact et un attrait pour vos articles de vente au d\u00e9tail stock\u00e9s au froid. Achetez chez HABCO d\u00e8s aujourd'hui !\",\"breadcrumb\":{\"@id\":\"https:\\\/\\\/habcomfg.com\\\/fr\\\/product\\\/esm46hc-bx\\\/#breadcrumb\"},\"inLanguage\":\"fr-FR\",\"potentialAction\":[{\"@type\":\"ReadAction\",\"target\":[\"https:\\\/\\\/habcomfg.com\\\/fr\\\/product\\\/esm46hc-bx\\\/\"]}]},{\"@type\":\"ImageObject\",\"inLanguage\":\"fr-FR\",\"@id\":\"https:\\\/\\\/habcomfg.com\\\/fr\\\/product\\\/esm46hc-bx\\\/#primaryimage\",\"url\":\"https:\\\/\\\/habcomfg.com\\\/wp-content\\\/uploads\\\/2022\\\/09\\\/ESM46HC-BX-corner.jpg\",\"contentUrl\":\"https:\\\/\\\/habcomfg.com\\\/wp-content\\\/uploads\\\/2022\\\/09\\\/ESM46HC-BX-corner.jpg\",\"width\":997,\"height\":1500,\"caption\":\"ESM46HC BX corner\"},{\"@type\":\"BreadcrumbList\",\"@id\":\"https:\\\/\\\/habcomfg.com\\\/fr\\\/product\\\/esm46hc-bx\\\/#breadcrumb\",\"itemListElement\":[{\"@type\":\"ListItem\",\"position\":1,\"name\":\"Home\",\"item\":\"https:\\\/\\\/habcomfg.com\\\/fr\\\/\"},{\"@type\":\"ListItem\",\"position\":2,\"name\":\"Shop\",\"item\":\"https:\\\/\\\/habcomfg.com\\\/shop\\\/\"},{\"@type\":\"ListItem\",\"position\":3,\"name\":\"ESM46HC BX\"}]},{\"@type\":\"WebSite\",\"@id\":\"https:\\\/\\\/habcomfg.com\\\/fr\\\/#website\",\"url\":\"https:\\\/\\\/habcomfg.com\\\/fr\\\/\",\"name\":\"Habco Manufacturing\",\"description\":\"Commercial Refrigerators &amp; Freezers\",\"potentialAction\":[{\"@type\":\"SearchAction\",\"target\":{\"@type\":\"EntryPoint\",\"urlTemplate\":\"https:\\\/\\\/habcomfg.com\\\/fr\\\/?s={search_term_string}\"},\"query-input\":{\"@type\":\"PropertyValueSpecification\",\"valueRequired\":true,\"valueName\":\"search_term_string\"}}],\"inLanguage\":\"fr-FR\"}]}<\/script>\n<!-- \/ Yoast SEO plugin. -->","yoast_head_json":{"title":"Produit ESM46HC BX | HABCO","description":"ESM46HC BX - Le cong\u00e9lateur \u00e0 porte vitr\u00e9e haute capacit\u00e9, Froze Space Merchandiser\u2122 offre un impact et un attrait pour vos articles de vente au d\u00e9tail stock\u00e9s au froid. Achetez chez HABCO d\u00e8s aujourd'hui !","robots":{"index":"index","follow":"follow","max-snippet":"max-snippet:-1","max-image-preview":"max-image-preview:large","max-video-preview":"max-video-preview:-1"},"canonical":"https:\/\/habcomfg.com\/fr\/product\/esm46hc-bx\/","og_locale":"fr_FR","og_type":"article","og_title":"Produit ESM46HC BX | HABCO","og_description":"ESM46HC BX - Le cong\u00e9lateur \u00e0 porte vitr\u00e9e haute capacit\u00e9, Froze Space Merchandiser\u2122 offre un impact et un attrait pour vos articles de vente au d\u00e9tail stock\u00e9s au froid. Achetez chez HABCO d\u00e8s aujourd'hui !","og_url":"https:\/\/habcomfg.com\/fr\/product\/esm46hc-bx\/","og_site_name":"Habco Manufacturing","article_modified_time":"2023-11-17T15:57:48+00:00","og_image":[{"width":997,"height":1500,"url":"https:\/\/habcomfg.com\/wp-content\/uploads\/2022\/09\/ESM46HC-BX-corner.jpg","type":"image\/jpeg"}],"twitter_card":"summary_large_image","twitter_misc":{"Dur\u00e9e de lecture estim\u00e9e":"1 minute"},"schema":{"@context":"https:\/\/schema.org","@graph":[{"@type":"WebPage","@id":"https:\/\/habcomfg.com\/fr\/product\/esm46hc-bx\/","url":"https:\/\/habcomfg.com\/fr\/product\/esm46hc-bx\/","name":"Produit ESM46HC BX | HABCO","isPartOf":{"@id":"https:\/\/habcomfg.com\/fr\/#website"},"primaryImageOfPage":{"@id":"https:\/\/habcomfg.com\/fr\/product\/esm46hc-bx\/#primaryimage"},"image":{"@id":"https:\/\/habcomfg.com\/fr\/product\/esm46hc-bx\/#primaryimage"},"thumbnailUrl":"https:\/\/habcomfg.com\/wp-content\/uploads\/2022\/09\/ESM46HC-BX-corner.jpg","datePublished":"2022-09-23T18:41:55+00:00","dateModified":"2023-11-17T15:57:48+00:00","description":"ESM46HC BX - Le cong\u00e9lateur \u00e0 porte vitr\u00e9e haute capacit\u00e9, Froze Space Merchandiser\u2122 offre un impact et un attrait pour vos articles de vente au d\u00e9tail stock\u00e9s au froid. Achetez chez HABCO d\u00e8s aujourd'hui !","breadcrumb":{"@id":"https:\/\/habcomfg.com\/fr\/product\/esm46hc-bx\/#breadcrumb"},"inLanguage":"fr-FR","potentialAction":[{"@type":"ReadAction","target":["https:\/\/habcomfg.com\/fr\/product\/esm46hc-bx\/"]}]},{"@type":"ImageObject","inLanguage":"fr-FR","@id":"https:\/\/habcomfg.com\/fr\/product\/esm46hc-bx\/#primaryimage","url":"https:\/\/habcomfg.com\/wp-content\/uploads\/2022\/09\/ESM46HC-BX-corner.jpg","contentUrl":"https:\/\/habcomfg.com\/wp-content\/uploads\/2022\/09\/ESM46HC-BX-corner.jpg","width":997,"height":1500,"caption":"ESM46HC BX corner"},{"@type":"BreadcrumbList","@id":"https:\/\/habcomfg.com\/fr\/product\/esm46hc-bx\/#breadcrumb","itemListElement":[{"@type":"ListItem","position":1,"name":"Home","item":"https:\/\/habcomfg.com\/fr\/"},{"@type":"ListItem","position":2,"name":"Shop","item":"https:\/\/habcomfg.com\/shop\/"},{"@type":"ListItem","position":3,"name":"ESM46HC BX"}]},{"@type":"WebSite","@id":"https:\/\/habcomfg.com\/fr\/#website","url":"https:\/\/habcomfg.com\/fr\/","name":"Habco Manufacturing","description":"Commercial Refrigerators &amp; Freezers","potentialAction":[{"@type":"SearchAction","target":{"@type":"EntryPoint","urlTemplate":"https:\/\/habcomfg.com\/fr\/?s={search_term_string}"},"query-input":{"@type":"PropertyValueSpecification","valueRequired":true,"valueName":"search_term_string"}}],"inLanguage":"fr-FR"}]}},"_links":{"self":[{"href":"https:\/\/habcomfg.com\/fr\/wp-json\/wp\/v2\/product\/22591","targetHints":{"allow":["GET"]}}],"collection":[{"href":"https:\/\/habcomfg.com\/fr\/wp-json\/wp\/v2\/product"}],"about":[{"href":"https:\/\/habcomfg.com\/fr\/wp-json\/wp\/v2\/types\/product"}],"replies":[{"embeddable":true,"href":"https:\/\/habcomfg.com\/fr\/wp-json\/wp\/v2\/comments?post=22591"}],"wp:featuredmedia":[{"embeddable":true,"href":"https:\/\/habcomfg.com\/fr\/wp-json\/wp\/v2\/media\/22244"}],"wp:attachment":[{"href":"https:\/\/habcomfg.com\/fr\/wp-json\/wp\/v2\/media?parent=22591"}],"wp:term":[{"taxonomy":"product_brand","embeddable":true,"href":"https:\/\/habcomfg.com\/fr\/wp-json\/wp\/v2\/product_brand?post=22591"},{"taxonomy":"product_cat","embeddable":true,"href":"https:\/\/habcomfg.com\/fr\/wp-json\/wp\/v2\/product_cat?post=22591"},{"taxonomy":"product_tag","embeddable":true,"href":"https:\/\/habcomfg.com\/fr\/wp-json\/wp\/v2\/product_tag?post=22591"}],"curies":[{"name":"wp","href":"https:\/\/api.w.org\/{rel}","templated":true}]}}