{"id":22586,"date":"2022-09-20T18:25:37","date_gmt":"2022-09-20T18:25:37","guid":{"rendered":"https:\/\/habco.bluehat.hosting\/product\/habcolog\/"},"modified":"2023-07-17T15:13:05","modified_gmt":"2023-07-17T15:13:05","slug":"habcolog","status":"publish","type":"product","link":"https:\/\/habcomfg.com\/fr\/product\/habcolog\/","title":{"rendered":"Enregistreur de donn\u00e9es de temp\u00e9rature"},"content":{"rendered":"<div class=\"fusion-fullwidth fullwidth-box fusion-builder-row-1 fusion-flex-container nonhundred-percent-fullwidth non-hundred-percent-height-scrolling\" style=\"--awb-border-radius-top-left:0px;--awb-border-radius-top-right:0px;--awb-border-radius-bottom-right:0px;--awb-border-radius-bottom-left:0px;--awb-padding-top:0px;--awb-padding-right:0px;--awb-padding-bottom:0px;--awb-padding-left:0px;--awb-margin-top:0px;--awb-margin-bottom:0px;--awb-flex-wrap:wrap;\" ><div class=\"fusion-builder-row fusion-row fusion-flex-align-items-flex-start fusion-flex-content-wrap\" style=\"max-width:1216.8px;margin-left: calc(-4% \/ 2 );margin-right: calc(-4% \/ 2 );\"><div class=\"fusion-layout-column fusion_builder_column fusion-builder-column-0 fusion_builder_column_1_1 1_1 fusion-flex-column\" style=\"--awb-bg-size:cover;--awb-width-large:100%;--awb-margin-top-large:0px;--awb-spacing-right-large:1.92%;--awb-margin-bottom-large:0px;--awb-spacing-left-large:1.92%;--awb-width-medium:100%;--awb-spacing-right-medium:1.92%;--awb-spacing-left-medium:1.92%;--awb-width-small:100%;--awb-spacing-right-small:1.92%;--awb-spacing-left-small:1.92%;\"><div class=\"fusion-column-wrapper fusion-flex-justify-content-flex-start fusion-content-layout-column\"><div ><a class=\"fusion-button button-flat fusion-button-default-size button-default fusion-button-default button-1 fusion-button-default-span fusion-button-default-type display-none\" style=\"--button-border-radius-top-left:0px;--button-border-radius-top-right:0px;--button-border-radius-bottom-right:0px;--button-border-radius-bottom-left:0px;\" target=\"_blank\" rel=\"noopener noreferrer\" href=\"#\"><span class=\"fusion-button-text awb-button__text awb-button__text--default\">T\u00e9l\u00e9charger le mod\u00e8le de graphique<\/span><\/a><\/div><\/div><\/div><\/div><\/div>\n","protected":false},"excerpt":{"rendered":"<h3>HABCOLog est un syst\u00e8me \u00e9lectronique de surveillance, d&rsquo;enregistrement et d&rsquo;alarme de la temp\u00e9rature \u00e0 \u00ab\u00a0deux canaux\u00a0\u00bb pour les r\u00e9frig\u00e9rateurs m\u00e9dicaux et les produits sensibles \u00e0 la temp\u00e9rature.<\/h3>\n<p>L&rsquo;enregistreur de temp\u00e9rature et le syst\u00e8me d&rsquo;alarme HABCOLog sont dot\u00e9s d&rsquo;une sonde ambiante et d&rsquo;une sonde amovible, isol\u00e9es par du glycol dans une bouteille scell\u00e9e, afin d&rsquo;amortir les variations et d&rsquo;augmenter la pr\u00e9cision des mesures.<\/p>\n<h3>HABCOLog &#8211; L&rsquo;enregistreur de donn\u00e9es de temp\u00e9rature id\u00e9al pour les professionnels de la sant\u00e9<\/h3>\n<p>Pouvant se connecter directement au Wi-Fi, HABCOLog est \u00e9galement un syst\u00e8me d&rsquo;alarme de temp\u00e9rature bas\u00e9 sur l&rsquo;informatique d\u00e9mat\u00e9rialis\u00e9e. Il peut envoyer des appels t\u00e9l\u00e9phoniques, des SMS et des courriels \u00e0 un nombre illimit\u00e9 de destinataires d\u00e8s qu&rsquo;il d\u00e9tecte un d\u00e9passement de seuil.<\/p>\n<p>Il offre un acc\u00e8s facile aux donn\u00e9es brutes, y compris l&rsquo;historique des enregistrements, les donn\u00e9es d&rsquo;alarme et les rapports p\u00e9riodiques. Son installation mat\u00e9rielle et logicielle est tr\u00e8s simple et ne n\u00e9cessite aucun outil sp\u00e9cifique ou logiciel de gestion des donn\u00e9es.<\/p>\n<p>Tous les param\u00e8tres, y compris les intervalles de mesure de la temp\u00e9rature, les intervalles de t\u00e9l\u00e9chargement, les seuils minimum et maximum de la plage de temp\u00e9rature d&rsquo;alarme, peuvent \u00eatre d\u00e9finis via une application Web sur n&rsquo;importe quelle plate-forme. La mesure de la temp\u00e9rature s&rsquo;effectue entre une fois par minute et une fois toutes les deux heures pendant toute la dur\u00e9e de la surveillance, en fonction des param\u00e8tres, ce qui rend l&rsquo;HABCOLog bien adapt\u00e9 aux besoins de mesure exacte et de surveillance continue des vaccins et des produits pharmaceutiques sensibles.<\/p>\n<p>Pour vous connecter au logiciel du produit, rendez-vous sur : https:\/\/habcolog.com\/<\/p>\n","protected":false},"featured_media":26793,"comment_status":"open","ping_status":"closed","template":"","meta":{"_acf_changed":false},"product_brand":[],"product_cat":[145,146,141],"product_tag":[],"class_list":{"0":"post-22586","1":"product","2":"type-product","3":"status-publish","4":"has-post-thumbnail","6":"product_cat-optional-accessories-fr","7":"product_cat-optional-accessories-2-fr","8":"product_cat-pharmacy-refrigerator","10":"first","11":"instock","12":"shipping-taxable","13":"product-type-simple"},"acf":[],"yoast_head":"<!-- This site is optimized with the Yoast SEO plugin v27.3 - https:\/\/yoast.com\/product\/yoast-seo-wordpress\/ -->\n<title>Enregistreur de donn\u00e9es de temp\u00e9rature | HABCO<\/title>\n<meta name=\"description\" content=\"L&#039;enregistreur de donn\u00e9es de temp\u00e9rature de HABCO est un enregistreur \u00e0 2 canaux et un syst\u00e8me d&#039;alarme qui peut \u00eatre t\u00e9l\u00e9command\u00e9 et envoyer des notifications.\" \/>\n<meta name=\"robots\" content=\"index, follow, max-snippet:-1, max-image-preview:large, max-video-preview:-1\" \/>\n<link rel=\"canonical\" href=\"https:\/\/habcomfg.com\/fr\/product\/habcolog\/\" \/>\n<meta property=\"og:locale\" content=\"fr_FR\" \/>\n<meta property=\"og:type\" content=\"article\" \/>\n<meta property=\"og:title\" content=\"Enregistreur de donn\u00e9es de temp\u00e9rature | HABCO\" \/>\n<meta property=\"og:description\" content=\"L&#039;enregistreur de donn\u00e9es de temp\u00e9rature de HABCO est un enregistreur \u00e0 2 canaux et un syst\u00e8me d&#039;alarme qui peut \u00eatre t\u00e9l\u00e9command\u00e9 et envoyer des notifications.\" \/>\n<meta property=\"og:url\" content=\"https:\/\/habcomfg.com\/fr\/product\/habcolog\/\" \/>\n<meta property=\"og:site_name\" content=\"Habco Manufacturing\" \/>\n<meta property=\"article:modified_time\" content=\"2023-07-17T15:13:05+00:00\" \/>\n<meta property=\"og:image\" content=\"https:\/\/habcomfg.com\/wp-content\/uploads\/2022\/09\/Habco-log-768x495-1.jpg\" \/>\n\t<meta property=\"og:image:width\" content=\"1000\" \/>\n\t<meta property=\"og:image:height\" content=\"1500\" \/>\n\t<meta property=\"og:image:type\" content=\"image\/jpeg\" \/>\n<meta name=\"twitter:card\" content=\"summary_large_image\" \/>\n<meta name=\"twitter:label1\" content=\"Dur\u00e9e de lecture estim\u00e9e\" \/>\n\t<meta name=\"twitter:data1\" content=\"1 minute\" \/>\n<script type=\"application\/ld+json\" class=\"yoast-schema-graph\">{\"@context\":\"https:\\\/\\\/schema.org\",\"@graph\":[{\"@type\":\"WebPage\",\"@id\":\"https:\\\/\\\/habcomfg.com\\\/fr\\\/product\\\/habcolog\\\/\",\"url\":\"https:\\\/\\\/habcomfg.com\\\/fr\\\/product\\\/habcolog\\\/\",\"name\":\"Enregistreur de donn\u00e9es de temp\u00e9rature | HABCO\",\"isPartOf\":{\"@id\":\"https:\\\/\\\/habcomfg.com\\\/fr\\\/#website\"},\"primaryImageOfPage\":{\"@id\":\"https:\\\/\\\/habcomfg.com\\\/fr\\\/product\\\/habcolog\\\/#primaryimage\"},\"image\":{\"@id\":\"https:\\\/\\\/habcomfg.com\\\/fr\\\/product\\\/habcolog\\\/#primaryimage\"},\"thumbnailUrl\":\"https:\\\/\\\/habcomfg.com\\\/wp-content\\\/uploads\\\/2022\\\/09\\\/HABCOLog-2.0-.jpg\",\"datePublished\":\"2022-09-20T18:25:37+00:00\",\"dateModified\":\"2023-07-17T15:13:05+00:00\",\"description\":\"L'enregistreur de donn\u00e9es de temp\u00e9rature de HABCO est un enregistreur \u00e0 2 canaux et un syst\u00e8me d'alarme qui peut \u00eatre t\u00e9l\u00e9command\u00e9 et envoyer des notifications.\",\"breadcrumb\":{\"@id\":\"https:\\\/\\\/habcomfg.com\\\/fr\\\/product\\\/habcolog\\\/#breadcrumb\"},\"inLanguage\":\"fr-FR\",\"potentialAction\":[{\"@type\":\"ReadAction\",\"target\":[\"https:\\\/\\\/habcomfg.com\\\/fr\\\/product\\\/habcolog\\\/\"]}]},{\"@type\":\"ImageObject\",\"inLanguage\":\"fr-FR\",\"@id\":\"https:\\\/\\\/habcomfg.com\\\/fr\\\/product\\\/habcolog\\\/#primaryimage\",\"url\":\"https:\\\/\\\/habcomfg.com\\\/wp-content\\\/uploads\\\/2022\\\/09\\\/HABCOLog-2.0-.jpg\",\"contentUrl\":\"https:\\\/\\\/habcomfg.com\\\/wp-content\\\/uploads\\\/2022\\\/09\\\/HABCOLog-2.0-.jpg\",\"width\":1540,\"height\":1924,\"caption\":\"HABCOLog 2.0\"},{\"@type\":\"BreadcrumbList\",\"@id\":\"https:\\\/\\\/habcomfg.com\\\/fr\\\/product\\\/habcolog\\\/#breadcrumb\",\"itemListElement\":[{\"@type\":\"ListItem\",\"position\":1,\"name\":\"Home\",\"item\":\"https:\\\/\\\/habcomfg.com\\\/fr\\\/\"},{\"@type\":\"ListItem\",\"position\":2,\"name\":\"Shop\",\"item\":\"https:\\\/\\\/habcomfg.com\\\/shop\\\/\"},{\"@type\":\"ListItem\",\"position\":3,\"name\":\"Enregistreur de donn\u00e9es de temp\u00e9rature\"}]},{\"@type\":\"WebSite\",\"@id\":\"https:\\\/\\\/habcomfg.com\\\/fr\\\/#website\",\"url\":\"https:\\\/\\\/habcomfg.com\\\/fr\\\/\",\"name\":\"Habco Manufacturing\",\"description\":\"Commercial Refrigerators &amp; Freezers\",\"potentialAction\":[{\"@type\":\"SearchAction\",\"target\":{\"@type\":\"EntryPoint\",\"urlTemplate\":\"https:\\\/\\\/habcomfg.com\\\/fr\\\/?s={search_term_string}\"},\"query-input\":{\"@type\":\"PropertyValueSpecification\",\"valueRequired\":true,\"valueName\":\"search_term_string\"}}],\"inLanguage\":\"fr-FR\"}]}<\/script>\n<!-- \/ Yoast SEO plugin. -->","yoast_head_json":{"title":"Enregistreur de donn\u00e9es de temp\u00e9rature | HABCO","description":"L'enregistreur de donn\u00e9es de temp\u00e9rature de HABCO est un enregistreur \u00e0 2 canaux et un syst\u00e8me d'alarme qui peut \u00eatre t\u00e9l\u00e9command\u00e9 et envoyer des notifications.","robots":{"index":"index","follow":"follow","max-snippet":"max-snippet:-1","max-image-preview":"max-image-preview:large","max-video-preview":"max-video-preview:-1"},"canonical":"https:\/\/habcomfg.com\/fr\/product\/habcolog\/","og_locale":"fr_FR","og_type":"article","og_title":"Enregistreur de donn\u00e9es de temp\u00e9rature | HABCO","og_description":"L'enregistreur de donn\u00e9es de temp\u00e9rature de HABCO est un enregistreur \u00e0 2 canaux et un syst\u00e8me d'alarme qui peut \u00eatre t\u00e9l\u00e9command\u00e9 et envoyer des notifications.","og_url":"https:\/\/habcomfg.com\/fr\/product\/habcolog\/","og_site_name":"Habco Manufacturing","article_modified_time":"2023-07-17T15:13:05+00:00","og_image":[{"width":1000,"height":1500,"url":"https:\/\/habcomfg.com\/wp-content\/uploads\/2022\/09\/Habco-log-768x495-1.jpg","type":"image\/jpeg"}],"twitter_card":"summary_large_image","twitter_misc":{"Dur\u00e9e de lecture estim\u00e9e":"1 minute"},"schema":{"@context":"https:\/\/schema.org","@graph":[{"@type":"WebPage","@id":"https:\/\/habcomfg.com\/fr\/product\/habcolog\/","url":"https:\/\/habcomfg.com\/fr\/product\/habcolog\/","name":"Enregistreur de donn\u00e9es de temp\u00e9rature | HABCO","isPartOf":{"@id":"https:\/\/habcomfg.com\/fr\/#website"},"primaryImageOfPage":{"@id":"https:\/\/habcomfg.com\/fr\/product\/habcolog\/#primaryimage"},"image":{"@id":"https:\/\/habcomfg.com\/fr\/product\/habcolog\/#primaryimage"},"thumbnailUrl":"https:\/\/habcomfg.com\/wp-content\/uploads\/2022\/09\/HABCOLog-2.0-.jpg","datePublished":"2022-09-20T18:25:37+00:00","dateModified":"2023-07-17T15:13:05+00:00","description":"L'enregistreur de donn\u00e9es de temp\u00e9rature de HABCO est un enregistreur \u00e0 2 canaux et un syst\u00e8me d'alarme qui peut \u00eatre t\u00e9l\u00e9command\u00e9 et envoyer des notifications.","breadcrumb":{"@id":"https:\/\/habcomfg.com\/fr\/product\/habcolog\/#breadcrumb"},"inLanguage":"fr-FR","potentialAction":[{"@type":"ReadAction","target":["https:\/\/habcomfg.com\/fr\/product\/habcolog\/"]}]},{"@type":"ImageObject","inLanguage":"fr-FR","@id":"https:\/\/habcomfg.com\/fr\/product\/habcolog\/#primaryimage","url":"https:\/\/habcomfg.com\/wp-content\/uploads\/2022\/09\/HABCOLog-2.0-.jpg","contentUrl":"https:\/\/habcomfg.com\/wp-content\/uploads\/2022\/09\/HABCOLog-2.0-.jpg","width":1540,"height":1924,"caption":"HABCOLog 2.0"},{"@type":"BreadcrumbList","@id":"https:\/\/habcomfg.com\/fr\/product\/habcolog\/#breadcrumb","itemListElement":[{"@type":"ListItem","position":1,"name":"Home","item":"https:\/\/habcomfg.com\/fr\/"},{"@type":"ListItem","position":2,"name":"Shop","item":"https:\/\/habcomfg.com\/shop\/"},{"@type":"ListItem","position":3,"name":"Enregistreur de donn\u00e9es de temp\u00e9rature"}]},{"@type":"WebSite","@id":"https:\/\/habcomfg.com\/fr\/#website","url":"https:\/\/habcomfg.com\/fr\/","name":"Habco Manufacturing","description":"Commercial Refrigerators &amp; Freezers","potentialAction":[{"@type":"SearchAction","target":{"@type":"EntryPoint","urlTemplate":"https:\/\/habcomfg.com\/fr\/?s={search_term_string}"},"query-input":{"@type":"PropertyValueSpecification","valueRequired":true,"valueName":"search_term_string"}}],"inLanguage":"fr-FR"}]}},"_links":{"self":[{"href":"https:\/\/habcomfg.com\/fr\/wp-json\/wp\/v2\/product\/22586","targetHints":{"allow":["GET"]}}],"collection":[{"href":"https:\/\/habcomfg.com\/fr\/wp-json\/wp\/v2\/product"}],"about":[{"href":"https:\/\/habcomfg.com\/fr\/wp-json\/wp\/v2\/types\/product"}],"replies":[{"embeddable":true,"href":"https:\/\/habcomfg.com\/fr\/wp-json\/wp\/v2\/comments?post=22586"}],"wp:featuredmedia":[{"embeddable":true,"href":"https:\/\/habcomfg.com\/fr\/wp-json\/wp\/v2\/media\/26793"}],"wp:attachment":[{"href":"https:\/\/habcomfg.com\/fr\/wp-json\/wp\/v2\/media?parent=22586"}],"wp:term":[{"taxonomy":"product_brand","embeddable":true,"href":"https:\/\/habcomfg.com\/fr\/wp-json\/wp\/v2\/product_brand?post=22586"},{"taxonomy":"product_cat","embeddable":true,"href":"https:\/\/habcomfg.com\/fr\/wp-json\/wp\/v2\/product_cat?post=22586"},{"taxonomy":"product_tag","embeddable":true,"href":"https:\/\/habcomfg.com\/fr\/wp-json\/wp\/v2\/product_tag?post=22586"}],"curies":[{"name":"wp","href":"https:\/\/api.w.org\/{rel}","templated":true}]}}