{"id":22580,"date":"2022-09-20T16:50:25","date_gmt":"2022-09-20T16:50:25","guid":{"rendered":"https:\/\/habco.bluehat.hosting\/product\/se12hcrxg\/"},"modified":"2026-03-04T09:49:31","modified_gmt":"2026-03-04T14:49:31","slug":"se12hcrxg","status":"publish","type":"product","link":"https:\/\/habcomfg.com\/fr\/product\/se12hcrxg\/","title":{"rendered":"SE12HCRxG"},"content":{"rendered":"<div class=\"fusion-fullwidth fullwidth-box fusion-builder-row-1 fusion-flex-container nonhundred-percent-fullwidth non-hundred-percent-height-scrolling\" style=\"--awb-border-radius-top-left:0px;--awb-border-radius-top-right:0px;--awb-border-radius-bottom-right:0px;--awb-border-radius-bottom-left:0px;--awb-padding-top:0px;--awb-padding-right:0px;--awb-padding-bottom:0px;--awb-padding-left:0px;--awb-margin-top:0px;--awb-margin-bottom:0px;--awb-flex-wrap:wrap;\" ><div class=\"fusion-builder-row fusion-row fusion-flex-align-items-flex-start fusion-flex-content-wrap\" style=\"max-width:1216.8px;margin-left: calc(-4% \/ 2 );margin-right: calc(-4% \/ 2 );\"><div class=\"fusion-layout-column fusion_builder_column fusion-builder-column-0 fusion_builder_column_1_1 1_1 fusion-flex-column\" style=\"--awb-bg-size:cover;--awb-width-large:100%;--awb-margin-top-large:0px;--awb-spacing-right-large:1.92%;--awb-margin-bottom-large:0px;--awb-spacing-left-large:1.92%;--awb-width-medium:100%;--awb-spacing-right-medium:1.92%;--awb-spacing-left-medium:1.92%;--awb-width-small:100%;--awb-spacing-right-small:1.92%;--awb-spacing-left-small:1.92%;\"><div class=\"fusion-column-wrapper fusion-flex-justify-content-flex-start fusion-content-layout-column\"><div class=\"fusion-text fusion-text-1\"><p>** Ajouter 1\u00a0po (26\u00a0mm) pour le cordon d\u2019alimentation.<br \/>\n***\u00a0Ajouter 3\/8\u00a0po (10\u00a0mm) pour les v\u00e9rins de calage viss\u00e9s. Les valeurs en millim\u00e8tres sont arrondies \u00e0 l\u2019unit\u00e9 sup\u00e9rieure.<\/p>\n<\/div><div ><a class=\"fusion-button button-flat fusion-button-default-size button-default fusion-button-default button-1 fusion-button-default-span fusion-button-default-type display-none\" style=\"--button-border-radius-top-left:0px;--button-border-radius-top-right:0px;--button-border-radius-bottom-right:0px;--button-border-radius-bottom-left:0px;\" target=\"_blank\" rel=\"noopener noreferrer\" href=\"#\"><span class=\"fusion-button-text awb-button__text awb-button__text--default\">T\u00e9l\u00e9charger le mod\u00e8le de graphique<\/span><\/a><\/div><\/div><\/div><\/div><\/div>\n","protected":false},"excerpt":{"rendered":"<p>Con\u00e7u pour am\u00e9liorer l\u2019entreposage pharmaceutique et pr\u00e9senter une exp\u00e9rience des plus hauts standards, de qualit\u00e9 et de performance. Pr\u00e9r\u00e9gler industriellement pour conserver une temp\u00e9rature entre 36\u00b0F \u00e0 46\u00b0F (2.2\u00b0C \u00e0 7.7 \u00b0C). \u00c9quip\u00e9 de contr\u00f4les tactiles \u00e9conomisant l\u2019\u00e9nergie avec une alarme de protection visuelle et audio. Avec une a\u00e9ration avant authentique, ce mod\u00e8le peut \u00eatre encastr\u00e9 du dessus, de l\u2019arri\u00e8re et des deux c\u00f4t\u00e9s. Port de tierce partie accessible optionnel disponible. Bac de pharmacie coulissant en acier inoxydable optionnel.<\/p>\n","protected":false},"featured_media":26995,"comment_status":"open","ping_status":"closed","template":"","meta":{"_acf_changed":false},"product_brand":[],"product_cat":[140,141,142],"product_tag":[],"class_list":{"0":"post-22580","1":"product","2":"type-product","3":"status-publish","4":"has-post-thumbnail","6":"product_cat-glass-single-swing-door-fr","7":"product_cat-pharmacy-refrigerator","8":"product_cat-veterinary-services-fr","10":"first","11":"instock","12":"shipping-taxable","13":"product-type-simple"},"acf":[],"yoast_head":"<!-- This site is optimized with the Yoast SEO plugin v27.4 - https:\/\/yoast.com\/product\/yoast-seo-wordpress\/ -->\n<title>SE12RxG Refroidisseur de niveau pharmaceutique | Fabrication HABCO<\/title>\n<meta name=\"description\" content=\"D\u00e9couvrez le r\u00e9frig\u00e9rateur compact et robuste de HABCO, parfait pour les environnements commerciaux avec une conception efficace. Commandez d\u00e8s maintenant.\" \/>\n<meta name=\"robots\" content=\"index, follow, max-snippet:-1, max-image-preview:large, max-video-preview:-1\" \/>\n<link rel=\"canonical\" href=\"https:\/\/habcomfg.com\/fr\/product\/se12hcrxg\/\" \/>\n<meta property=\"og:locale\" content=\"fr_FR\" \/>\n<meta property=\"og:type\" content=\"article\" \/>\n<meta property=\"og:title\" content=\"SE12RxG Refroidisseur de niveau pharmaceutique | Fabrication HABCO\" \/>\n<meta property=\"og:description\" content=\"D\u00e9couvrez le r\u00e9frig\u00e9rateur compact et robuste de HABCO, parfait pour les environnements commerciaux avec une conception efficace. Commandez d\u00e8s maintenant.\" \/>\n<meta property=\"og:url\" content=\"https:\/\/habcomfg.com\/fr\/product\/se12hcrxg\/\" \/>\n<meta property=\"og:site_name\" content=\"Habco Manufacturing\" \/>\n<meta property=\"article:modified_time\" content=\"2026-03-04T14:49:31+00:00\" \/>\n<meta property=\"og:image\" content=\"https:\/\/habcomfg.com\/wp-content\/uploads\/2022\/09\/SE12HCRxGV.png\" \/>\n\t<meta property=\"og:image:width\" content=\"1229\" \/>\n\t<meta property=\"og:image:height\" content=\"1847\" \/>\n\t<meta property=\"og:image:type\" content=\"image\/png\" \/>\n<meta name=\"twitter:card\" content=\"summary_large_image\" \/>\n<meta name=\"twitter:label1\" content=\"Dur\u00e9e de lecture estim\u00e9e\" \/>\n\t<meta name=\"twitter:data1\" content=\"1 minute\" \/>\n<script type=\"application\/ld+json\" class=\"yoast-schema-graph\">{\"@context\":\"https:\\\/\\\/schema.org\",\"@graph\":[{\"@type\":\"WebPage\",\"@id\":\"https:\\\/\\\/habcomfg.com\\\/fr\\\/product\\\/se12hcrxg\\\/\",\"url\":\"https:\\\/\\\/habcomfg.com\\\/fr\\\/product\\\/se12hcrxg\\\/\",\"name\":\"SE12RxG Refroidisseur de niveau pharmaceutique | Fabrication HABCO\",\"isPartOf\":{\"@id\":\"https:\\\/\\\/habcomfg.com\\\/fr\\\/#website\"},\"primaryImageOfPage\":{\"@id\":\"https:\\\/\\\/habcomfg.com\\\/fr\\\/product\\\/se12hcrxg\\\/#primaryimage\"},\"image\":{\"@id\":\"https:\\\/\\\/habcomfg.com\\\/fr\\\/product\\\/se12hcrxg\\\/#primaryimage\"},\"thumbnailUrl\":\"https:\\\/\\\/habcomfg.com\\\/wp-content\\\/uploads\\\/2022\\\/09\\\/SE12HCRxGV.png\",\"datePublished\":\"2022-09-20T16:50:25+00:00\",\"dateModified\":\"2026-03-04T14:49:31+00:00\",\"description\":\"D\u00e9couvrez le r\u00e9frig\u00e9rateur compact et robuste de HABCO, parfait pour les environnements commerciaux avec une conception efficace. Commandez d\u00e8s maintenant.\",\"breadcrumb\":{\"@id\":\"https:\\\/\\\/habcomfg.com\\\/fr\\\/product\\\/se12hcrxg\\\/#breadcrumb\"},\"inLanguage\":\"fr-FR\",\"potentialAction\":[{\"@type\":\"ReadAction\",\"target\":[\"https:\\\/\\\/habcomfg.com\\\/fr\\\/product\\\/se12hcrxg\\\/\"]}]},{\"@type\":\"ImageObject\",\"inLanguage\":\"fr-FR\",\"@id\":\"https:\\\/\\\/habcomfg.com\\\/fr\\\/product\\\/se12hcrxg\\\/#primaryimage\",\"url\":\"https:\\\/\\\/habcomfg.com\\\/wp-content\\\/uploads\\\/2022\\\/09\\\/SE12HCRxGV.png\",\"contentUrl\":\"https:\\\/\\\/habcomfg.com\\\/wp-content\\\/uploads\\\/2022\\\/09\\\/SE12HCRxGV.png\",\"width\":\"1229\",\"height\":\"1847\"},{\"@type\":\"BreadcrumbList\",\"@id\":\"https:\\\/\\\/habcomfg.com\\\/fr\\\/product\\\/se12hcrxg\\\/#breadcrumb\",\"itemListElement\":[{\"@type\":\"ListItem\",\"position\":1,\"name\":\"Home\",\"item\":\"https:\\\/\\\/habcomfg.com\\\/fr\\\/\"},{\"@type\":\"ListItem\",\"position\":2,\"name\":\"Shop\",\"item\":\"https:\\\/\\\/habcomfg.com\\\/shop\\\/\"},{\"@type\":\"ListItem\",\"position\":3,\"name\":\"SE12HCRxG\"}]},{\"@type\":\"WebSite\",\"@id\":\"https:\\\/\\\/habcomfg.com\\\/fr\\\/#website\",\"url\":\"https:\\\/\\\/habcomfg.com\\\/fr\\\/\",\"name\":\"Habco Manufacturing\",\"description\":\"Commercial Refrigerators &amp; Freezers\",\"potentialAction\":[{\"@type\":\"SearchAction\",\"target\":{\"@type\":\"EntryPoint\",\"urlTemplate\":\"https:\\\/\\\/habcomfg.com\\\/fr\\\/?s={search_term_string}\"},\"query-input\":{\"@type\":\"PropertyValueSpecification\",\"valueRequired\":true,\"valueName\":\"search_term_string\"}}],\"inLanguage\":\"fr-FR\"}]}<\/script>\n<!-- \/ Yoast SEO plugin. -->","yoast_head_json":{"title":"SE12RxG Refroidisseur de niveau pharmaceutique | Fabrication HABCO","description":"D\u00e9couvrez le r\u00e9frig\u00e9rateur compact et robuste de HABCO, parfait pour les environnements commerciaux avec une conception efficace. Commandez d\u00e8s maintenant.","robots":{"index":"index","follow":"follow","max-snippet":"max-snippet:-1","max-image-preview":"max-image-preview:large","max-video-preview":"max-video-preview:-1"},"canonical":"https:\/\/habcomfg.com\/fr\/product\/se12hcrxg\/","og_locale":"fr_FR","og_type":"article","og_title":"SE12RxG Refroidisseur de niveau pharmaceutique | Fabrication HABCO","og_description":"D\u00e9couvrez le r\u00e9frig\u00e9rateur compact et robuste de HABCO, parfait pour les environnements commerciaux avec une conception efficace. Commandez d\u00e8s maintenant.","og_url":"https:\/\/habcomfg.com\/fr\/product\/se12hcrxg\/","og_site_name":"Habco Manufacturing","article_modified_time":"2026-03-04T14:49:31+00:00","og_image":[{"width":1229,"height":1847,"url":"https:\/\/habcomfg.com\/wp-content\/uploads\/2022\/09\/SE12HCRxGV.png","type":"image\/png"}],"twitter_card":"summary_large_image","twitter_misc":{"Dur\u00e9e de lecture estim\u00e9e":"1 minute"},"schema":{"@context":"https:\/\/schema.org","@graph":[{"@type":"WebPage","@id":"https:\/\/habcomfg.com\/fr\/product\/se12hcrxg\/","url":"https:\/\/habcomfg.com\/fr\/product\/se12hcrxg\/","name":"SE12RxG Refroidisseur de niveau pharmaceutique | Fabrication HABCO","isPartOf":{"@id":"https:\/\/habcomfg.com\/fr\/#website"},"primaryImageOfPage":{"@id":"https:\/\/habcomfg.com\/fr\/product\/se12hcrxg\/#primaryimage"},"image":{"@id":"https:\/\/habcomfg.com\/fr\/product\/se12hcrxg\/#primaryimage"},"thumbnailUrl":"https:\/\/habcomfg.com\/wp-content\/uploads\/2022\/09\/SE12HCRxGV.png","datePublished":"2022-09-20T16:50:25+00:00","dateModified":"2026-03-04T14:49:31+00:00","description":"D\u00e9couvrez le r\u00e9frig\u00e9rateur compact et robuste de HABCO, parfait pour les environnements commerciaux avec une conception efficace. Commandez d\u00e8s maintenant.","breadcrumb":{"@id":"https:\/\/habcomfg.com\/fr\/product\/se12hcrxg\/#breadcrumb"},"inLanguage":"fr-FR","potentialAction":[{"@type":"ReadAction","target":["https:\/\/habcomfg.com\/fr\/product\/se12hcrxg\/"]}]},{"@type":"ImageObject","inLanguage":"fr-FR","@id":"https:\/\/habcomfg.com\/fr\/product\/se12hcrxg\/#primaryimage","url":"https:\/\/habcomfg.com\/wp-content\/uploads\/2022\/09\/SE12HCRxGV.png","contentUrl":"https:\/\/habcomfg.com\/wp-content\/uploads\/2022\/09\/SE12HCRxGV.png","width":"1229","height":"1847"},{"@type":"BreadcrumbList","@id":"https:\/\/habcomfg.com\/fr\/product\/se12hcrxg\/#breadcrumb","itemListElement":[{"@type":"ListItem","position":1,"name":"Home","item":"https:\/\/habcomfg.com\/fr\/"},{"@type":"ListItem","position":2,"name":"Shop","item":"https:\/\/habcomfg.com\/shop\/"},{"@type":"ListItem","position":3,"name":"SE12HCRxG"}]},{"@type":"WebSite","@id":"https:\/\/habcomfg.com\/fr\/#website","url":"https:\/\/habcomfg.com\/fr\/","name":"Habco Manufacturing","description":"Commercial Refrigerators &amp; Freezers","potentialAction":[{"@type":"SearchAction","target":{"@type":"EntryPoint","urlTemplate":"https:\/\/habcomfg.com\/fr\/?s={search_term_string}"},"query-input":{"@type":"PropertyValueSpecification","valueRequired":true,"valueName":"search_term_string"}}],"inLanguage":"fr-FR"}]}},"_links":{"self":[{"href":"https:\/\/habcomfg.com\/fr\/wp-json\/wp\/v2\/product\/22580","targetHints":{"allow":["GET"]}}],"collection":[{"href":"https:\/\/habcomfg.com\/fr\/wp-json\/wp\/v2\/product"}],"about":[{"href":"https:\/\/habcomfg.com\/fr\/wp-json\/wp\/v2\/types\/product"}],"replies":[{"embeddable":true,"href":"https:\/\/habcomfg.com\/fr\/wp-json\/wp\/v2\/comments?post=22580"}],"wp:featuredmedia":[{"embeddable":true,"href":"https:\/\/habcomfg.com\/fr\/wp-json\/wp\/v2\/media\/26995"}],"wp:attachment":[{"href":"https:\/\/habcomfg.com\/fr\/wp-json\/wp\/v2\/media?parent=22580"}],"wp:term":[{"taxonomy":"product_brand","embeddable":true,"href":"https:\/\/habcomfg.com\/fr\/wp-json\/wp\/v2\/product_brand?post=22580"},{"taxonomy":"product_cat","embeddable":true,"href":"https:\/\/habcomfg.com\/fr\/wp-json\/wp\/v2\/product_cat?post=22580"},{"taxonomy":"product_tag","embeddable":true,"href":"https:\/\/habcomfg.com\/fr\/wp-json\/wp\/v2\/product_tag?post=22580"}],"curies":[{"name":"wp","href":"https:\/\/api.w.org\/{rel}","templated":true}]}}