{"id":22575,"date":"2022-09-16T20:10:14","date_gmt":"2022-09-17T00:10:14","guid":{"rendered":"https:\/\/habco.bluehat.hosting\/product\/sf28hc-bxm\/"},"modified":"2023-11-28T10:59:32","modified_gmt":"2023-11-28T15:59:32","slug":"sf28hc-bxm","status":"publish","type":"product","link":"https:\/\/habcomfg.com\/fr\/product\/sf28hc-bxm\/","title":{"rendered":"SF28HC BXM"},"content":{"rendered":"<div class=\"fusion-fullwidth fullwidth-box fusion-builder-row-1 fusion-flex-container nonhundred-percent-fullwidth non-hundred-percent-height-scrolling\" style=\"--awb-border-radius-top-left:0px;--awb-border-radius-top-right:0px;--awb-border-radius-bottom-right:0px;--awb-border-radius-bottom-left:0px;--awb-padding-top:0px;--awb-padding-right:0px;--awb-padding-bottom:0px;--awb-padding-left:0px;--awb-margin-top:0px;--awb-margin-bottom:0px;--awb-flex-wrap:wrap;\" ><div class=\"fusion-builder-row fusion-row fusion-flex-align-items-flex-start fusion-flex-content-wrap\" style=\"max-width:1216.8px;margin-left: calc(-4% \/ 2 );margin-right: calc(-4% \/ 2 );\"><div class=\"fusion-layout-column fusion_builder_column fusion-builder-column-0 fusion_builder_column_1_1 1_1 fusion-flex-column\" style=\"--awb-bg-size:cover;--awb-width-large:100%;--awb-margin-top-large:0px;--awb-spacing-right-large:1.92%;--awb-margin-bottom-large:0px;--awb-spacing-left-large:1.92%;--awb-width-medium:100%;--awb-spacing-right-medium:1.92%;--awb-spacing-left-medium:1.92%;--awb-width-small:100%;--awb-spacing-right-small:1.92%;--awb-spacing-left-small:1.92%;\"><div class=\"fusion-column-wrapper fusion-flex-justify-content-flex-start fusion-content-layout-column\"><div class=\"fusion-text fusion-text-1\"><p>envoy\u00e9 avec un panneau blanc translucide pour signalisation pr\u00eat pour la s\u00e9rigraphie<br \/>\n** Ajouter 1-1\/2 po (39 mm) pour la poign\u00e9e.<br \/>\n*** Ajouter 3\/8 po (10 mm) pour les v\u00e9rins de calage viss\u00e9s. Les valeurs en millim\u00e8tres sont arrondies \u00e0 l\u2019unit\u00e9 sup\u00e9rieure.<\/p>\n<\/div><div ><a class=\"fusion-button button-flat fusion-button-default-size button-default fusion-button-default button-1 fusion-button-default-span fusion-button-default-type display-none\" style=\"--button-border-radius-top-left:0px;--button-border-radius-top-right:0px;--button-border-radius-bottom-right:0px;--button-border-radius-bottom-left:0px;\" target=\"_blank\" rel=\"noopener noreferrer\" href=\"#\"><span class=\"fusion-button-text awb-button__text awb-button__text--default\">T\u00e9l\u00e9charger le mod\u00e8le de graphique<\/span><\/a><\/div><\/div><\/div><\/div><\/div>\n","protected":false},"excerpt":{"rendered":"<p>Cong\u00e9lateur marchandiseur Froze Space MerchandiserMC \u00e0 grande capacit\u00e9 con\u00e7u pour la pr\u00e9sentation des marchandises de grand volume, avec un impact et un attrait sup\u00e9rieurs. Le format large permet la pr\u00e9sentation des marchandises avec une illumination \u00e0 DEL maximale, dans un ensemble robuste, consommant peu d\u2019\u00e9nergie. Pr\u00e9r\u00e9gl\u00e9 en usine \u00e0 -10\u00b0F (-23 \u00b0C) pour conserver des produits congel\u00e9s.<\/p>\n","protected":false},"featured_media":22090,"comment_status":"open","ping_status":"closed","template":"","meta":{"_acf_changed":false},"product_brand":[],"product_cat":[126,133,137,139,138,136,117,112,175,106],"product_tag":[],"class_list":{"0":"post-22575","1":"product","2":"type-product","3":"status-publish","4":"has-post-thumbnail","6":"product_cat-food-services-fr","7":"product_cat-refrigerateur-commercial","8":"product_cat-frozen-space-merchandisers-glass-swing-door-2-fr","9":"product_cat-frozen-space-merchandisers-glass-swing-door-4-fr","10":"product_cat-frozen-space-merchandisers-glass-swing-door-3-fr","11":"product_cat-frozen-space-merchandisers-glass-swing-door-fr","12":"product_cat-micromarket-fr","13":"product_cat-pet-specialty-fr","14":"product_cat-pet-fr","15":"product_cat-retail","17":"first","18":"instock","19":"shipping-taxable","20":"product-type-simple"},"acf":[],"yoast_head":"<!-- This site is optimized with the Yoast SEO plugin v27.3 - https:\/\/yoast.com\/product\/yoast-seo-wordpress\/ -->\n<title>SF28HCBXM r\u00e9frig\u00e9rateur | HABCO<\/title>\n<meta name=\"description\" content=\"Ce Froze Space Merchandiser\u2122 de grande capacit\u00e9 (SF28HCBXM) combine l&#039;efficacit\u00e9 \u00e9nerg\u00e9tique avec un design raffin\u00e9 pour une pr\u00e9sentation optimale.\" \/>\n<meta name=\"robots\" content=\"index, follow, max-snippet:-1, max-image-preview:large, max-video-preview:-1\" \/>\n<link rel=\"canonical\" href=\"https:\/\/habcomfg.com\/fr\/product\/sf28hc-bxm\/\" \/>\n<meta property=\"og:locale\" content=\"fr_FR\" \/>\n<meta property=\"og:type\" content=\"article\" \/>\n<meta property=\"og:title\" content=\"SF28HCBXM r\u00e9frig\u00e9rateur | HABCO\" \/>\n<meta property=\"og:description\" content=\"Ce Froze Space Merchandiser\u2122 de grande capacit\u00e9 (SF28HCBXM) combine l&#039;efficacit\u00e9 \u00e9nerg\u00e9tique avec un design raffin\u00e9 pour une pr\u00e9sentation optimale.\" \/>\n<meta property=\"og:url\" content=\"https:\/\/habcomfg.com\/fr\/product\/sf28hc-bxm\/\" \/>\n<meta property=\"og:site_name\" content=\"Habco Manufacturing\" \/>\n<meta property=\"article:modified_time\" content=\"2023-11-28T15:59:32+00:00\" \/>\n<meta property=\"og:image\" content=\"https:\/\/habcomfg.com\/wp-content\/uploads\/2022\/09\/SF28HCBXM-corner.jpg\" \/>\n\t<meta property=\"og:image:width\" content=\"997\" \/>\n\t<meta property=\"og:image:height\" content=\"1500\" \/>\n\t<meta property=\"og:image:type\" content=\"image\/jpeg\" \/>\n<meta name=\"twitter:card\" content=\"summary_large_image\" \/>\n<meta name=\"twitter:label1\" content=\"Dur\u00e9e de lecture estim\u00e9e\" \/>\n\t<meta name=\"twitter:data1\" content=\"2 minutes\" \/>\n<script type=\"application\/ld+json\" class=\"yoast-schema-graph\">{\"@context\":\"https:\\\/\\\/schema.org\",\"@graph\":[{\"@type\":\"WebPage\",\"@id\":\"https:\\\/\\\/habcomfg.com\\\/fr\\\/product\\\/sf28hc-bxm\\\/\",\"url\":\"https:\\\/\\\/habcomfg.com\\\/fr\\\/product\\\/sf28hc-bxm\\\/\",\"name\":\"SF28HCBXM r\u00e9frig\u00e9rateur | HABCO\",\"isPartOf\":{\"@id\":\"https:\\\/\\\/habcomfg.com\\\/fr\\\/#website\"},\"primaryImageOfPage\":{\"@id\":\"https:\\\/\\\/habcomfg.com\\\/fr\\\/product\\\/sf28hc-bxm\\\/#primaryimage\"},\"image\":{\"@id\":\"https:\\\/\\\/habcomfg.com\\\/fr\\\/product\\\/sf28hc-bxm\\\/#primaryimage\"},\"thumbnailUrl\":\"https:\\\/\\\/habcomfg.com\\\/wp-content\\\/uploads\\\/2022\\\/09\\\/SF28HCBXM-corner.jpg\",\"datePublished\":\"2022-09-17T00:10:14+00:00\",\"dateModified\":\"2023-11-28T15:59:32+00:00\",\"description\":\"Ce Froze Space Merchandiser\u2122 de grande capacit\u00e9 (SF28HCBXM) combine l'efficacit\u00e9 \u00e9nerg\u00e9tique avec un design raffin\u00e9 pour une pr\u00e9sentation optimale.\",\"breadcrumb\":{\"@id\":\"https:\\\/\\\/habcomfg.com\\\/fr\\\/product\\\/sf28hc-bxm\\\/#breadcrumb\"},\"inLanguage\":\"fr-FR\",\"potentialAction\":[{\"@type\":\"ReadAction\",\"target\":[\"https:\\\/\\\/habcomfg.com\\\/fr\\\/product\\\/sf28hc-bxm\\\/\"]}]},{\"@type\":\"ImageObject\",\"inLanguage\":\"fr-FR\",\"@id\":\"https:\\\/\\\/habcomfg.com\\\/fr\\\/product\\\/sf28hc-bxm\\\/#primaryimage\",\"url\":\"https:\\\/\\\/habcomfg.com\\\/wp-content\\\/uploads\\\/2022\\\/09\\\/SF28HCBXM-corner.jpg\",\"contentUrl\":\"https:\\\/\\\/habcomfg.com\\\/wp-content\\\/uploads\\\/2022\\\/09\\\/SF28HCBXM-corner.jpg\",\"width\":997,\"height\":1500,\"caption\":\"SF28HCBXM corner\"},{\"@type\":\"BreadcrumbList\",\"@id\":\"https:\\\/\\\/habcomfg.com\\\/fr\\\/product\\\/sf28hc-bxm\\\/#breadcrumb\",\"itemListElement\":[{\"@type\":\"ListItem\",\"position\":1,\"name\":\"Home\",\"item\":\"https:\\\/\\\/habcomfg.com\\\/fr\\\/\"},{\"@type\":\"ListItem\",\"position\":2,\"name\":\"Shop\",\"item\":\"https:\\\/\\\/habcomfg.com\\\/shop\\\/\"},{\"@type\":\"ListItem\",\"position\":3,\"name\":\"SF28HC BXM\"}]},{\"@type\":\"WebSite\",\"@id\":\"https:\\\/\\\/habcomfg.com\\\/fr\\\/#website\",\"url\":\"https:\\\/\\\/habcomfg.com\\\/fr\\\/\",\"name\":\"Habco Manufacturing\",\"description\":\"Commercial Refrigerators &amp; Freezers\",\"potentialAction\":[{\"@type\":\"SearchAction\",\"target\":{\"@type\":\"EntryPoint\",\"urlTemplate\":\"https:\\\/\\\/habcomfg.com\\\/fr\\\/?s={search_term_string}\"},\"query-input\":{\"@type\":\"PropertyValueSpecification\",\"valueRequired\":true,\"valueName\":\"search_term_string\"}}],\"inLanguage\":\"fr-FR\"}]}<\/script>\n<!-- \/ Yoast SEO plugin. -->","yoast_head_json":{"title":"SF28HCBXM r\u00e9frig\u00e9rateur | HABCO","description":"Ce Froze Space Merchandiser\u2122 de grande capacit\u00e9 (SF28HCBXM) combine l'efficacit\u00e9 \u00e9nerg\u00e9tique avec un design raffin\u00e9 pour une pr\u00e9sentation optimale.","robots":{"index":"index","follow":"follow","max-snippet":"max-snippet:-1","max-image-preview":"max-image-preview:large","max-video-preview":"max-video-preview:-1"},"canonical":"https:\/\/habcomfg.com\/fr\/product\/sf28hc-bxm\/","og_locale":"fr_FR","og_type":"article","og_title":"SF28HCBXM r\u00e9frig\u00e9rateur | HABCO","og_description":"Ce Froze Space Merchandiser\u2122 de grande capacit\u00e9 (SF28HCBXM) combine l'efficacit\u00e9 \u00e9nerg\u00e9tique avec un design raffin\u00e9 pour une pr\u00e9sentation optimale.","og_url":"https:\/\/habcomfg.com\/fr\/product\/sf28hc-bxm\/","og_site_name":"Habco Manufacturing","article_modified_time":"2023-11-28T15:59:32+00:00","og_image":[{"width":997,"height":1500,"url":"https:\/\/habcomfg.com\/wp-content\/uploads\/2022\/09\/SF28HCBXM-corner.jpg","type":"image\/jpeg"}],"twitter_card":"summary_large_image","twitter_misc":{"Dur\u00e9e de lecture estim\u00e9e":"2 minutes"},"schema":{"@context":"https:\/\/schema.org","@graph":[{"@type":"WebPage","@id":"https:\/\/habcomfg.com\/fr\/product\/sf28hc-bxm\/","url":"https:\/\/habcomfg.com\/fr\/product\/sf28hc-bxm\/","name":"SF28HCBXM r\u00e9frig\u00e9rateur | HABCO","isPartOf":{"@id":"https:\/\/habcomfg.com\/fr\/#website"},"primaryImageOfPage":{"@id":"https:\/\/habcomfg.com\/fr\/product\/sf28hc-bxm\/#primaryimage"},"image":{"@id":"https:\/\/habcomfg.com\/fr\/product\/sf28hc-bxm\/#primaryimage"},"thumbnailUrl":"https:\/\/habcomfg.com\/wp-content\/uploads\/2022\/09\/SF28HCBXM-corner.jpg","datePublished":"2022-09-17T00:10:14+00:00","dateModified":"2023-11-28T15:59:32+00:00","description":"Ce Froze Space Merchandiser\u2122 de grande capacit\u00e9 (SF28HCBXM) combine l'efficacit\u00e9 \u00e9nerg\u00e9tique avec un design raffin\u00e9 pour une pr\u00e9sentation optimale.","breadcrumb":{"@id":"https:\/\/habcomfg.com\/fr\/product\/sf28hc-bxm\/#breadcrumb"},"inLanguage":"fr-FR","potentialAction":[{"@type":"ReadAction","target":["https:\/\/habcomfg.com\/fr\/product\/sf28hc-bxm\/"]}]},{"@type":"ImageObject","inLanguage":"fr-FR","@id":"https:\/\/habcomfg.com\/fr\/product\/sf28hc-bxm\/#primaryimage","url":"https:\/\/habcomfg.com\/wp-content\/uploads\/2022\/09\/SF28HCBXM-corner.jpg","contentUrl":"https:\/\/habcomfg.com\/wp-content\/uploads\/2022\/09\/SF28HCBXM-corner.jpg","width":997,"height":1500,"caption":"SF28HCBXM corner"},{"@type":"BreadcrumbList","@id":"https:\/\/habcomfg.com\/fr\/product\/sf28hc-bxm\/#breadcrumb","itemListElement":[{"@type":"ListItem","position":1,"name":"Home","item":"https:\/\/habcomfg.com\/fr\/"},{"@type":"ListItem","position":2,"name":"Shop","item":"https:\/\/habcomfg.com\/shop\/"},{"@type":"ListItem","position":3,"name":"SF28HC BXM"}]},{"@type":"WebSite","@id":"https:\/\/habcomfg.com\/fr\/#website","url":"https:\/\/habcomfg.com\/fr\/","name":"Habco Manufacturing","description":"Commercial Refrigerators &amp; Freezers","potentialAction":[{"@type":"SearchAction","target":{"@type":"EntryPoint","urlTemplate":"https:\/\/habcomfg.com\/fr\/?s={search_term_string}"},"query-input":{"@type":"PropertyValueSpecification","valueRequired":true,"valueName":"search_term_string"}}],"inLanguage":"fr-FR"}]}},"_links":{"self":[{"href":"https:\/\/habcomfg.com\/fr\/wp-json\/wp\/v2\/product\/22575","targetHints":{"allow":["GET"]}}],"collection":[{"href":"https:\/\/habcomfg.com\/fr\/wp-json\/wp\/v2\/product"}],"about":[{"href":"https:\/\/habcomfg.com\/fr\/wp-json\/wp\/v2\/types\/product"}],"replies":[{"embeddable":true,"href":"https:\/\/habcomfg.com\/fr\/wp-json\/wp\/v2\/comments?post=22575"}],"wp:featuredmedia":[{"embeddable":true,"href":"https:\/\/habcomfg.com\/fr\/wp-json\/wp\/v2\/media\/22090"}],"wp:attachment":[{"href":"https:\/\/habcomfg.com\/fr\/wp-json\/wp\/v2\/media?parent=22575"}],"wp:term":[{"taxonomy":"product_brand","embeddable":true,"href":"https:\/\/habcomfg.com\/fr\/wp-json\/wp\/v2\/product_brand?post=22575"},{"taxonomy":"product_cat","embeddable":true,"href":"https:\/\/habcomfg.com\/fr\/wp-json\/wp\/v2\/product_cat?post=22575"},{"taxonomy":"product_tag","embeddable":true,"href":"https:\/\/habcomfg.com\/fr\/wp-json\/wp\/v2\/product_tag?post=22575"}],"curies":[{"name":"wp","href":"https:\/\/api.w.org\/{rel}","templated":true}]}}