{"id":22562,"date":"2022-09-19T13:41:05","date_gmt":"2022-09-19T17:41:05","guid":{"rendered":"https:\/\/habco.bluehat.hosting\/product\/sf24hc-sx\/"},"modified":"2023-06-26T18:30:22","modified_gmt":"2023-06-26T18:30:22","slug":"sf24hc-sx","status":"publish","type":"product","link":"https:\/\/habcomfg.com\/fr\/product\/sf24hc-sx\/","title":{"rendered":"SF24HC SX"},"content":{"rendered":"<div class=\"fusion-fullwidth fullwidth-box fusion-builder-row-1 fusion-flex-container nonhundred-percent-fullwidth non-hundred-percent-height-scrolling\" style=\"--awb-border-radius-top-left:0px;--awb-border-radius-top-right:0px;--awb-border-radius-bottom-right:0px;--awb-border-radius-bottom-left:0px;--awb-padding-top:0px;--awb-padding-right:0px;--awb-padding-bottom:0px;--awb-padding-left:0px;--awb-margin-top:0px;--awb-margin-bottom:0px;--awb-flex-wrap:wrap;\" ><div class=\"fusion-builder-row fusion-row fusion-flex-align-items-flex-start fusion-flex-content-wrap\" style=\"max-width:1216.8px;margin-left: calc(-4% \/ 2 );margin-right: calc(-4% \/ 2 );\"><div class=\"fusion-layout-column fusion_builder_column fusion-builder-column-0 fusion_builder_column_1_1 1_1 fusion-flex-column\" style=\"--awb-bg-size:cover;--awb-width-large:100%;--awb-margin-top-large:0px;--awb-spacing-right-large:1.92%;--awb-margin-bottom-large:0px;--awb-spacing-left-large:1.92%;--awb-width-medium:100%;--awb-spacing-right-medium:1.92%;--awb-spacing-left-medium:1.92%;--awb-width-small:100%;--awb-spacing-right-small:1.92%;--awb-spacing-left-small:1.92%;\"><div class=\"fusion-column-wrapper fusion-flex-justify-content-flex-start fusion-content-layout-column\"><div class=\"fusion-text fusion-text-1\"><p>inclut les verrous de porte<br \/>\n*** Ajouter 3\/8\u00a0po (10\u00a0mm) pour les v\u00e9rins de calage viss\u00e9s.<br \/>\nLes valeurs en millim\u00e8tres sont arrondies \u00e0 l\u2019unit\u00e9 sup\u00e9rieure.<\/p>\n<\/div><div ><a class=\"fusion-button button-flat fusion-button-default-size button-default fusion-button-default button-1 fusion-button-default-span fusion-button-default-type display-none\" style=\"--button-border-radius-top-left:0px;--button-border-radius-top-right:0px;--button-border-radius-bottom-right:0px;--button-border-radius-bottom-left:0px;\" target=\"_blank\" rel=\"noopener noreferrer\" href=\"#\"><span class=\"fusion-button-text awb-button__text awb-button__text--default\">Download Graphics Template<\/span><\/a><\/div><\/div><\/div><\/div><\/div>\n","protected":false},"excerpt":{"rendered":"<p>Le cong\u00e9lateur avec Xterior<sup>MC<\/sup>\u00a0en acier inoxydable plein favorise une image professionnelle propre. Con\u00e7u pour les sections typiques de deux pieds de largeur, lorsque la capacit\u00e9 accrue est essentielle et la largeur est limit\u00e9e. Pr\u00e9r\u00e9gl\u00e9 en usine \u00e0 -10\u00b0F (-23\u00a0\u00b0C) pour conserver des produits congel\u00e9s.<\/p>\n","protected":false},"featured_media":22218,"comment_status":"open","ping_status":"closed","template":"","meta":{"_acf_changed":false},"product_brand":[],"product_cat":[126,133,112,134,115,135],"product_tag":[],"class_list":{"0":"post-22562","1":"product","2":"type-product","3":"status-publish","4":"has-post-thumbnail","6":"product_cat-food-services-fr","7":"product_cat-refrigerateur-commercial","8":"product_cat-pet-specialty-fr","9":"product_cat-stainless-steel-xterior-solid-swing-door-2-fr","10":"product_cat-stainless-steel-xterior-solid-swing-door-3-fr","11":"product_cat-stainless-steel-xterior-solid-swing-door-freezers-fr","13":"first","14":"instock","15":"shipping-taxable","16":"product-type-simple"},"acf":[],"yoast_head":"<!-- This site is optimized with the Yoast SEO plugin v27.4 - https:\/\/yoast.com\/product\/yoast-seo-wordpress\/ -->\n<title>SF24SX - HABCO<\/title>\n<meta name=\"description\" content=\"Pour une capacit\u00e9 accrue dans un espace limit\u00e9, le cong\u00e9lateur SF24SX est id\u00e9al et con\u00e7u pour des sections typiques de deux pieds de largeur. Contactez HABCO pour en savoir plus ou commander maintenant.\" \/>\n<meta name=\"robots\" content=\"index, follow, max-snippet:-1, max-image-preview:large, max-video-preview:-1\" \/>\n<link rel=\"canonical\" href=\"https:\/\/habcomfg.com\/fr\/product\/sf24hc-sx\/\" \/>\n<meta property=\"og:locale\" content=\"fr_FR\" \/>\n<meta property=\"og:type\" content=\"article\" \/>\n<meta property=\"og:title\" content=\"SF24SX - HABCO\" \/>\n<meta property=\"og:description\" content=\"Pour une capacit\u00e9 accrue dans un espace limit\u00e9, le cong\u00e9lateur SF24SX est id\u00e9al et con\u00e7u pour des sections typiques de deux pieds de largeur. Contactez HABCO pour en savoir plus ou commander maintenant.\" \/>\n<meta property=\"og:url\" content=\"https:\/\/habcomfg.com\/fr\/product\/sf24hc-sx\/\" \/>\n<meta property=\"og:site_name\" content=\"Habco Manufacturing\" \/>\n<meta property=\"article:modified_time\" content=\"2023-06-26T18:30:22+00:00\" \/>\n<meta property=\"og:image\" content=\"https:\/\/habcomfg.com\/wp-content\/uploads\/2022\/09\/SF24HCSX-corner-1.jpg\" \/>\n\t<meta property=\"og:image:width\" content=\"997\" \/>\n\t<meta property=\"og:image:height\" content=\"1500\" \/>\n\t<meta property=\"og:image:type\" content=\"image\/jpeg\" \/>\n<meta name=\"twitter:card\" content=\"summary_large_image\" \/>\n<meta name=\"twitter:label1\" content=\"Dur\u00e9e de lecture estim\u00e9e\" \/>\n\t<meta name=\"twitter:data1\" content=\"2 minutes\" \/>\n<script type=\"application\/ld+json\" class=\"yoast-schema-graph\">{\"@context\":\"https:\\\/\\\/schema.org\",\"@graph\":[{\"@type\":\"WebPage\",\"@id\":\"https:\\\/\\\/habcomfg.com\\\/fr\\\/product\\\/sf24hc-sx\\\/\",\"url\":\"https:\\\/\\\/habcomfg.com\\\/fr\\\/product\\\/sf24hc-sx\\\/\",\"name\":\"SF24SX - HABCO\",\"isPartOf\":{\"@id\":\"https:\\\/\\\/habcomfg.com\\\/fr\\\/#website\"},\"primaryImageOfPage\":{\"@id\":\"https:\\\/\\\/habcomfg.com\\\/fr\\\/product\\\/sf24hc-sx\\\/#primaryimage\"},\"image\":{\"@id\":\"https:\\\/\\\/habcomfg.com\\\/fr\\\/product\\\/sf24hc-sx\\\/#primaryimage\"},\"thumbnailUrl\":\"https:\\\/\\\/habcomfg.com\\\/wp-content\\\/uploads\\\/2022\\\/09\\\/SF24HCSX-corner-1.jpg\",\"datePublished\":\"2022-09-19T17:41:05+00:00\",\"dateModified\":\"2023-06-26T18:30:22+00:00\",\"description\":\"Pour une capacit\u00e9 accrue dans un espace limit\u00e9, le cong\u00e9lateur SF24SX est id\u00e9al et con\u00e7u pour des sections typiques de deux pieds de largeur. Contactez HABCO pour en savoir plus ou commander maintenant.\",\"breadcrumb\":{\"@id\":\"https:\\\/\\\/habcomfg.com\\\/fr\\\/product\\\/sf24hc-sx\\\/#breadcrumb\"},\"inLanguage\":\"fr-FR\",\"potentialAction\":[{\"@type\":\"ReadAction\",\"target\":[\"https:\\\/\\\/habcomfg.com\\\/fr\\\/product\\\/sf24hc-sx\\\/\"]}]},{\"@type\":\"ImageObject\",\"inLanguage\":\"fr-FR\",\"@id\":\"https:\\\/\\\/habcomfg.com\\\/fr\\\/product\\\/sf24hc-sx\\\/#primaryimage\",\"url\":\"https:\\\/\\\/habcomfg.com\\\/wp-content\\\/uploads\\\/2022\\\/09\\\/SF24HCSX-corner-1.jpg\",\"contentUrl\":\"https:\\\/\\\/habcomfg.com\\\/wp-content\\\/uploads\\\/2022\\\/09\\\/SF24HCSX-corner-1.jpg\",\"width\":997,\"height\":1500,\"caption\":\"SF24HCSX corner 1\"},{\"@type\":\"BreadcrumbList\",\"@id\":\"https:\\\/\\\/habcomfg.com\\\/fr\\\/product\\\/sf24hc-sx\\\/#breadcrumb\",\"itemListElement\":[{\"@type\":\"ListItem\",\"position\":1,\"name\":\"Home\",\"item\":\"https:\\\/\\\/habcomfg.com\\\/fr\\\/\"},{\"@type\":\"ListItem\",\"position\":2,\"name\":\"Shop\",\"item\":\"https:\\\/\\\/habcomfg.com\\\/shop\\\/\"},{\"@type\":\"ListItem\",\"position\":3,\"name\":\"SF24HC SX\"}]},{\"@type\":\"WebSite\",\"@id\":\"https:\\\/\\\/habcomfg.com\\\/fr\\\/#website\",\"url\":\"https:\\\/\\\/habcomfg.com\\\/fr\\\/\",\"name\":\"Habco Manufacturing\",\"description\":\"Commercial Refrigerators &amp; Freezers\",\"potentialAction\":[{\"@type\":\"SearchAction\",\"target\":{\"@type\":\"EntryPoint\",\"urlTemplate\":\"https:\\\/\\\/habcomfg.com\\\/fr\\\/?s={search_term_string}\"},\"query-input\":{\"@type\":\"PropertyValueSpecification\",\"valueRequired\":true,\"valueName\":\"search_term_string\"}}],\"inLanguage\":\"fr-FR\"}]}<\/script>\n<!-- \/ Yoast SEO plugin. -->","yoast_head_json":{"title":"SF24SX - HABCO","description":"Pour une capacit\u00e9 accrue dans un espace limit\u00e9, le cong\u00e9lateur SF24SX est id\u00e9al et con\u00e7u pour des sections typiques de deux pieds de largeur. Contactez HABCO pour en savoir plus ou commander maintenant.","robots":{"index":"index","follow":"follow","max-snippet":"max-snippet:-1","max-image-preview":"max-image-preview:large","max-video-preview":"max-video-preview:-1"},"canonical":"https:\/\/habcomfg.com\/fr\/product\/sf24hc-sx\/","og_locale":"fr_FR","og_type":"article","og_title":"SF24SX - HABCO","og_description":"Pour une capacit\u00e9 accrue dans un espace limit\u00e9, le cong\u00e9lateur SF24SX est id\u00e9al et con\u00e7u pour des sections typiques de deux pieds de largeur. Contactez HABCO pour en savoir plus ou commander maintenant.","og_url":"https:\/\/habcomfg.com\/fr\/product\/sf24hc-sx\/","og_site_name":"Habco Manufacturing","article_modified_time":"2023-06-26T18:30:22+00:00","og_image":[{"width":997,"height":1500,"url":"https:\/\/habcomfg.com\/wp-content\/uploads\/2022\/09\/SF24HCSX-corner-1.jpg","type":"image\/jpeg"}],"twitter_card":"summary_large_image","twitter_misc":{"Dur\u00e9e de lecture estim\u00e9e":"2 minutes"},"schema":{"@context":"https:\/\/schema.org","@graph":[{"@type":"WebPage","@id":"https:\/\/habcomfg.com\/fr\/product\/sf24hc-sx\/","url":"https:\/\/habcomfg.com\/fr\/product\/sf24hc-sx\/","name":"SF24SX - HABCO","isPartOf":{"@id":"https:\/\/habcomfg.com\/fr\/#website"},"primaryImageOfPage":{"@id":"https:\/\/habcomfg.com\/fr\/product\/sf24hc-sx\/#primaryimage"},"image":{"@id":"https:\/\/habcomfg.com\/fr\/product\/sf24hc-sx\/#primaryimage"},"thumbnailUrl":"https:\/\/habcomfg.com\/wp-content\/uploads\/2022\/09\/SF24HCSX-corner-1.jpg","datePublished":"2022-09-19T17:41:05+00:00","dateModified":"2023-06-26T18:30:22+00:00","description":"Pour une capacit\u00e9 accrue dans un espace limit\u00e9, le cong\u00e9lateur SF24SX est id\u00e9al et con\u00e7u pour des sections typiques de deux pieds de largeur. Contactez HABCO pour en savoir plus ou commander maintenant.","breadcrumb":{"@id":"https:\/\/habcomfg.com\/fr\/product\/sf24hc-sx\/#breadcrumb"},"inLanguage":"fr-FR","potentialAction":[{"@type":"ReadAction","target":["https:\/\/habcomfg.com\/fr\/product\/sf24hc-sx\/"]}]},{"@type":"ImageObject","inLanguage":"fr-FR","@id":"https:\/\/habcomfg.com\/fr\/product\/sf24hc-sx\/#primaryimage","url":"https:\/\/habcomfg.com\/wp-content\/uploads\/2022\/09\/SF24HCSX-corner-1.jpg","contentUrl":"https:\/\/habcomfg.com\/wp-content\/uploads\/2022\/09\/SF24HCSX-corner-1.jpg","width":997,"height":1500,"caption":"SF24HCSX corner 1"},{"@type":"BreadcrumbList","@id":"https:\/\/habcomfg.com\/fr\/product\/sf24hc-sx\/#breadcrumb","itemListElement":[{"@type":"ListItem","position":1,"name":"Home","item":"https:\/\/habcomfg.com\/fr\/"},{"@type":"ListItem","position":2,"name":"Shop","item":"https:\/\/habcomfg.com\/shop\/"},{"@type":"ListItem","position":3,"name":"SF24HC SX"}]},{"@type":"WebSite","@id":"https:\/\/habcomfg.com\/fr\/#website","url":"https:\/\/habcomfg.com\/fr\/","name":"Habco Manufacturing","description":"Commercial Refrigerators &amp; Freezers","potentialAction":[{"@type":"SearchAction","target":{"@type":"EntryPoint","urlTemplate":"https:\/\/habcomfg.com\/fr\/?s={search_term_string}"},"query-input":{"@type":"PropertyValueSpecification","valueRequired":true,"valueName":"search_term_string"}}],"inLanguage":"fr-FR"}]}},"_links":{"self":[{"href":"https:\/\/habcomfg.com\/fr\/wp-json\/wp\/v2\/product\/22562","targetHints":{"allow":["GET"]}}],"collection":[{"href":"https:\/\/habcomfg.com\/fr\/wp-json\/wp\/v2\/product"}],"about":[{"href":"https:\/\/habcomfg.com\/fr\/wp-json\/wp\/v2\/types\/product"}],"replies":[{"embeddable":true,"href":"https:\/\/habcomfg.com\/fr\/wp-json\/wp\/v2\/comments?post=22562"}],"wp:featuredmedia":[{"embeddable":true,"href":"https:\/\/habcomfg.com\/fr\/wp-json\/wp\/v2\/media\/22218"}],"wp:attachment":[{"href":"https:\/\/habcomfg.com\/fr\/wp-json\/wp\/v2\/media?parent=22562"}],"wp:term":[{"taxonomy":"product_brand","embeddable":true,"href":"https:\/\/habcomfg.com\/fr\/wp-json\/wp\/v2\/product_brand?post=22562"},{"taxonomy":"product_cat","embeddable":true,"href":"https:\/\/habcomfg.com\/fr\/wp-json\/wp\/v2\/product_cat?post=22562"},{"taxonomy":"product_tag","embeddable":true,"href":"https:\/\/habcomfg.com\/fr\/wp-json\/wp\/v2\/product_tag?post=22562"}],"curies":[{"name":"wp","href":"https:\/\/api.w.org\/{rel}","templated":true}]}}