{"id":22557,"date":"2022-09-16T18:49:46","date_gmt":"2022-09-16T22:49:46","guid":{"rendered":"https:\/\/habco.bluehat.hosting\/product\/se46hcsxg\/"},"modified":"2023-11-24T15:31:51","modified_gmt":"2023-11-24T20:31:51","slug":"se46hcsxg","status":"publish","type":"product","link":"https:\/\/habcomfg.com\/fr\/product\/se46hcsxg\/","title":{"rendered":"SE46HCSXG"},"content":{"rendered":"<div class=\"fusion-fullwidth fullwidth-box fusion-builder-row-1 fusion-flex-container nonhundred-percent-fullwidth non-hundred-percent-height-scrolling\" style=\"--awb-border-radius-top-left:0px;--awb-border-radius-top-right:0px;--awb-border-radius-bottom-right:0px;--awb-border-radius-bottom-left:0px;--awb-padding-top:0px;--awb-padding-right:0px;--awb-padding-bottom:0px;--awb-padding-left:0px;--awb-margin-top:0px;--awb-margin-bottom:0px;--awb-flex-wrap:wrap;\" ><div class=\"fusion-builder-row fusion-row fusion-flex-align-items-flex-start fusion-flex-content-wrap\" style=\"max-width:1216.8px;margin-left: calc(-4% \/ 2 );margin-right: calc(-4% \/ 2 );\"><div class=\"fusion-layout-column fusion_builder_column fusion-builder-column-0 fusion_builder_column_1_1 1_1 fusion-flex-column\" style=\"--awb-bg-size:cover;--awb-width-large:100%;--awb-margin-top-large:0px;--awb-spacing-right-large:1.92%;--awb-margin-bottom-large:0px;--awb-spacing-left-large:1.92%;--awb-width-medium:100%;--awb-spacing-right-medium:1.92%;--awb-spacing-left-medium:1.92%;--awb-width-small:100%;--awb-spacing-right-small:1.92%;--awb-spacing-left-small:1.92%;\"><div class=\"fusion-column-wrapper fusion-flex-justify-content-flex-start fusion-content-layout-column\"><div class=\"fusion-text fusion-text-1\"><p>inclut les verrous de portes<br \/>\n** Ajouter 1-1\/2 po (39 mm) pour les poign\u00e9es de porte et 1 po (26 mm) pour le cordon d\u2019alimentation \u2013 O\/A 2-1\/2 po (64 mm).<br \/>\n*** Ajouter 3\/8 po (10 mm) pour les v\u00e9rins de calage viss\u00e9s. Les valeurs en millim\u00e8tres sont arrondies \u00e0 l\u2019unit\u00e9 sup\u00e9rieure.<\/p>\n<\/div><div ><a class=\"fusion-button button-flat fusion-button-default-size button-default fusion-button-default button-1 fusion-button-default-span fusion-button-default-type display-none\" style=\"--button-border-radius-top-left:0px;--button-border-radius-top-right:0px;--button-border-radius-bottom-right:0px;--button-border-radius-bottom-left:0px;\" target=\"_blank\" rel=\"noopener noreferrer\" href=\"#\"><span class=\"fusion-button-text awb-button__text awb-button__text--default\">T\u00e9l\u00e9charger le mod\u00e8le de graphique<\/span><\/a><\/div><\/div><\/div><\/div><\/div>\n","protected":false},"excerpt":{"rendered":"<p>Ce r\u00e9frig\u00e9rateur pr\u00e9sentoir \u00e0 fini en acier inoxydable avec portes va-et-vient s\u2019ins\u00e8re bien dans une section de quatre pieds. Id\u00e9al pour les cuisines anim\u00e9es qui ont besoin que les produits soient visibles pour maximiser leur efficacit\u00e9, ou pour une pr\u00e9sentation au d\u00e9tail haut de gamme lorsqu\u2019une image et une pr\u00e9sentation professionnelle sont essentielles. Ce mod\u00e8le \u00e0 respiration par l\u2019avant authentique peut \u00eatre encastr\u00e9 \u00e0 l\u2019arri\u00e8re, au-dessus, au-dessous et sur les deux c\u00f4t\u00e9s.<\/p>\n","protected":false},"featured_media":22070,"comment_status":"open","ping_status":"closed","template":"","meta":{"_acf_changed":false},"product_brand":[],"product_cat":[126,173,131,132,109],"product_tag":[],"class_list":{"0":"post-22557","1":"product","2":"type-product","3":"status-publish","4":"has-post-thumbnail","6":"product_cat-food-services-fr","7":"product_cat-foodservices-fr","8":"product_cat-glass-swing-door-2-fr","9":"product_cat-glass-swing-door-fr","10":"product_cat-reach-in-refrigerators","12":"first","13":"instock","14":"shipping-taxable","15":"product-type-simple"},"acf":[],"yoast_head":"<!-- This site is optimized with the Yoast SEO plugin v27.4 - https:\/\/yoast.com\/product\/yoast-seo-wordpress\/ -->\n<title>SE46HCSXG - HABCO<\/title>\n<meta name=\"description\" content=\"Vous avez une cuisine anim\u00e9e dans laquelle les produits doivent \u00eatre visibles pour maximiser leur efficacit\u00e9? Procurez-vous le r\u00e9frig\u00e9rateur SE46SXG pour combler vos besoins. Contactez HABCO d\u00e8s maintenant pour en savoir plus.\" \/>\n<meta name=\"robots\" content=\"index, follow, max-snippet:-1, max-image-preview:large, max-video-preview:-1\" \/>\n<link rel=\"canonical\" href=\"https:\/\/habcomfg.com\/fr\/product\/se46hcsxg\/\" \/>\n<meta property=\"og:locale\" content=\"fr_FR\" \/>\n<meta property=\"og:type\" content=\"article\" \/>\n<meta property=\"og:title\" content=\"SE46HCSXG - HABCO\" \/>\n<meta property=\"og:description\" content=\"Vous avez une cuisine anim\u00e9e dans laquelle les produits doivent \u00eatre visibles pour maximiser leur efficacit\u00e9? Procurez-vous le r\u00e9frig\u00e9rateur SE46SXG pour combler vos besoins. Contactez HABCO d\u00e8s maintenant pour en savoir plus.\" \/>\n<meta property=\"og:url\" content=\"https:\/\/habcomfg.com\/fr\/product\/se46hcsxg\/\" \/>\n<meta property=\"og:site_name\" content=\"Habco Manufacturing\" \/>\n<meta property=\"article:modified_time\" content=\"2023-11-24T20:31:51+00:00\" \/>\n<meta property=\"og:image\" content=\"https:\/\/habcomfg.com\/wp-content\/uploads\/2022\/09\/SE46HC-SXG-corner.jpg\" \/>\n\t<meta property=\"og:image:width\" content=\"997\" \/>\n\t<meta property=\"og:image:height\" content=\"1500\" \/>\n\t<meta property=\"og:image:type\" content=\"image\/jpeg\" \/>\n<meta name=\"twitter:card\" content=\"summary_large_image\" \/>\n<meta name=\"twitter:label1\" content=\"Dur\u00e9e de lecture estim\u00e9e\" \/>\n\t<meta name=\"twitter:data1\" content=\"2 minutes\" \/>\n<script type=\"application\/ld+json\" class=\"yoast-schema-graph\">{\"@context\":\"https:\\\/\\\/schema.org\",\"@graph\":[{\"@type\":\"WebPage\",\"@id\":\"https:\\\/\\\/habcomfg.com\\\/fr\\\/product\\\/se46hcsxg\\\/\",\"url\":\"https:\\\/\\\/habcomfg.com\\\/fr\\\/product\\\/se46hcsxg\\\/\",\"name\":\"SE46HCSXG - HABCO\",\"isPartOf\":{\"@id\":\"https:\\\/\\\/habcomfg.com\\\/fr\\\/#website\"},\"primaryImageOfPage\":{\"@id\":\"https:\\\/\\\/habcomfg.com\\\/fr\\\/product\\\/se46hcsxg\\\/#primaryimage\"},\"image\":{\"@id\":\"https:\\\/\\\/habcomfg.com\\\/fr\\\/product\\\/se46hcsxg\\\/#primaryimage\"},\"thumbnailUrl\":\"https:\\\/\\\/habcomfg.com\\\/wp-content\\\/uploads\\\/2022\\\/09\\\/SE46HC-SXG-corner.jpg\",\"datePublished\":\"2022-09-16T22:49:46+00:00\",\"dateModified\":\"2023-11-24T20:31:51+00:00\",\"description\":\"Vous avez une cuisine anim\u00e9e dans laquelle les produits doivent \u00eatre visibles pour maximiser leur efficacit\u00e9? Procurez-vous le r\u00e9frig\u00e9rateur SE46SXG pour combler vos besoins. Contactez HABCO d\u00e8s maintenant pour en savoir plus.\",\"breadcrumb\":{\"@id\":\"https:\\\/\\\/habcomfg.com\\\/fr\\\/product\\\/se46hcsxg\\\/#breadcrumb\"},\"inLanguage\":\"fr-FR\",\"potentialAction\":[{\"@type\":\"ReadAction\",\"target\":[\"https:\\\/\\\/habcomfg.com\\\/fr\\\/product\\\/se46hcsxg\\\/\"]}]},{\"@type\":\"ImageObject\",\"inLanguage\":\"fr-FR\",\"@id\":\"https:\\\/\\\/habcomfg.com\\\/fr\\\/product\\\/se46hcsxg\\\/#primaryimage\",\"url\":\"https:\\\/\\\/habcomfg.com\\\/wp-content\\\/uploads\\\/2022\\\/09\\\/SE46HC-SXG-corner.jpg\",\"contentUrl\":\"https:\\\/\\\/habcomfg.com\\\/wp-content\\\/uploads\\\/2022\\\/09\\\/SE46HC-SXG-corner.jpg\",\"width\":997,\"height\":1500,\"caption\":\"SE46HC SXG corner\"},{\"@type\":\"BreadcrumbList\",\"@id\":\"https:\\\/\\\/habcomfg.com\\\/fr\\\/product\\\/se46hcsxg\\\/#breadcrumb\",\"itemListElement\":[{\"@type\":\"ListItem\",\"position\":1,\"name\":\"Home\",\"item\":\"https:\\\/\\\/habcomfg.com\\\/fr\\\/\"},{\"@type\":\"ListItem\",\"position\":2,\"name\":\"Shop\",\"item\":\"https:\\\/\\\/habcomfg.com\\\/shop\\\/\"},{\"@type\":\"ListItem\",\"position\":3,\"name\":\"SE46HCSXG\"}]},{\"@type\":\"WebSite\",\"@id\":\"https:\\\/\\\/habcomfg.com\\\/fr\\\/#website\",\"url\":\"https:\\\/\\\/habcomfg.com\\\/fr\\\/\",\"name\":\"Habco Manufacturing\",\"description\":\"Commercial Refrigerators &amp; Freezers\",\"potentialAction\":[{\"@type\":\"SearchAction\",\"target\":{\"@type\":\"EntryPoint\",\"urlTemplate\":\"https:\\\/\\\/habcomfg.com\\\/fr\\\/?s={search_term_string}\"},\"query-input\":{\"@type\":\"PropertyValueSpecification\",\"valueRequired\":true,\"valueName\":\"search_term_string\"}}],\"inLanguage\":\"fr-FR\"}]}<\/script>\n<!-- \/ Yoast SEO plugin. -->","yoast_head_json":{"title":"SE46HCSXG - HABCO","description":"Vous avez une cuisine anim\u00e9e dans laquelle les produits doivent \u00eatre visibles pour maximiser leur efficacit\u00e9? Procurez-vous le r\u00e9frig\u00e9rateur SE46SXG pour combler vos besoins. Contactez HABCO d\u00e8s maintenant pour en savoir plus.","robots":{"index":"index","follow":"follow","max-snippet":"max-snippet:-1","max-image-preview":"max-image-preview:large","max-video-preview":"max-video-preview:-1"},"canonical":"https:\/\/habcomfg.com\/fr\/product\/se46hcsxg\/","og_locale":"fr_FR","og_type":"article","og_title":"SE46HCSXG - HABCO","og_description":"Vous avez une cuisine anim\u00e9e dans laquelle les produits doivent \u00eatre visibles pour maximiser leur efficacit\u00e9? Procurez-vous le r\u00e9frig\u00e9rateur SE46SXG pour combler vos besoins. Contactez HABCO d\u00e8s maintenant pour en savoir plus.","og_url":"https:\/\/habcomfg.com\/fr\/product\/se46hcsxg\/","og_site_name":"Habco Manufacturing","article_modified_time":"2023-11-24T20:31:51+00:00","og_image":[{"width":997,"height":1500,"url":"https:\/\/habcomfg.com\/wp-content\/uploads\/2022\/09\/SE46HC-SXG-corner.jpg","type":"image\/jpeg"}],"twitter_card":"summary_large_image","twitter_misc":{"Dur\u00e9e de lecture estim\u00e9e":"2 minutes"},"schema":{"@context":"https:\/\/schema.org","@graph":[{"@type":"WebPage","@id":"https:\/\/habcomfg.com\/fr\/product\/se46hcsxg\/","url":"https:\/\/habcomfg.com\/fr\/product\/se46hcsxg\/","name":"SE46HCSXG - HABCO","isPartOf":{"@id":"https:\/\/habcomfg.com\/fr\/#website"},"primaryImageOfPage":{"@id":"https:\/\/habcomfg.com\/fr\/product\/se46hcsxg\/#primaryimage"},"image":{"@id":"https:\/\/habcomfg.com\/fr\/product\/se46hcsxg\/#primaryimage"},"thumbnailUrl":"https:\/\/habcomfg.com\/wp-content\/uploads\/2022\/09\/SE46HC-SXG-corner.jpg","datePublished":"2022-09-16T22:49:46+00:00","dateModified":"2023-11-24T20:31:51+00:00","description":"Vous avez une cuisine anim\u00e9e dans laquelle les produits doivent \u00eatre visibles pour maximiser leur efficacit\u00e9? Procurez-vous le r\u00e9frig\u00e9rateur SE46SXG pour combler vos besoins. Contactez HABCO d\u00e8s maintenant pour en savoir plus.","breadcrumb":{"@id":"https:\/\/habcomfg.com\/fr\/product\/se46hcsxg\/#breadcrumb"},"inLanguage":"fr-FR","potentialAction":[{"@type":"ReadAction","target":["https:\/\/habcomfg.com\/fr\/product\/se46hcsxg\/"]}]},{"@type":"ImageObject","inLanguage":"fr-FR","@id":"https:\/\/habcomfg.com\/fr\/product\/se46hcsxg\/#primaryimage","url":"https:\/\/habcomfg.com\/wp-content\/uploads\/2022\/09\/SE46HC-SXG-corner.jpg","contentUrl":"https:\/\/habcomfg.com\/wp-content\/uploads\/2022\/09\/SE46HC-SXG-corner.jpg","width":997,"height":1500,"caption":"SE46HC SXG corner"},{"@type":"BreadcrumbList","@id":"https:\/\/habcomfg.com\/fr\/product\/se46hcsxg\/#breadcrumb","itemListElement":[{"@type":"ListItem","position":1,"name":"Home","item":"https:\/\/habcomfg.com\/fr\/"},{"@type":"ListItem","position":2,"name":"Shop","item":"https:\/\/habcomfg.com\/shop\/"},{"@type":"ListItem","position":3,"name":"SE46HCSXG"}]},{"@type":"WebSite","@id":"https:\/\/habcomfg.com\/fr\/#website","url":"https:\/\/habcomfg.com\/fr\/","name":"Habco Manufacturing","description":"Commercial Refrigerators &amp; Freezers","potentialAction":[{"@type":"SearchAction","target":{"@type":"EntryPoint","urlTemplate":"https:\/\/habcomfg.com\/fr\/?s={search_term_string}"},"query-input":{"@type":"PropertyValueSpecification","valueRequired":true,"valueName":"search_term_string"}}],"inLanguage":"fr-FR"}]}},"_links":{"self":[{"href":"https:\/\/habcomfg.com\/fr\/wp-json\/wp\/v2\/product\/22557","targetHints":{"allow":["GET"]}}],"collection":[{"href":"https:\/\/habcomfg.com\/fr\/wp-json\/wp\/v2\/product"}],"about":[{"href":"https:\/\/habcomfg.com\/fr\/wp-json\/wp\/v2\/types\/product"}],"replies":[{"embeddable":true,"href":"https:\/\/habcomfg.com\/fr\/wp-json\/wp\/v2\/comments?post=22557"}],"wp:featuredmedia":[{"embeddable":true,"href":"https:\/\/habcomfg.com\/fr\/wp-json\/wp\/v2\/media\/22070"}],"wp:attachment":[{"href":"https:\/\/habcomfg.com\/fr\/wp-json\/wp\/v2\/media?parent=22557"}],"wp:term":[{"taxonomy":"product_brand","embeddable":true,"href":"https:\/\/habcomfg.com\/fr\/wp-json\/wp\/v2\/product_brand?post=22557"},{"taxonomy":"product_cat","embeddable":true,"href":"https:\/\/habcomfg.com\/fr\/wp-json\/wp\/v2\/product_cat?post=22557"},{"taxonomy":"product_tag","embeddable":true,"href":"https:\/\/habcomfg.com\/fr\/wp-json\/wp\/v2\/product_tag?post=22557"}],"curies":[{"name":"wp","href":"https:\/\/api.w.org\/{rel}","templated":true}]}}