{"id":22553,"date":"2022-09-16T18:43:09","date_gmt":"2022-09-16T18:43:09","guid":{"rendered":"https:\/\/habco.bluehat.hosting\/product\/se46hcsx\/"},"modified":"2026-03-04T09:43:38","modified_gmt":"2026-03-04T14:43:38","slug":"se46hcsx","status":"publish","type":"product","link":"https:\/\/habcomfg.com\/fr\/product\/se46hcsx\/","title":{"rendered":"SE46HCSX"},"content":{"rendered":"<div class=\"fusion-fullwidth fullwidth-box fusion-builder-row-1 fusion-flex-container nonhundred-percent-fullwidth non-hundred-percent-height-scrolling\" style=\"--awb-border-radius-top-left:0px;--awb-border-radius-top-right:0px;--awb-border-radius-bottom-right:0px;--awb-border-radius-bottom-left:0px;--awb-padding-top:0px;--awb-padding-right:0px;--awb-padding-bottom:0px;--awb-padding-left:0px;--awb-margin-top:0px;--awb-margin-bottom:0px;--awb-flex-wrap:wrap;\" ><div class=\"fusion-builder-row fusion-row fusion-flex-align-items-flex-start fusion-flex-content-wrap\" style=\"max-width:1216.8px;margin-left: calc(-4% \/ 2 );margin-right: calc(-4% \/ 2 );\"><div class=\"fusion-layout-column fusion_builder_column fusion-builder-column-0 fusion_builder_column_1_1 1_1 fusion-flex-column\" style=\"--awb-bg-size:cover;--awb-width-large:100%;--awb-margin-top-large:0px;--awb-spacing-right-large:1.92%;--awb-margin-bottom-large:0px;--awb-spacing-left-large:1.92%;--awb-width-medium:100%;--awb-spacing-right-medium:1.92%;--awb-spacing-left-medium:1.92%;--awb-width-small:100%;--awb-spacing-right-small:1.92%;--awb-spacing-left-small:1.92%;\"><div class=\"fusion-column-wrapper fusion-flex-justify-content-flex-start fusion-content-layout-column\"><div class=\"fusion-text fusion-text-1\"><p>inclut les verrous de porte<br \/>\n** Ajouter 1 po (26 mm) pour le cordon d\u2019alimentation.<br \/>\n*** Ajouter 3\/8 po (10 mm) pour les v\u00e9rins de calage viss\u00e9s. Les valeurs en millim\u00e8tres sont arrondies \u00e0 l\u2019unit\u00e9 sup\u00e9rieure.<\/p>\n<\/div><div ><a class=\"fusion-button button-flat fusion-button-default-size button-default fusion-button-default button-1 fusion-button-default-span fusion-button-default-type display-none\" style=\"--button-border-radius-top-left:0px;--button-border-radius-top-right:0px;--button-border-radius-bottom-right:0px;--button-border-radius-bottom-left:0px;\" target=\"_blank\" rel=\"noopener noreferrer\" href=\"#\"><span class=\"fusion-button-text awb-button__text awb-button__text--default\">T\u00e9l\u00e9charger le mod\u00e8le de graphique<\/span><\/a><\/div><\/div><\/div><\/div><\/div>\n","protected":false},"excerpt":{"rendered":"<p>Le r\u00e9frig\u00e9rateur \u00e0 porte va-et-vient avec Xterior<sup>MC<\/sup>\u00a0en acier inoxydable professionnel s\u2019ins\u00e8re bien dans une section de quatre pieds. Id\u00e9al pour les cuisines commerciales ou d\u2019autres applications o\u00f9 une image professionnelle propre est essentielle. Ce mod\u00e8le \u00e0 respiration par l\u2019avant authentique peut \u00eatre encastr\u00e9 \u00e0 l\u2019arri\u00e8re, au-dessus, au-dessous et sur les deux c\u00f4t\u00e9s.<\/p>\n","protected":false},"featured_media":22059,"comment_status":"open","ping_status":"closed","template":"","meta":{"_acf_changed":false},"product_brand":[],"product_cat":[126,173,109,130,129],"product_tag":[],"class_list":{"0":"post-22553","1":"product","2":"type-product","3":"status-publish","4":"has-post-thumbnail","6":"product_cat-food-services-fr","7":"product_cat-foodservices-fr","8":"product_cat-reach-in-refrigerators","9":"product_cat-stainless-steel-xterior-solid-swing-door-fr","10":"product_cat-stainless-steel-xterior-solid-swing-door-4-fr","12":"first","13":"instock","14":"shipping-taxable","15":"product-type-simple"},"acf":[],"yoast_head":"<!-- This site is optimized with the Yoast SEO plugin v27.4 - https:\/\/yoast.com\/product\/yoast-seo-wordpress\/ -->\n<title>SE46HCSX - HABCO<\/title>\n<meta name=\"description\" content=\"D\u00e9couvrez le r\u00e9frig\u00e9rateur \u00e0 portes battantes de HABCO, id\u00e9al pour les cuisines commerciales avec un design \u00e9l\u00e9gant en acier inoxydable. Commandez aujourd&#039;hui.\" \/>\n<meta name=\"robots\" content=\"index, follow, max-snippet:-1, max-image-preview:large, max-video-preview:-1\" \/>\n<link rel=\"canonical\" href=\"https:\/\/habcomfg.com\/fr\/product\/se46hcsx\/\" \/>\n<meta property=\"og:locale\" content=\"fr_FR\" \/>\n<meta property=\"og:type\" content=\"article\" \/>\n<meta property=\"og:title\" content=\"SE46HCSX - HABCO\" \/>\n<meta property=\"og:description\" content=\"D\u00e9couvrez le r\u00e9frig\u00e9rateur \u00e0 portes battantes de HABCO, id\u00e9al pour les cuisines commerciales avec un design \u00e9l\u00e9gant en acier inoxydable. Commandez aujourd&#039;hui.\" \/>\n<meta property=\"og:url\" content=\"https:\/\/habcomfg.com\/fr\/product\/se46hcsx\/\" \/>\n<meta property=\"og:site_name\" content=\"Habco Manufacturing\" \/>\n<meta property=\"article:modified_time\" content=\"2026-03-04T14:43:38+00:00\" \/>\n<meta property=\"og:image\" content=\"https:\/\/habcomfg.com\/wp-content\/uploads\/2022\/09\/SE46HCSX-corner.jpg\" \/>\n\t<meta property=\"og:image:width\" content=\"997\" \/>\n\t<meta property=\"og:image:height\" content=\"1500\" \/>\n\t<meta property=\"og:image:type\" content=\"image\/jpeg\" \/>\n<meta name=\"twitter:card\" content=\"summary_large_image\" \/>\n<meta name=\"twitter:label1\" content=\"Dur\u00e9e de lecture estim\u00e9e\" \/>\n\t<meta name=\"twitter:data1\" content=\"1 minute\" \/>\n<script type=\"application\/ld+json\" class=\"yoast-schema-graph\">{\"@context\":\"https:\\\/\\\/schema.org\",\"@graph\":[{\"@type\":\"WebPage\",\"@id\":\"https:\\\/\\\/habcomfg.com\\\/fr\\\/product\\\/se46hcsx\\\/\",\"url\":\"https:\\\/\\\/habcomfg.com\\\/fr\\\/product\\\/se46hcsx\\\/\",\"name\":\"SE46HCSX - HABCO\",\"isPartOf\":{\"@id\":\"https:\\\/\\\/habcomfg.com\\\/fr\\\/#website\"},\"primaryImageOfPage\":{\"@id\":\"https:\\\/\\\/habcomfg.com\\\/fr\\\/product\\\/se46hcsx\\\/#primaryimage\"},\"image\":{\"@id\":\"https:\\\/\\\/habcomfg.com\\\/fr\\\/product\\\/se46hcsx\\\/#primaryimage\"},\"thumbnailUrl\":\"https:\\\/\\\/habcomfg.com\\\/wp-content\\\/uploads\\\/2022\\\/09\\\/SE46HCSX-corner.jpg\",\"datePublished\":\"2022-09-16T18:43:09+00:00\",\"dateModified\":\"2026-03-04T14:43:38+00:00\",\"description\":\"D\u00e9couvrez le r\u00e9frig\u00e9rateur \u00e0 portes battantes de HABCO, id\u00e9al pour les cuisines commerciales avec un design \u00e9l\u00e9gant en acier inoxydable. Commandez aujourd'hui.\",\"breadcrumb\":{\"@id\":\"https:\\\/\\\/habcomfg.com\\\/fr\\\/product\\\/se46hcsx\\\/#breadcrumb\"},\"inLanguage\":\"fr-FR\",\"potentialAction\":[{\"@type\":\"ReadAction\",\"target\":[\"https:\\\/\\\/habcomfg.com\\\/fr\\\/product\\\/se46hcsx\\\/\"]}]},{\"@type\":\"ImageObject\",\"inLanguage\":\"fr-FR\",\"@id\":\"https:\\\/\\\/habcomfg.com\\\/fr\\\/product\\\/se46hcsx\\\/#primaryimage\",\"url\":\"https:\\\/\\\/habcomfg.com\\\/wp-content\\\/uploads\\\/2022\\\/09\\\/SE46HCSX-corner.jpg\",\"contentUrl\":\"https:\\\/\\\/habcomfg.com\\\/wp-content\\\/uploads\\\/2022\\\/09\\\/SE46HCSX-corner.jpg\",\"width\":997,\"height\":1500,\"caption\":\"SE46HCSX corner\"},{\"@type\":\"BreadcrumbList\",\"@id\":\"https:\\\/\\\/habcomfg.com\\\/fr\\\/product\\\/se46hcsx\\\/#breadcrumb\",\"itemListElement\":[{\"@type\":\"ListItem\",\"position\":1,\"name\":\"Home\",\"item\":\"https:\\\/\\\/habcomfg.com\\\/fr\\\/\"},{\"@type\":\"ListItem\",\"position\":2,\"name\":\"Shop\",\"item\":\"https:\\\/\\\/habcomfg.com\\\/shop\\\/\"},{\"@type\":\"ListItem\",\"position\":3,\"name\":\"SE46HCSX\"}]},{\"@type\":\"WebSite\",\"@id\":\"https:\\\/\\\/habcomfg.com\\\/fr\\\/#website\",\"url\":\"https:\\\/\\\/habcomfg.com\\\/fr\\\/\",\"name\":\"Habco Manufacturing\",\"description\":\"Commercial Refrigerators &amp; Freezers\",\"potentialAction\":[{\"@type\":\"SearchAction\",\"target\":{\"@type\":\"EntryPoint\",\"urlTemplate\":\"https:\\\/\\\/habcomfg.com\\\/fr\\\/?s={search_term_string}\"},\"query-input\":{\"@type\":\"PropertyValueSpecification\",\"valueRequired\":true,\"valueName\":\"search_term_string\"}}],\"inLanguage\":\"fr-FR\"}]}<\/script>\n<!-- \/ Yoast SEO plugin. -->","yoast_head_json":{"title":"SE46HCSX - HABCO","description":"D\u00e9couvrez le r\u00e9frig\u00e9rateur \u00e0 portes battantes de HABCO, id\u00e9al pour les cuisines commerciales avec un design \u00e9l\u00e9gant en acier inoxydable. Commandez aujourd'hui.","robots":{"index":"index","follow":"follow","max-snippet":"max-snippet:-1","max-image-preview":"max-image-preview:large","max-video-preview":"max-video-preview:-1"},"canonical":"https:\/\/habcomfg.com\/fr\/product\/se46hcsx\/","og_locale":"fr_FR","og_type":"article","og_title":"SE46HCSX - HABCO","og_description":"D\u00e9couvrez le r\u00e9frig\u00e9rateur \u00e0 portes battantes de HABCO, id\u00e9al pour les cuisines commerciales avec un design \u00e9l\u00e9gant en acier inoxydable. Commandez aujourd'hui.","og_url":"https:\/\/habcomfg.com\/fr\/product\/se46hcsx\/","og_site_name":"Habco Manufacturing","article_modified_time":"2026-03-04T14:43:38+00:00","og_image":[{"width":997,"height":1500,"url":"https:\/\/habcomfg.com\/wp-content\/uploads\/2022\/09\/SE46HCSX-corner.jpg","type":"image\/jpeg"}],"twitter_card":"summary_large_image","twitter_misc":{"Dur\u00e9e de lecture estim\u00e9e":"1 minute"},"schema":{"@context":"https:\/\/schema.org","@graph":[{"@type":"WebPage","@id":"https:\/\/habcomfg.com\/fr\/product\/se46hcsx\/","url":"https:\/\/habcomfg.com\/fr\/product\/se46hcsx\/","name":"SE46HCSX - HABCO","isPartOf":{"@id":"https:\/\/habcomfg.com\/fr\/#website"},"primaryImageOfPage":{"@id":"https:\/\/habcomfg.com\/fr\/product\/se46hcsx\/#primaryimage"},"image":{"@id":"https:\/\/habcomfg.com\/fr\/product\/se46hcsx\/#primaryimage"},"thumbnailUrl":"https:\/\/habcomfg.com\/wp-content\/uploads\/2022\/09\/SE46HCSX-corner.jpg","datePublished":"2022-09-16T18:43:09+00:00","dateModified":"2026-03-04T14:43:38+00:00","description":"D\u00e9couvrez le r\u00e9frig\u00e9rateur \u00e0 portes battantes de HABCO, id\u00e9al pour les cuisines commerciales avec un design \u00e9l\u00e9gant en acier inoxydable. Commandez aujourd'hui.","breadcrumb":{"@id":"https:\/\/habcomfg.com\/fr\/product\/se46hcsx\/#breadcrumb"},"inLanguage":"fr-FR","potentialAction":[{"@type":"ReadAction","target":["https:\/\/habcomfg.com\/fr\/product\/se46hcsx\/"]}]},{"@type":"ImageObject","inLanguage":"fr-FR","@id":"https:\/\/habcomfg.com\/fr\/product\/se46hcsx\/#primaryimage","url":"https:\/\/habcomfg.com\/wp-content\/uploads\/2022\/09\/SE46HCSX-corner.jpg","contentUrl":"https:\/\/habcomfg.com\/wp-content\/uploads\/2022\/09\/SE46HCSX-corner.jpg","width":997,"height":1500,"caption":"SE46HCSX corner"},{"@type":"BreadcrumbList","@id":"https:\/\/habcomfg.com\/fr\/product\/se46hcsx\/#breadcrumb","itemListElement":[{"@type":"ListItem","position":1,"name":"Home","item":"https:\/\/habcomfg.com\/fr\/"},{"@type":"ListItem","position":2,"name":"Shop","item":"https:\/\/habcomfg.com\/shop\/"},{"@type":"ListItem","position":3,"name":"SE46HCSX"}]},{"@type":"WebSite","@id":"https:\/\/habcomfg.com\/fr\/#website","url":"https:\/\/habcomfg.com\/fr\/","name":"Habco Manufacturing","description":"Commercial Refrigerators &amp; Freezers","potentialAction":[{"@type":"SearchAction","target":{"@type":"EntryPoint","urlTemplate":"https:\/\/habcomfg.com\/fr\/?s={search_term_string}"},"query-input":{"@type":"PropertyValueSpecification","valueRequired":true,"valueName":"search_term_string"}}],"inLanguage":"fr-FR"}]}},"_links":{"self":[{"href":"https:\/\/habcomfg.com\/fr\/wp-json\/wp\/v2\/product\/22553","targetHints":{"allow":["GET"]}}],"collection":[{"href":"https:\/\/habcomfg.com\/fr\/wp-json\/wp\/v2\/product"}],"about":[{"href":"https:\/\/habcomfg.com\/fr\/wp-json\/wp\/v2\/types\/product"}],"replies":[{"embeddable":true,"href":"https:\/\/habcomfg.com\/fr\/wp-json\/wp\/v2\/comments?post=22553"}],"wp:featuredmedia":[{"embeddable":true,"href":"https:\/\/habcomfg.com\/fr\/wp-json\/wp\/v2\/media\/22059"}],"wp:attachment":[{"href":"https:\/\/habcomfg.com\/fr\/wp-json\/wp\/v2\/media?parent=22553"}],"wp:term":[{"taxonomy":"product_brand","embeddable":true,"href":"https:\/\/habcomfg.com\/fr\/wp-json\/wp\/v2\/product_brand?post=22553"},{"taxonomy":"product_cat","embeddable":true,"href":"https:\/\/habcomfg.com\/fr\/wp-json\/wp\/v2\/product_cat?post=22553"},{"taxonomy":"product_tag","embeddable":true,"href":"https:\/\/habcomfg.com\/fr\/wp-json\/wp\/v2\/product_tag?post=22553"}],"curies":[{"name":"wp","href":"https:\/\/api.w.org\/{rel}","templated":true}]}}