{"id":22518,"date":"2022-09-15T17:15:18","date_gmt":"2022-09-15T21:15:18","guid":{"rendered":"https:\/\/habco.bluehat.hosting\/product\/esm28hc-tdhl-black-xt-in\/"},"modified":"2026-03-04T11:03:41","modified_gmt":"2026-03-04T16:03:41","slug":"esm28hc-tdhl-black-xt-in","status":"publish","type":"product","link":"https:\/\/habcomfg.com\/fr\/product\/esm28hc-tdhl-black-xt-in\/","title":{"rendered":"ESM28HC TDHL BLACK XT\/IN"},"content":{"rendered":"<div class=\"fusion-fullwidth fullwidth-box fusion-builder-row-1 fusion-flex-container nonhundred-percent-fullwidth non-hundred-percent-height-scrolling\" style=\"--awb-border-radius-top-left:0px;--awb-border-radius-top-right:0px;--awb-border-radius-bottom-right:0px;--awb-border-radius-bottom-left:0px;--awb-padding-top:0px;--awb-padding-right:0px;--awb-padding-bottom:0px;--awb-padding-left:0px;--awb-margin-top:0px;--awb-margin-bottom:0px;--awb-flex-wrap:wrap;\" ><div class=\"fusion-builder-row fusion-row fusion-flex-align-items-flex-start fusion-flex-content-wrap\" style=\"max-width:1216.8px;margin-left: calc(-4% \/ 2 );margin-right: calc(-4% \/ 2 );\"><div class=\"fusion-layout-column fusion_builder_column fusion-builder-column-0 fusion_builder_column_1_1 1_1 fusion-flex-column\" style=\"--awb-bg-size:cover;--awb-width-large:100%;--awb-margin-top-large:0px;--awb-spacing-right-large:1.92%;--awb-margin-bottom-large:0px;--awb-spacing-left-large:1.92%;--awb-width-medium:100%;--awb-spacing-right-medium:1.92%;--awb-spacing-left-medium:1.92%;--awb-width-small:100%;--awb-spacing-right-small:1.92%;--awb-spacing-left-small:1.92%;\"><div class=\"fusion-column-wrapper fusion-flex-justify-content-flex-start fusion-content-layout-column\"><div class=\"fusion-text fusion-text-1\"><p>Livr\u00e9 sans graphiques. Graphiques personnalis\u00e9s en option.<br \/>\n** Ajoutez 1 1\/2\u2033 (39mm) pour la poign\u00e9e.<br \/>\n*** Ajoutez 3\/8\u2033 (10mm) pour les niveleurs filet\u00e9s. Les millim\u00e8tres sont arrondis \u00e0 la hausse.<\/p>\n<\/div><div ><a class=\"fusion-button button-flat fusion-button-default-size button-default fusion-button-default button-1 fusion-button-default-span fusion-button-default-type display-none\" style=\"--button-border-radius-top-left:0px;--button-border-radius-top-right:0px;--button-border-radius-bottom-right:0px;--button-border-radius-bottom-left:0px;\" target=\"_blank\" rel=\"noopener noreferrer\" href=\"#\"><span class=\"fusion-button-text awb-button__text awb-button__text--default\">T\u00e9l\u00e9charger le mod\u00e8le de graphique<\/span><\/a><\/div><\/div><\/div><\/div><\/div>\n","protected":false},"excerpt":{"rendered":"<p>Exp\u00e9rience de merchandising optimis\u00e9e avec la fonction de verrouillage de la minuterie sant\u00e9 pour emp\u00eacher l&rsquo;acc\u00e8s aux aliments avari\u00e9s<br \/>\nR\u00e9pertori\u00e9 par la NAMA<\/p>\n","protected":false},"featured_media":21997,"comment_status":"open","ping_status":"closed","template":"","meta":{"_acf_changed":false},"product_brand":[],"product_cat":[119,116,153,174,117,109],"product_tag":[],"class_list":{"0":"post-22518","1":"product","2":"type-product","3":"status-publish","4":"has-post-thumbnail","6":"product_cat-full-height-glass-single-swing-door-fr","7":"product_cat-full-height-glass-single-swing-door-3-fr","8":"product_cat-healthlock-fr","9":"product_cat-micro-market-new-fr","10":"product_cat-micromarket-fr","11":"product_cat-reach-in-refrigerators","13":"first","14":"instock","15":"shipping-taxable","16":"product-type-simple"},"acf":[],"yoast_head":"<!-- This site is optimized with the Yoast SEO plugin v27.3 - https:\/\/yoast.com\/product\/yoast-seo-wordpress\/ -->\n<title>ESM28HC TDHL BLACK XT\/IN - Habco Manufacturing<\/title>\n<meta name=\"description\" content=\"Mettez en avant vos produits avec un pr\u00e9sentoir r\u00e9frig\u00e9r\u00e9 noir au design moderne, con\u00e7u pour une conservation optimale. Commandez d\u00e8s aujourd\u2019hui!\" \/>\n<meta name=\"robots\" content=\"index, follow, max-snippet:-1, max-image-preview:large, max-video-preview:-1\" \/>\n<link rel=\"canonical\" href=\"https:\/\/habcomfg.com\/fr\/product\/esm28hc-tdhl-black-xt-in\/\" \/>\n<meta property=\"og:locale\" content=\"fr_FR\" \/>\n<meta property=\"og:type\" content=\"article\" \/>\n<meta property=\"og:title\" content=\"ESM28HC TDHL BLACK XT\/IN - Habco Manufacturing\" \/>\n<meta property=\"og:description\" content=\"Mettez en avant vos produits avec un pr\u00e9sentoir r\u00e9frig\u00e9r\u00e9 noir au design moderne, con\u00e7u pour une conservation optimale. Commandez d\u00e8s aujourd\u2019hui!\" \/>\n<meta property=\"og:url\" content=\"https:\/\/habcomfg.com\/fr\/product\/esm28hc-tdhl-black-xt-in\/\" \/>\n<meta property=\"og:site_name\" content=\"Habco Manufacturing\" \/>\n<meta property=\"article:modified_time\" content=\"2026-03-04T16:03:41+00:00\" \/>\n<meta property=\"og:image\" content=\"https:\/\/habcomfg.com\/wp-content\/uploads\/2022\/09\/ESM28HCTD-HL-BLACK-XT-IN-corner.jpg\" \/>\n\t<meta property=\"og:image:width\" content=\"998\" \/>\n\t<meta property=\"og:image:height\" content=\"1500\" \/>\n\t<meta property=\"og:image:type\" content=\"image\/jpeg\" \/>\n<meta name=\"twitter:card\" content=\"summary_large_image\" \/>\n<meta name=\"twitter:label1\" content=\"Dur\u00e9e de lecture estim\u00e9e\" \/>\n\t<meta name=\"twitter:data1\" content=\"1 minute\" \/>\n<script type=\"application\/ld+json\" class=\"yoast-schema-graph\">{\"@context\":\"https:\\\/\\\/schema.org\",\"@graph\":[{\"@type\":\"WebPage\",\"@id\":\"https:\\\/\\\/habcomfg.com\\\/fr\\\/product\\\/esm28hc-tdhl-black-xt-in\\\/\",\"url\":\"https:\\\/\\\/habcomfg.com\\\/fr\\\/product\\\/esm28hc-tdhl-black-xt-in\\\/\",\"name\":\"ESM28HC TDHL BLACK XT\\\/IN - Habco Manufacturing\",\"isPartOf\":{\"@id\":\"https:\\\/\\\/habcomfg.com\\\/fr\\\/#website\"},\"primaryImageOfPage\":{\"@id\":\"https:\\\/\\\/habcomfg.com\\\/fr\\\/product\\\/esm28hc-tdhl-black-xt-in\\\/#primaryimage\"},\"image\":{\"@id\":\"https:\\\/\\\/habcomfg.com\\\/fr\\\/product\\\/esm28hc-tdhl-black-xt-in\\\/#primaryimage\"},\"thumbnailUrl\":\"https:\\\/\\\/habcomfg.com\\\/wp-content\\\/uploads\\\/2022\\\/09\\\/ESM28HCTD-HL-BLACK-XT-IN-corner.jpg\",\"datePublished\":\"2022-09-15T21:15:18+00:00\",\"dateModified\":\"2026-03-04T16:03:41+00:00\",\"description\":\"Mettez en avant vos produits avec un pr\u00e9sentoir r\u00e9frig\u00e9r\u00e9 noir au design moderne, con\u00e7u pour une conservation optimale. Commandez d\u00e8s aujourd\u2019hui!\",\"breadcrumb\":{\"@id\":\"https:\\\/\\\/habcomfg.com\\\/fr\\\/product\\\/esm28hc-tdhl-black-xt-in\\\/#breadcrumb\"},\"inLanguage\":\"fr-FR\",\"potentialAction\":[{\"@type\":\"ReadAction\",\"target\":[\"https:\\\/\\\/habcomfg.com\\\/fr\\\/product\\\/esm28hc-tdhl-black-xt-in\\\/\"]}]},{\"@type\":\"ImageObject\",\"inLanguage\":\"fr-FR\",\"@id\":\"https:\\\/\\\/habcomfg.com\\\/fr\\\/product\\\/esm28hc-tdhl-black-xt-in\\\/#primaryimage\",\"url\":\"https:\\\/\\\/habcomfg.com\\\/wp-content\\\/uploads\\\/2022\\\/09\\\/ESM28HCTD-HL-BLACK-XT-IN-corner.jpg\",\"contentUrl\":\"https:\\\/\\\/habcomfg.com\\\/wp-content\\\/uploads\\\/2022\\\/09\\\/ESM28HCTD-HL-BLACK-XT-IN-corner.jpg\",\"width\":998,\"height\":1500,\"caption\":\"ESM28HCTD HL BLACK XT IN corner\"},{\"@type\":\"BreadcrumbList\",\"@id\":\"https:\\\/\\\/habcomfg.com\\\/fr\\\/product\\\/esm28hc-tdhl-black-xt-in\\\/#breadcrumb\",\"itemListElement\":[{\"@type\":\"ListItem\",\"position\":1,\"name\":\"Home\",\"item\":\"https:\\\/\\\/habcomfg.com\\\/fr\\\/\"},{\"@type\":\"ListItem\",\"position\":2,\"name\":\"Shop\",\"item\":\"https:\\\/\\\/habcomfg.com\\\/shop\\\/\"},{\"@type\":\"ListItem\",\"position\":3,\"name\":\"ESM28HC TDHL BLACK XT\\\/IN\"}]},{\"@type\":\"WebSite\",\"@id\":\"https:\\\/\\\/habcomfg.com\\\/fr\\\/#website\",\"url\":\"https:\\\/\\\/habcomfg.com\\\/fr\\\/\",\"name\":\"Habco Manufacturing\",\"description\":\"Commercial Refrigerators &amp; Freezers\",\"potentialAction\":[{\"@type\":\"SearchAction\",\"target\":{\"@type\":\"EntryPoint\",\"urlTemplate\":\"https:\\\/\\\/habcomfg.com\\\/fr\\\/?s={search_term_string}\"},\"query-input\":{\"@type\":\"PropertyValueSpecification\",\"valueRequired\":true,\"valueName\":\"search_term_string\"}}],\"inLanguage\":\"fr-FR\"}]}<\/script>\n<!-- \/ Yoast SEO plugin. -->","yoast_head_json":{"title":"ESM28HC TDHL BLACK XT\/IN - Habco Manufacturing","description":"Mettez en avant vos produits avec un pr\u00e9sentoir r\u00e9frig\u00e9r\u00e9 noir au design moderne, con\u00e7u pour une conservation optimale. Commandez d\u00e8s aujourd\u2019hui!","robots":{"index":"index","follow":"follow","max-snippet":"max-snippet:-1","max-image-preview":"max-image-preview:large","max-video-preview":"max-video-preview:-1"},"canonical":"https:\/\/habcomfg.com\/fr\/product\/esm28hc-tdhl-black-xt-in\/","og_locale":"fr_FR","og_type":"article","og_title":"ESM28HC TDHL BLACK XT\/IN - Habco Manufacturing","og_description":"Mettez en avant vos produits avec un pr\u00e9sentoir r\u00e9frig\u00e9r\u00e9 noir au design moderne, con\u00e7u pour une conservation optimale. Commandez d\u00e8s aujourd\u2019hui!","og_url":"https:\/\/habcomfg.com\/fr\/product\/esm28hc-tdhl-black-xt-in\/","og_site_name":"Habco Manufacturing","article_modified_time":"2026-03-04T16:03:41+00:00","og_image":[{"width":998,"height":1500,"url":"https:\/\/habcomfg.com\/wp-content\/uploads\/2022\/09\/ESM28HCTD-HL-BLACK-XT-IN-corner.jpg","type":"image\/jpeg"}],"twitter_card":"summary_large_image","twitter_misc":{"Dur\u00e9e de lecture estim\u00e9e":"1 minute"},"schema":{"@context":"https:\/\/schema.org","@graph":[{"@type":"WebPage","@id":"https:\/\/habcomfg.com\/fr\/product\/esm28hc-tdhl-black-xt-in\/","url":"https:\/\/habcomfg.com\/fr\/product\/esm28hc-tdhl-black-xt-in\/","name":"ESM28HC TDHL BLACK XT\/IN - Habco Manufacturing","isPartOf":{"@id":"https:\/\/habcomfg.com\/fr\/#website"},"primaryImageOfPage":{"@id":"https:\/\/habcomfg.com\/fr\/product\/esm28hc-tdhl-black-xt-in\/#primaryimage"},"image":{"@id":"https:\/\/habcomfg.com\/fr\/product\/esm28hc-tdhl-black-xt-in\/#primaryimage"},"thumbnailUrl":"https:\/\/habcomfg.com\/wp-content\/uploads\/2022\/09\/ESM28HCTD-HL-BLACK-XT-IN-corner.jpg","datePublished":"2022-09-15T21:15:18+00:00","dateModified":"2026-03-04T16:03:41+00:00","description":"Mettez en avant vos produits avec un pr\u00e9sentoir r\u00e9frig\u00e9r\u00e9 noir au design moderne, con\u00e7u pour une conservation optimale. Commandez d\u00e8s aujourd\u2019hui!","breadcrumb":{"@id":"https:\/\/habcomfg.com\/fr\/product\/esm28hc-tdhl-black-xt-in\/#breadcrumb"},"inLanguage":"fr-FR","potentialAction":[{"@type":"ReadAction","target":["https:\/\/habcomfg.com\/fr\/product\/esm28hc-tdhl-black-xt-in\/"]}]},{"@type":"ImageObject","inLanguage":"fr-FR","@id":"https:\/\/habcomfg.com\/fr\/product\/esm28hc-tdhl-black-xt-in\/#primaryimage","url":"https:\/\/habcomfg.com\/wp-content\/uploads\/2022\/09\/ESM28HCTD-HL-BLACK-XT-IN-corner.jpg","contentUrl":"https:\/\/habcomfg.com\/wp-content\/uploads\/2022\/09\/ESM28HCTD-HL-BLACK-XT-IN-corner.jpg","width":998,"height":1500,"caption":"ESM28HCTD HL BLACK XT IN corner"},{"@type":"BreadcrumbList","@id":"https:\/\/habcomfg.com\/fr\/product\/esm28hc-tdhl-black-xt-in\/#breadcrumb","itemListElement":[{"@type":"ListItem","position":1,"name":"Home","item":"https:\/\/habcomfg.com\/fr\/"},{"@type":"ListItem","position":2,"name":"Shop","item":"https:\/\/habcomfg.com\/shop\/"},{"@type":"ListItem","position":3,"name":"ESM28HC TDHL BLACK XT\/IN"}]},{"@type":"WebSite","@id":"https:\/\/habcomfg.com\/fr\/#website","url":"https:\/\/habcomfg.com\/fr\/","name":"Habco Manufacturing","description":"Commercial Refrigerators &amp; Freezers","potentialAction":[{"@type":"SearchAction","target":{"@type":"EntryPoint","urlTemplate":"https:\/\/habcomfg.com\/fr\/?s={search_term_string}"},"query-input":{"@type":"PropertyValueSpecification","valueRequired":true,"valueName":"search_term_string"}}],"inLanguage":"fr-FR"}]}},"_links":{"self":[{"href":"https:\/\/habcomfg.com\/fr\/wp-json\/wp\/v2\/product\/22518","targetHints":{"allow":["GET"]}}],"collection":[{"href":"https:\/\/habcomfg.com\/fr\/wp-json\/wp\/v2\/product"}],"about":[{"href":"https:\/\/habcomfg.com\/fr\/wp-json\/wp\/v2\/types\/product"}],"replies":[{"embeddable":true,"href":"https:\/\/habcomfg.com\/fr\/wp-json\/wp\/v2\/comments?post=22518"}],"wp:featuredmedia":[{"embeddable":true,"href":"https:\/\/habcomfg.com\/fr\/wp-json\/wp\/v2\/media\/21997"}],"wp:attachment":[{"href":"https:\/\/habcomfg.com\/fr\/wp-json\/wp\/v2\/media?parent=22518"}],"wp:term":[{"taxonomy":"product_brand","embeddable":true,"href":"https:\/\/habcomfg.com\/fr\/wp-json\/wp\/v2\/product_brand?post=22518"},{"taxonomy":"product_cat","embeddable":true,"href":"https:\/\/habcomfg.com\/fr\/wp-json\/wp\/v2\/product_cat?post=22518"},{"taxonomy":"product_tag","embeddable":true,"href":"https:\/\/habcomfg.com\/fr\/wp-json\/wp\/v2\/product_tag?post=22518"}],"curies":[{"name":"wp","href":"https:\/\/api.w.org\/{rel}","templated":true}]}}