{"id":22493,"date":"2022-09-14T19:17:26","date_gmt":"2022-09-14T19:17:26","guid":{"rendered":"https:\/\/habco.bluehat.hosting\/product\/esm14sl60hc\/"},"modified":"2023-03-27T19:09:55","modified_gmt":"2023-03-27T19:09:55","slug":"esm14sl60hc","status":"publish","type":"product","link":"https:\/\/habcomfg.com\/fr\/product\/esm14sl60hc\/","title":{"rendered":"ESM14SL60HC"},"content":{"rendered":"<div class=\"fusion-fullwidth fullwidth-box fusion-builder-row-1 fusion-flex-container nonhundred-percent-fullwidth non-hundred-percent-height-scrolling\" style=\"--awb-border-radius-top-left:0px;--awb-border-radius-top-right:0px;--awb-border-radius-bottom-right:0px;--awb-border-radius-bottom-left:0px;--awb-padding-top:0px;--awb-padding-right:0px;--awb-padding-bottom:0px;--awb-padding-left:0px;--awb-margin-top:0px;--awb-margin-bottom:0px;--awb-flex-wrap:wrap;\" ><div class=\"fusion-builder-row fusion-row fusion-flex-align-items-flex-start fusion-flex-content-wrap\" style=\"max-width:1216.8px;margin-left: calc(-4% \/ 2 );margin-right: calc(-4% \/ 2 );\"><div class=\"fusion-layout-column fusion_builder_column fusion-builder-column-0 fusion_builder_column_1_1 1_1 fusion-flex-column\" style=\"--awb-bg-size:cover;--awb-width-large:100%;--awb-margin-top-large:0px;--awb-spacing-right-large:1.92%;--awb-margin-bottom-large:0px;--awb-spacing-left-large:1.92%;--awb-width-medium:100%;--awb-spacing-right-medium:1.92%;--awb-spacing-left-medium:1.92%;--awb-width-small:100%;--awb-spacing-right-small:1.92%;--awb-spacing-left-small:1.92%;\"><div class=\"fusion-column-wrapper fusion-flex-justify-content-flex-start fusion-content-layout-column\"><div class=\"fusion-text fusion-text-1\"><p>panneau publicitaire non inclus<br \/>\n** Ajouter 7\/8 po (23 mm) pour la poign\u00e9e de porte et 1 po (26 mm) pour le cordon d\u2019alimentation \u2013 O\/A 1-7\/8 po (48 mm).<br \/>\n*** Ajouter 3\/8 po (10 mm) pour les v\u00e9rins de calage viss\u00e9s. Les valeurs en millim\u00e8tres sont arrondies \u00e0 l\u2019unit\u00e9 sup\u00e9rieure.<\/p>\n<\/div><div ><a class=\"fusion-button button-flat fusion-button-default-size button-default fusion-button-default button-1 fusion-button-default-span fusion-button-default-type display-none\" style=\"--button-border-radius-top-left:0px;--button-border-radius-top-right:0px;--button-border-radius-bottom-right:0px;--button-border-radius-bottom-left:0px;\" target=\"_blank\" rel=\"noopener noreferrer\" href=\"https:\/\/habcomfg.com\/wp-content\/uploads\/2022\/09\/ESM14SL54-ESM14SL60-Media-Specs-10116179.pdf\"><span class=\"fusion-button-text awb-button__text awb-button__text--default\">Download Graphics Template<\/span><\/a><\/div><\/div><\/div><\/div><\/div>\n","protected":false},"excerpt":{"rendered":"<p>Marchandiseur implusif \u00e0 porte coulissante double Cold Space Merchandiser\u00ae pour les applications qui n\u00e9cessitent une visibilit\u00e9 raisonnable par le dessus, avec une capacit\u00e9 suppl\u00e9mentaire. Permet une pr\u00e9sentation des marchandises illumin\u00e9e par des DEL \u00e9tincelantes. Id\u00e9al pour l\u2019all\u00e9e des caisses, les extr\u00e9mit\u00e9s d\u2019all\u00e9e, les kiosques des aires de restauration et les stations de service des restaurants. Ce mod\u00e8le peut \u00eatre encastr\u00e9 \u00e0 l\u2019arri\u00e8re, au-dessus, au-dessous et sur les deux c\u00f4t\u00e9s.<\/p>\n","protected":false},"featured_media":21942,"comment_status":"open","ping_status":"closed","template":"","meta":{"_acf_changed":false},"product_brand":[],"product_cat":[110,111,109,106],"product_tag":[],"class_list":{"0":"post-22493","1":"product","2":"type-product","3":"status-publish","4":"has-post-thumbnail","6":"product_cat-impulse-double-sliding-door-2-fr","7":"product_cat-impulse-double-sliding-door-fr","8":"product_cat-reach-in-refrigerators","9":"product_cat-retail","11":"first","12":"instock","13":"shipping-taxable","14":"product-type-simple"},"acf":[],"yoast_head":"<!-- This site is optimized with the Yoast SEO plugin v27.4 - https:\/\/yoast.com\/product\/yoast-seo-wordpress\/ -->\n<title>ESM14SL60HC - HABCO<\/title>\n<meta name=\"description\" content=\"Le marchandiseur implusif \u00e0 porte coulissante double Cold Space ESM14SL60 permet une visibilit\u00e9 par le dessus sans encombrement. Contactez HABCO d\u00e8s maintenant pour le commander ou en savoir plus!\" \/>\n<meta name=\"robots\" content=\"index, follow, max-snippet:-1, max-image-preview:large, max-video-preview:-1\" \/>\n<link rel=\"canonical\" href=\"https:\/\/habcomfg.com\/fr\/product\/esm14sl60hc\/\" \/>\n<meta property=\"og:locale\" content=\"fr_FR\" \/>\n<meta property=\"og:type\" content=\"article\" \/>\n<meta property=\"og:title\" content=\"ESM14SL60HC - HABCO\" \/>\n<meta property=\"og:description\" content=\"Le marchandiseur implusif \u00e0 porte coulissante double Cold Space ESM14SL60 permet une visibilit\u00e9 par le dessus sans encombrement. Contactez HABCO d\u00e8s maintenant pour le commander ou en savoir plus!\" \/>\n<meta property=\"og:url\" content=\"https:\/\/habcomfg.com\/fr\/product\/esm14sl60hc\/\" \/>\n<meta property=\"og:site_name\" content=\"Habco Manufacturing\" \/>\n<meta property=\"article:modified_time\" content=\"2023-03-27T19:09:55+00:00\" \/>\n<meta property=\"og:image\" content=\"https:\/\/habcomfg.com\/wp-content\/uploads\/2022\/09\/ESM14SL60HC-corner.jpg\" \/>\n\t<meta property=\"og:image:width\" content=\"998\" \/>\n\t<meta property=\"og:image:height\" content=\"1500\" \/>\n\t<meta property=\"og:image:type\" content=\"image\/jpeg\" \/>\n<meta name=\"twitter:card\" content=\"summary_large_image\" \/>\n<meta name=\"twitter:label1\" content=\"Dur\u00e9e de lecture estim\u00e9e\" \/>\n\t<meta name=\"twitter:data1\" content=\"2 minutes\" \/>\n<script type=\"application\/ld+json\" class=\"yoast-schema-graph\">{\"@context\":\"https:\\\/\\\/schema.org\",\"@graph\":[{\"@type\":\"WebPage\",\"@id\":\"https:\\\/\\\/habcomfg.com\\\/fr\\\/product\\\/esm14sl60hc\\\/\",\"url\":\"https:\\\/\\\/habcomfg.com\\\/fr\\\/product\\\/esm14sl60hc\\\/\",\"name\":\"ESM14SL60HC - HABCO\",\"isPartOf\":{\"@id\":\"https:\\\/\\\/habcomfg.com\\\/fr\\\/#website\"},\"primaryImageOfPage\":{\"@id\":\"https:\\\/\\\/habcomfg.com\\\/fr\\\/product\\\/esm14sl60hc\\\/#primaryimage\"},\"image\":{\"@id\":\"https:\\\/\\\/habcomfg.com\\\/fr\\\/product\\\/esm14sl60hc\\\/#primaryimage\"},\"thumbnailUrl\":\"https:\\\/\\\/habcomfg.com\\\/wp-content\\\/uploads\\\/2022\\\/09\\\/ESM14SL60HC-corner.jpg\",\"datePublished\":\"2022-09-14T19:17:26+00:00\",\"dateModified\":\"2023-03-27T19:09:55+00:00\",\"description\":\"Le marchandiseur implusif \u00e0 porte coulissante double Cold Space ESM14SL60 permet une visibilit\u00e9 par le dessus sans encombrement. Contactez HABCO d\u00e8s maintenant pour le commander ou en savoir plus!\",\"breadcrumb\":{\"@id\":\"https:\\\/\\\/habcomfg.com\\\/fr\\\/product\\\/esm14sl60hc\\\/#breadcrumb\"},\"inLanguage\":\"fr-FR\",\"potentialAction\":[{\"@type\":\"ReadAction\",\"target\":[\"https:\\\/\\\/habcomfg.com\\\/fr\\\/product\\\/esm14sl60hc\\\/\"]}]},{\"@type\":\"ImageObject\",\"inLanguage\":\"fr-FR\",\"@id\":\"https:\\\/\\\/habcomfg.com\\\/fr\\\/product\\\/esm14sl60hc\\\/#primaryimage\",\"url\":\"https:\\\/\\\/habcomfg.com\\\/wp-content\\\/uploads\\\/2022\\\/09\\\/ESM14SL60HC-corner.jpg\",\"contentUrl\":\"https:\\\/\\\/habcomfg.com\\\/wp-content\\\/uploads\\\/2022\\\/09\\\/ESM14SL60HC-corner.jpg\",\"width\":998,\"height\":1500,\"caption\":\"ESM14SL60HC corner\"},{\"@type\":\"BreadcrumbList\",\"@id\":\"https:\\\/\\\/habcomfg.com\\\/fr\\\/product\\\/esm14sl60hc\\\/#breadcrumb\",\"itemListElement\":[{\"@type\":\"ListItem\",\"position\":1,\"name\":\"Home\",\"item\":\"https:\\\/\\\/habcomfg.com\\\/fr\\\/\"},{\"@type\":\"ListItem\",\"position\":2,\"name\":\"Shop\",\"item\":\"https:\\\/\\\/habcomfg.com\\\/shop\\\/\"},{\"@type\":\"ListItem\",\"position\":3,\"name\":\"ESM14SL60HC\"}]},{\"@type\":\"WebSite\",\"@id\":\"https:\\\/\\\/habcomfg.com\\\/fr\\\/#website\",\"url\":\"https:\\\/\\\/habcomfg.com\\\/fr\\\/\",\"name\":\"Habco Manufacturing\",\"description\":\"Commercial Refrigerators &amp; Freezers\",\"potentialAction\":[{\"@type\":\"SearchAction\",\"target\":{\"@type\":\"EntryPoint\",\"urlTemplate\":\"https:\\\/\\\/habcomfg.com\\\/fr\\\/?s={search_term_string}\"},\"query-input\":{\"@type\":\"PropertyValueSpecification\",\"valueRequired\":true,\"valueName\":\"search_term_string\"}}],\"inLanguage\":\"fr-FR\"}]}<\/script>\n<!-- \/ Yoast SEO plugin. -->","yoast_head_json":{"title":"ESM14SL60HC - HABCO","description":"Le marchandiseur implusif \u00e0 porte coulissante double Cold Space ESM14SL60 permet une visibilit\u00e9 par le dessus sans encombrement. Contactez HABCO d\u00e8s maintenant pour le commander ou en savoir plus!","robots":{"index":"index","follow":"follow","max-snippet":"max-snippet:-1","max-image-preview":"max-image-preview:large","max-video-preview":"max-video-preview:-1"},"canonical":"https:\/\/habcomfg.com\/fr\/product\/esm14sl60hc\/","og_locale":"fr_FR","og_type":"article","og_title":"ESM14SL60HC - HABCO","og_description":"Le marchandiseur implusif \u00e0 porte coulissante double Cold Space ESM14SL60 permet une visibilit\u00e9 par le dessus sans encombrement. Contactez HABCO d\u00e8s maintenant pour le commander ou en savoir plus!","og_url":"https:\/\/habcomfg.com\/fr\/product\/esm14sl60hc\/","og_site_name":"Habco Manufacturing","article_modified_time":"2023-03-27T19:09:55+00:00","og_image":[{"width":998,"height":1500,"url":"https:\/\/habcomfg.com\/wp-content\/uploads\/2022\/09\/ESM14SL60HC-corner.jpg","type":"image\/jpeg"}],"twitter_card":"summary_large_image","twitter_misc":{"Dur\u00e9e de lecture estim\u00e9e":"2 minutes"},"schema":{"@context":"https:\/\/schema.org","@graph":[{"@type":"WebPage","@id":"https:\/\/habcomfg.com\/fr\/product\/esm14sl60hc\/","url":"https:\/\/habcomfg.com\/fr\/product\/esm14sl60hc\/","name":"ESM14SL60HC - HABCO","isPartOf":{"@id":"https:\/\/habcomfg.com\/fr\/#website"},"primaryImageOfPage":{"@id":"https:\/\/habcomfg.com\/fr\/product\/esm14sl60hc\/#primaryimage"},"image":{"@id":"https:\/\/habcomfg.com\/fr\/product\/esm14sl60hc\/#primaryimage"},"thumbnailUrl":"https:\/\/habcomfg.com\/wp-content\/uploads\/2022\/09\/ESM14SL60HC-corner.jpg","datePublished":"2022-09-14T19:17:26+00:00","dateModified":"2023-03-27T19:09:55+00:00","description":"Le marchandiseur implusif \u00e0 porte coulissante double Cold Space ESM14SL60 permet une visibilit\u00e9 par le dessus sans encombrement. Contactez HABCO d\u00e8s maintenant pour le commander ou en savoir plus!","breadcrumb":{"@id":"https:\/\/habcomfg.com\/fr\/product\/esm14sl60hc\/#breadcrumb"},"inLanguage":"fr-FR","potentialAction":[{"@type":"ReadAction","target":["https:\/\/habcomfg.com\/fr\/product\/esm14sl60hc\/"]}]},{"@type":"ImageObject","inLanguage":"fr-FR","@id":"https:\/\/habcomfg.com\/fr\/product\/esm14sl60hc\/#primaryimage","url":"https:\/\/habcomfg.com\/wp-content\/uploads\/2022\/09\/ESM14SL60HC-corner.jpg","contentUrl":"https:\/\/habcomfg.com\/wp-content\/uploads\/2022\/09\/ESM14SL60HC-corner.jpg","width":998,"height":1500,"caption":"ESM14SL60HC corner"},{"@type":"BreadcrumbList","@id":"https:\/\/habcomfg.com\/fr\/product\/esm14sl60hc\/#breadcrumb","itemListElement":[{"@type":"ListItem","position":1,"name":"Home","item":"https:\/\/habcomfg.com\/fr\/"},{"@type":"ListItem","position":2,"name":"Shop","item":"https:\/\/habcomfg.com\/shop\/"},{"@type":"ListItem","position":3,"name":"ESM14SL60HC"}]},{"@type":"WebSite","@id":"https:\/\/habcomfg.com\/fr\/#website","url":"https:\/\/habcomfg.com\/fr\/","name":"Habco Manufacturing","description":"Commercial Refrigerators &amp; Freezers","potentialAction":[{"@type":"SearchAction","target":{"@type":"EntryPoint","urlTemplate":"https:\/\/habcomfg.com\/fr\/?s={search_term_string}"},"query-input":{"@type":"PropertyValueSpecification","valueRequired":true,"valueName":"search_term_string"}}],"inLanguage":"fr-FR"}]}},"_links":{"self":[{"href":"https:\/\/habcomfg.com\/fr\/wp-json\/wp\/v2\/product\/22493","targetHints":{"allow":["GET"]}}],"collection":[{"href":"https:\/\/habcomfg.com\/fr\/wp-json\/wp\/v2\/product"}],"about":[{"href":"https:\/\/habcomfg.com\/fr\/wp-json\/wp\/v2\/types\/product"}],"replies":[{"embeddable":true,"href":"https:\/\/habcomfg.com\/fr\/wp-json\/wp\/v2\/comments?post=22493"}],"wp:featuredmedia":[{"embeddable":true,"href":"https:\/\/habcomfg.com\/fr\/wp-json\/wp\/v2\/media\/21942"}],"wp:attachment":[{"href":"https:\/\/habcomfg.com\/fr\/wp-json\/wp\/v2\/media?parent=22493"}],"wp:term":[{"taxonomy":"product_brand","embeddable":true,"href":"https:\/\/habcomfg.com\/fr\/wp-json\/wp\/v2\/product_brand?post=22493"},{"taxonomy":"product_cat","embeddable":true,"href":"https:\/\/habcomfg.com\/fr\/wp-json\/wp\/v2\/product_cat?post=22493"},{"taxonomy":"product_tag","embeddable":true,"href":"https:\/\/habcomfg.com\/fr\/wp-json\/wp\/v2\/product_tag?post=22493"}],"curies":[{"name":"wp","href":"https:\/\/api.w.org\/{rel}","templated":true}]}}