{"id":22489,"date":"2022-09-14T18:43:05","date_gmt":"2022-09-14T18:43:05","guid":{"rendered":"https:\/\/habco.bluehat.hosting\/product\/esm14sl54hc\/"},"modified":"2023-03-27T19:11:46","modified_gmt":"2023-03-27T19:11:46","slug":"esm14sl54hc","status":"publish","type":"product","link":"https:\/\/habcomfg.com\/fr\/product\/esm14sl54hc\/","title":{"rendered":"ESM14SL54HC"},"content":{"rendered":"<div class=\"fusion-fullwidth fullwidth-box fusion-builder-row-1 fusion-flex-container nonhundred-percent-fullwidth non-hundred-percent-height-scrolling\" style=\"--awb-border-radius-top-left:0px;--awb-border-radius-top-right:0px;--awb-border-radius-bottom-right:0px;--awb-border-radius-bottom-left:0px;--awb-padding-top:0px;--awb-padding-right:0px;--awb-padding-bottom:0px;--awb-padding-left:0px;--awb-margin-top:0px;--awb-margin-bottom:0px;--awb-flex-wrap:wrap;\" ><div class=\"fusion-builder-row fusion-row fusion-flex-align-items-flex-start fusion-flex-content-wrap\" style=\"max-width:1216.8px;margin-left: calc(-4% \/ 2 );margin-right: calc(-4% \/ 2 );\"><div class=\"fusion-layout-column fusion_builder_column fusion-builder-column-0 fusion_builder_column_1_1 1_1 fusion-flex-column\" style=\"--awb-bg-size:cover;--awb-width-large:100%;--awb-margin-top-large:0px;--awb-spacing-right-large:1.92%;--awb-margin-bottom-large:0px;--awb-spacing-left-large:1.92%;--awb-width-medium:100%;--awb-spacing-right-medium:1.92%;--awb-spacing-left-medium:1.92%;--awb-width-small:100%;--awb-spacing-right-small:1.92%;--awb-spacing-left-small:1.92%;\"><div class=\"fusion-column-wrapper fusion-flex-justify-content-flex-start fusion-content-layout-column\"><div class=\"fusion-text fusion-text-1\"><p>panneau publicitaire non inclus<br \/>\n** Ajouter 7\/8 po (23 mm) pour la poign\u00e9e de porte et 1 po (26 mm) pour le cordon d\u2019alimentation \u2013 O\/A 1-7\/8 po (48 mm).<br \/>\n*** Ajouter 3\/8 po (10 mm) pour les v\u00e9rins de calage viss\u00e9s. Les valeurs en millim\u00e8tres sont arrondies \u00e0 l\u2019unit\u00e9 sup\u00e9rieure.<\/p>\n<\/div><div ><a class=\"fusion-button button-flat fusion-button-default-size button-default fusion-button-default button-1 fusion-button-default-span fusion-button-default-type display-none\" style=\"--button-border-radius-top-left:0px;--button-border-radius-top-right:0px;--button-border-radius-bottom-right:0px;--button-border-radius-bottom-left:0px;\" target=\"_blank\" rel=\"noopener noreferrer\" href=\"\/wp-content\/uploads\/2022\/09\/ESM14SL54-ESM14SL60-Media-Specs-10116179.pdf\"><span class=\"fusion-button-text awb-button__text awb-button__text--default\">T\u00c9L\u00c9CHARGER LE MOD\u00c8LE GRAPHIQUE<\/span><\/a><\/div><\/div><\/div><\/div><\/div>\n","protected":false},"excerpt":{"rendered":"<p>Marchandiseur implusif \u00e0 porte coulissante double Cold Space Merchandiser\u00ae pour les applications qui n\u00e9cessitent une visibilit\u00e9 par le dessus sans encombrement. Permet une pr\u00e9sentation des marchandises illumin\u00e9e par des DEL \u00e9tincelantes. Id\u00e9al pour l\u2019all\u00e9e des caisses, les extr\u00e9mit\u00e9s d\u2019all\u00e9e, les kiosques des aires de restauration et les stations de service des restaurants. Ce mod\u00e8le peut \u00eatre encastr\u00e9 \u00e0 l\u2019arri\u00e8re, au-dessus, au-dessous et sur les deux c\u00f4t\u00e9s.<\/p>\n","protected":false},"featured_media":21934,"comment_status":"open","ping_status":"closed","template":"","meta":{"_acf_changed":false},"product_brand":[],"product_cat":[110,111,109,106],"product_tag":[],"class_list":{"0":"post-22489","1":"product","2":"type-product","3":"status-publish","4":"has-post-thumbnail","6":"product_cat-impulse-double-sliding-door-2-fr","7":"product_cat-impulse-double-sliding-door-fr","8":"product_cat-reach-in-refrigerators","9":"product_cat-retail","11":"first","12":"instock","13":"shipping-taxable","14":"product-type-simple"},"acf":[],"yoast_head":"<!-- This site is optimized with the Yoast SEO plugin v27.3 - https:\/\/yoast.com\/product\/yoast-seo-wordpress\/ -->\n<title>ESM14SL54HC r\u00e9frig\u00e9rateur | HABCO<\/title>\n<meta name=\"description\" content=\"Le Impulse Cold Space Merchandiser\u2122 de HABCO avec double porte coulissante (ESM14SL54HC) offre un refroidissement efficace et une grande visibilit\u00e9.\" \/>\n<meta name=\"robots\" content=\"index, follow, max-snippet:-1, max-image-preview:large, max-video-preview:-1\" \/>\n<link rel=\"canonical\" href=\"https:\/\/habcomfg.com\/fr\/product\/esm14sl54hc\/\" \/>\n<meta property=\"og:locale\" content=\"fr_FR\" \/>\n<meta property=\"og:type\" content=\"article\" \/>\n<meta property=\"og:title\" content=\"ESM14SL54HC r\u00e9frig\u00e9rateur | HABCO\" \/>\n<meta property=\"og:description\" content=\"Le Impulse Cold Space Merchandiser\u2122 de HABCO avec double porte coulissante (ESM14SL54HC) offre un refroidissement efficace et une grande visibilit\u00e9.\" \/>\n<meta property=\"og:url\" content=\"https:\/\/habcomfg.com\/fr\/product\/esm14sl54hc\/\" \/>\n<meta property=\"og:site_name\" content=\"Habco Manufacturing\" \/>\n<meta property=\"article:modified_time\" content=\"2023-03-27T19:11:46+00:00\" \/>\n<meta property=\"og:image\" content=\"https:\/\/habcomfg.com\/wp-content\/uploads\/2022\/09\/ESM14SL54HC-corner.jpg\" \/>\n\t<meta property=\"og:image:width\" content=\"997\" \/>\n\t<meta property=\"og:image:height\" content=\"1500\" \/>\n\t<meta property=\"og:image:type\" content=\"image\/jpeg\" \/>\n<meta name=\"twitter:card\" content=\"summary_large_image\" \/>\n<meta name=\"twitter:label1\" content=\"Dur\u00e9e de lecture estim\u00e9e\" \/>\n\t<meta name=\"twitter:data1\" content=\"2 minutes\" \/>\n<script type=\"application\/ld+json\" class=\"yoast-schema-graph\">{\"@context\":\"https:\\\/\\\/schema.org\",\"@graph\":[{\"@type\":\"WebPage\",\"@id\":\"https:\\\/\\\/habcomfg.com\\\/fr\\\/product\\\/esm14sl54hc\\\/\",\"url\":\"https:\\\/\\\/habcomfg.com\\\/fr\\\/product\\\/esm14sl54hc\\\/\",\"name\":\"ESM14SL54HC r\u00e9frig\u00e9rateur | HABCO\",\"isPartOf\":{\"@id\":\"https:\\\/\\\/habcomfg.com\\\/fr\\\/#website\"},\"primaryImageOfPage\":{\"@id\":\"https:\\\/\\\/habcomfg.com\\\/fr\\\/product\\\/esm14sl54hc\\\/#primaryimage\"},\"image\":{\"@id\":\"https:\\\/\\\/habcomfg.com\\\/fr\\\/product\\\/esm14sl54hc\\\/#primaryimage\"},\"thumbnailUrl\":\"https:\\\/\\\/habcomfg.com\\\/wp-content\\\/uploads\\\/2022\\\/09\\\/ESM14SL54HC-corner.jpg\",\"datePublished\":\"2022-09-14T18:43:05+00:00\",\"dateModified\":\"2023-03-27T19:11:46+00:00\",\"description\":\"Le Impulse Cold Space Merchandiser\u2122 de HABCO avec double porte coulissante (ESM14SL54HC) offre un refroidissement efficace et une grande visibilit\u00e9.\",\"breadcrumb\":{\"@id\":\"https:\\\/\\\/habcomfg.com\\\/fr\\\/product\\\/esm14sl54hc\\\/#breadcrumb\"},\"inLanguage\":\"fr-FR\",\"potentialAction\":[{\"@type\":\"ReadAction\",\"target\":[\"https:\\\/\\\/habcomfg.com\\\/fr\\\/product\\\/esm14sl54hc\\\/\"]}]},{\"@type\":\"ImageObject\",\"inLanguage\":\"fr-FR\",\"@id\":\"https:\\\/\\\/habcomfg.com\\\/fr\\\/product\\\/esm14sl54hc\\\/#primaryimage\",\"url\":\"https:\\\/\\\/habcomfg.com\\\/wp-content\\\/uploads\\\/2022\\\/09\\\/ESM14SL54HC-corner.jpg\",\"contentUrl\":\"https:\\\/\\\/habcomfg.com\\\/wp-content\\\/uploads\\\/2022\\\/09\\\/ESM14SL54HC-corner.jpg\",\"width\":997,\"height\":1500,\"caption\":\"ESM14SL54HC corner\"},{\"@type\":\"BreadcrumbList\",\"@id\":\"https:\\\/\\\/habcomfg.com\\\/fr\\\/product\\\/esm14sl54hc\\\/#breadcrumb\",\"itemListElement\":[{\"@type\":\"ListItem\",\"position\":1,\"name\":\"Home\",\"item\":\"https:\\\/\\\/habcomfg.com\\\/fr\\\/\"},{\"@type\":\"ListItem\",\"position\":2,\"name\":\"Shop\",\"item\":\"https:\\\/\\\/habcomfg.com\\\/shop\\\/\"},{\"@type\":\"ListItem\",\"position\":3,\"name\":\"ESM14SL54HC\"}]},{\"@type\":\"WebSite\",\"@id\":\"https:\\\/\\\/habcomfg.com\\\/fr\\\/#website\",\"url\":\"https:\\\/\\\/habcomfg.com\\\/fr\\\/\",\"name\":\"Habco Manufacturing\",\"description\":\"Commercial Refrigerators &amp; Freezers\",\"potentialAction\":[{\"@type\":\"SearchAction\",\"target\":{\"@type\":\"EntryPoint\",\"urlTemplate\":\"https:\\\/\\\/habcomfg.com\\\/fr\\\/?s={search_term_string}\"},\"query-input\":{\"@type\":\"PropertyValueSpecification\",\"valueRequired\":true,\"valueName\":\"search_term_string\"}}],\"inLanguage\":\"fr-FR\"}]}<\/script>\n<!-- \/ Yoast SEO plugin. -->","yoast_head_json":{"title":"ESM14SL54HC r\u00e9frig\u00e9rateur | HABCO","description":"Le Impulse Cold Space Merchandiser\u2122 de HABCO avec double porte coulissante (ESM14SL54HC) offre un refroidissement efficace et une grande visibilit\u00e9.","robots":{"index":"index","follow":"follow","max-snippet":"max-snippet:-1","max-image-preview":"max-image-preview:large","max-video-preview":"max-video-preview:-1"},"canonical":"https:\/\/habcomfg.com\/fr\/product\/esm14sl54hc\/","og_locale":"fr_FR","og_type":"article","og_title":"ESM14SL54HC r\u00e9frig\u00e9rateur | HABCO","og_description":"Le Impulse Cold Space Merchandiser\u2122 de HABCO avec double porte coulissante (ESM14SL54HC) offre un refroidissement efficace et une grande visibilit\u00e9.","og_url":"https:\/\/habcomfg.com\/fr\/product\/esm14sl54hc\/","og_site_name":"Habco Manufacturing","article_modified_time":"2023-03-27T19:11:46+00:00","og_image":[{"width":997,"height":1500,"url":"https:\/\/habcomfg.com\/wp-content\/uploads\/2022\/09\/ESM14SL54HC-corner.jpg","type":"image\/jpeg"}],"twitter_card":"summary_large_image","twitter_misc":{"Dur\u00e9e de lecture estim\u00e9e":"2 minutes"},"schema":{"@context":"https:\/\/schema.org","@graph":[{"@type":"WebPage","@id":"https:\/\/habcomfg.com\/fr\/product\/esm14sl54hc\/","url":"https:\/\/habcomfg.com\/fr\/product\/esm14sl54hc\/","name":"ESM14SL54HC r\u00e9frig\u00e9rateur | HABCO","isPartOf":{"@id":"https:\/\/habcomfg.com\/fr\/#website"},"primaryImageOfPage":{"@id":"https:\/\/habcomfg.com\/fr\/product\/esm14sl54hc\/#primaryimage"},"image":{"@id":"https:\/\/habcomfg.com\/fr\/product\/esm14sl54hc\/#primaryimage"},"thumbnailUrl":"https:\/\/habcomfg.com\/wp-content\/uploads\/2022\/09\/ESM14SL54HC-corner.jpg","datePublished":"2022-09-14T18:43:05+00:00","dateModified":"2023-03-27T19:11:46+00:00","description":"Le Impulse Cold Space Merchandiser\u2122 de HABCO avec double porte coulissante (ESM14SL54HC) offre un refroidissement efficace et une grande visibilit\u00e9.","breadcrumb":{"@id":"https:\/\/habcomfg.com\/fr\/product\/esm14sl54hc\/#breadcrumb"},"inLanguage":"fr-FR","potentialAction":[{"@type":"ReadAction","target":["https:\/\/habcomfg.com\/fr\/product\/esm14sl54hc\/"]}]},{"@type":"ImageObject","inLanguage":"fr-FR","@id":"https:\/\/habcomfg.com\/fr\/product\/esm14sl54hc\/#primaryimage","url":"https:\/\/habcomfg.com\/wp-content\/uploads\/2022\/09\/ESM14SL54HC-corner.jpg","contentUrl":"https:\/\/habcomfg.com\/wp-content\/uploads\/2022\/09\/ESM14SL54HC-corner.jpg","width":997,"height":1500,"caption":"ESM14SL54HC corner"},{"@type":"BreadcrumbList","@id":"https:\/\/habcomfg.com\/fr\/product\/esm14sl54hc\/#breadcrumb","itemListElement":[{"@type":"ListItem","position":1,"name":"Home","item":"https:\/\/habcomfg.com\/fr\/"},{"@type":"ListItem","position":2,"name":"Shop","item":"https:\/\/habcomfg.com\/shop\/"},{"@type":"ListItem","position":3,"name":"ESM14SL54HC"}]},{"@type":"WebSite","@id":"https:\/\/habcomfg.com\/fr\/#website","url":"https:\/\/habcomfg.com\/fr\/","name":"Habco Manufacturing","description":"Commercial Refrigerators &amp; Freezers","potentialAction":[{"@type":"SearchAction","target":{"@type":"EntryPoint","urlTemplate":"https:\/\/habcomfg.com\/fr\/?s={search_term_string}"},"query-input":{"@type":"PropertyValueSpecification","valueRequired":true,"valueName":"search_term_string"}}],"inLanguage":"fr-FR"}]}},"_links":{"self":[{"href":"https:\/\/habcomfg.com\/fr\/wp-json\/wp\/v2\/product\/22489","targetHints":{"allow":["GET"]}}],"collection":[{"href":"https:\/\/habcomfg.com\/fr\/wp-json\/wp\/v2\/product"}],"about":[{"href":"https:\/\/habcomfg.com\/fr\/wp-json\/wp\/v2\/types\/product"}],"replies":[{"embeddable":true,"href":"https:\/\/habcomfg.com\/fr\/wp-json\/wp\/v2\/comments?post=22489"}],"wp:featuredmedia":[{"embeddable":true,"href":"https:\/\/habcomfg.com\/fr\/wp-json\/wp\/v2\/media\/21934"}],"wp:attachment":[{"href":"https:\/\/habcomfg.com\/fr\/wp-json\/wp\/v2\/media?parent=22489"}],"wp:term":[{"taxonomy":"product_brand","embeddable":true,"href":"https:\/\/habcomfg.com\/fr\/wp-json\/wp\/v2\/product_brand?post=22489"},{"taxonomy":"product_cat","embeddable":true,"href":"https:\/\/habcomfg.com\/fr\/wp-json\/wp\/v2\/product_cat?post=22489"},{"taxonomy":"product_tag","embeddable":true,"href":"https:\/\/habcomfg.com\/fr\/wp-json\/wp\/v2\/product_tag?post=22489"}],"curies":[{"name":"wp","href":"https:\/\/api.w.org\/{rel}","templated":true}]}}